{"id":23203,"date":"2026-02-04T00:34:36","date_gmt":"2026-02-03T21:34:36","guid":{"rendered":"https:\/\/a-pant.ee\/product\/lazernyj-dalnomer-makita-ld030p-30m\/"},"modified":"2026-02-22T12:48:30","modified_gmt":"2026-02-22T09:48:30","slug":"lazernyj-dalnomer-makita-ld030p-30-m","status":"publish","type":"product","link":"https:\/\/a-pant.ee\/ru\/product\/lazernyj-dalnomer-makita-ld030p-30-m\/","title":{"rendered":"\u041b\u0430\u0437\u0435\u0440\u043d\u044b\u0439 \u0434\u0430\u043b\u044c\u043d\u043e\u043c\u0435\u0440 Makita LD030P 30 \u043c"},"content":{"rendered":"\n<p> Makita Laserkaugusm\u00f5\u00f5dik LD030P 30m\u00a0, heas seisu- ja t\u00f6\u00f6korras! <\/p><p> T\u00fc\u00fcp <br \/> laser <br \/> M\u00f5\u00f5tevahemik (ilma reflektorita) <br \/> 30 m <br \/> Minimaalne m\u00f5\u00f5tmiskaugus <br \/> 20 cm <br \/> M\u00f5\u00f5tmise t\u00e4psus <br \/> 2 mm <br \/> L\u00e4htepunktide arv <br \/> 1 <br \/> Ehitatud -m\u00e4lu <br \/> Jah <br \/> Toiteallika t\u00fc\u00fcp <br \/> akud <br \/> Kaal <br \/> 90 g <br \/><br \/><\/p>\n","protected":false},"excerpt":{"rendered":"<p>Makita Laserkaugusm\u00f5\u00f5dik LD030P 30m\u00a0, heas seisu- ja t\u00f6\u00f6korras! T\u00fc\u00fcp laser M\u00f5\u00f5tevahemik (ilma reflektorita) 30 m Minimaalne m\u00f5\u00f5tmiskaugus 20 cm M\u00f5\u00f5tmise t\u00e4psus 2 mm L\u00e4htepunktide arv 1 Ehitatud -m\u00e4lu Jah Toiteallika t\u00fc\u00fcp akud Kaal 90 g<\/p>\n","protected":false},"featured_media":23204,"comment_status":"closed","ping_status":"open","template":"","meta":{"inline_featured_image":false},"product_brand":[],"product_cat":[234],"product_tag":[],"class_list":{"0":"post-23203","1":"product","2":"type-product","3":"status-publish","4":"has-post-thumbnail","6":"product_cat-izmeritelnye-pribory","7":"pa_asukoht-mustamae","8":"pa_seisukord-ispolzovano","10":"first","11":"instock","12":"taxable","13":"shipping-taxable","14":"purchasable","15":"product-type-simple"},"_links":{"self":[{"href":"https:\/\/a-pant.ee\/ru\/wp-json\/wp\/v2\/product\/23203","targetHints":{"allow":["GET"]}}],"collection":[{"href":"https:\/\/a-pant.ee\/ru\/wp-json\/wp\/v2\/product"}],"about":[{"href":"https:\/\/a-pant.ee\/ru\/wp-json\/wp\/v2\/types\/product"}],"replies":[{"embeddable":true,"href":"https:\/\/a-pant.ee\/ru\/wp-json\/wp\/v2\/comments?post=23203"}],"wp:featuredmedia":[{"embeddable":true,"href":"https:\/\/a-pant.ee\/ru\/wp-json\/wp\/v2\/media\/23204"}],"wp:attachment":[{"href":"https:\/\/a-pant.ee\/ru\/wp-json\/wp\/v2\/media?parent=23203"}],"wp:term":[{"taxonomy":"product_brand","embeddable":true,"href":"https:\/\/a-pant.ee\/ru\/wp-json\/wp\/v2\/product_brand?post=23203"},{"taxonomy":"product_cat","embeddable":true,"href":"https:\/\/a-pant.ee\/ru\/wp-json\/wp\/v2\/product_cat?post=23203"},{"taxonomy":"product_tag","embeddable":true,"href":"https:\/\/a-pant.ee\/ru\/wp-json\/wp\/v2\/product_tag?post=23203"}],"curies":[{"name":"wp","href":"https:\/\/api.w.org\/{rel}","templated":true}]}}