{"id":23197,"date":"2026-02-04T00:34:36","date_gmt":"2026-02-03T21:34:36","guid":{"rendered":"https:\/\/a-pant.ee\/product\/besprovodnaya-kolonka-jbl-go2\/"},"modified":"2026-02-22T12:48:30","modified_gmt":"2026-02-22T09:48:30","slug":"besprovodnaya-kolonka-jbl-go2","status":"publish","type":"product","link":"https:\/\/a-pant.ee\/ru\/product\/besprovodnaya-kolonka-jbl-go2\/","title":{"rendered":"\u0411\u0435\u0441\u043f\u0440\u043e\u0432\u043e\u0434\u043d\u0430\u044f \u043a\u043e\u043b\u043e\u043d\u043a\u0430 JBL Go2"},"content":{"rendered":"\n<p> Juhtmevaba k\u00f5lar JBL Go2, heas seisu- ja t\u00f6\u00f6korras! <\/p><p> KIRJELDUS <\/p><p> Heli <br \/> mono <br \/> Kogu v\u00f5imsus 3 W <br \/> Toitumine <br \/> Autonoomne <br \/> Traadita \u00fchendus <br \/> Bluetooth <br \/> Sisend\u00fchendused Audio Mini Jack 3,5 mm <br \/> MicrousB laadimispistik <br \/> Avatunnid 5 tundi <br \/> Aku maht 730 mah <br \/> Kaal 0,184 kg <br \/> Ise\u00e4rasused <br \/> Ehitatud -sse mikrofon (funktsioon Hands Free) <\/p>\n","protected":false},"excerpt":{"rendered":"<p>Juhtmevaba k\u00f5lar JBL Go2, heas seisu- ja t\u00f6\u00f6korras! KIRJELDUS Heli mono Kogu v\u00f5imsus 3 W Toitumine Autonoomne Traadita \u00fchendus Bluetooth Sisend\u00fchendused Audio Mini Jack 3,5 mm MicrousB laadimispistik Avatunnid 5 tundi Aku maht 730 mah Kaal 0,184 kg Ise\u00e4rasused Ehitatud -sse mikrofon (funktsioon Hands Free)<\/p>\n","protected":false},"featured_media":23198,"comment_status":"closed","ping_status":"closed","template":"","meta":{"inline_featured_image":false},"product_brand":[],"product_cat":[167],"product_tag":[],"class_list":{"0":"post-23197","1":"product","2":"type-product","3":"status-publish","4":"has-post-thumbnail","6":"product_cat-kolonki","7":"pa_asukoht-mustamae","8":"pa_seisukord-ispolzovano","10":"first","11":"outofstock","12":"taxable","13":"shipping-taxable","14":"purchasable","15":"product-type-simple"},"_links":{"self":[{"href":"https:\/\/a-pant.ee\/ru\/wp-json\/wp\/v2\/product\/23197","targetHints":{"allow":["GET"]}}],"collection":[{"href":"https:\/\/a-pant.ee\/ru\/wp-json\/wp\/v2\/product"}],"about":[{"href":"https:\/\/a-pant.ee\/ru\/wp-json\/wp\/v2\/types\/product"}],"replies":[{"embeddable":true,"href":"https:\/\/a-pant.ee\/ru\/wp-json\/wp\/v2\/comments?post=23197"}],"wp:featuredmedia":[{"embeddable":true,"href":"https:\/\/a-pant.ee\/ru\/wp-json\/wp\/v2\/media\/23198"}],"wp:attachment":[{"href":"https:\/\/a-pant.ee\/ru\/wp-json\/wp\/v2\/media?parent=23197"}],"wp:term":[{"taxonomy":"product_brand","embeddable":true,"href":"https:\/\/a-pant.ee\/ru\/wp-json\/wp\/v2\/product_brand?post=23197"},{"taxonomy":"product_cat","embeddable":true,"href":"https:\/\/a-pant.ee\/ru\/wp-json\/wp\/v2\/product_cat?post=23197"},{"taxonomy":"product_tag","embeddable":true,"href":"https:\/\/a-pant.ee\/ru\/wp-json\/wp\/v2\/product_tag?post=23197"}],"curies":[{"name":"wp","href":"https:\/\/api.w.org\/{rel}","templated":true}]}}