{"id":23189,"date":"2026-02-04T00:34:36","date_gmt":"2026-02-03T21:34:36","guid":{"rendered":"https:\/\/a-pant.ee\/product\/udarnaya-drel-shurupovert-milwaukee-m18-cpd\/"},"modified":"2026-02-22T12:47:15","modified_gmt":"2026-02-22T09:47:15","slug":"udarnaya-drel-shurupovert-milwaukee-m18-cpd-zaryadka","status":"publish","type":"product","link":"https:\/\/a-pant.ee\/ru\/product\/udarnaya-drel-shurupovert-milwaukee-m18-cpd-zaryadka\/","title":{"rendered":"\u0423\u0434\u0430\u0440\u043d\u0430\u044f  \u0434\u0440\u0435\u043b\u044c-\u0448\u0443\u0440\u0443\u043f\u043e\u0432\u0435\u0440\u0442 Milwaukee M18 CPD + \u0437\u0430\u0440\u044f\u0434\u043a\u0430"},"content":{"rendered":"\n<p> L\u00f6\u00f6ktrell-kruvikeeraja Milwaukee M18 CPD + laadija\u00a0, heas seisu- ja t\u00f6\u00f6korras! <\/p><p> KIRJELDUS <\/p><p> Kiirus koormuseta 0-550\/0-1850 min-1 <\/p><p> Maksimaalne kiirus 1850 \/min <\/p><p> Maksimaalne j\u00f5umoment 80 Nm <\/p><p> Puuriotsaku maksimaalne l\u00e4bim\u00f5\u00f5t puidu puurimiseks 45 mm <\/p><p> Puuriotsaku maksimaalne l\u00e4bim\u00f5\u00f5t terase puurimiseks 13 mm <\/p><p> Maksimaalne puurimisl\u00e4bim\u00f5\u00f5t betooni puurimisel 15 mm <\/p><p> L\u00f6\u00f6gisagedus 31450 min-1 <\/p><p> K\u00e4ikude arv 2 k\u00e4iku <\/p>\n","protected":false},"excerpt":{"rendered":"<p>L\u00f6\u00f6ktrell-kruvikeeraja Milwaukee M18 CPD + laadija\u00a0, heas seisu- ja t\u00f6\u00f6korras! KIRJELDUS Kiirus koormuseta 0-550\/0-1850 min-1 Maksimaalne kiirus 1850 \/min Maksimaalne j\u00f5umoment 80 Nm Puuriotsaku maksimaalne l\u00e4bim\u00f5\u00f5t puidu puurimiseks 45 mm Puuriotsaku maksimaalne l\u00e4bim\u00f5\u00f5t terase puurimiseks 13 mm Maksimaalne puurimisl\u00e4bim\u00f5\u00f5t betooni puurimisel 15 mm L\u00f6\u00f6gisagedus 31450 min-1 K\u00e4ikude arv 2 k\u00e4iku<\/p>\n","protected":false},"featured_media":23190,"comment_status":"closed","ping_status":"open","template":"","meta":{"inline_featured_image":false},"product_brand":[],"product_cat":[221],"product_tag":[],"class_list":{"0":"post-23189","1":"product","2":"type-product","3":"status-publish","4":"has-post-thumbnail","6":"product_cat-akkumulyatornye-dreli","7":"pa_asukoht-lasnamae","8":"pa_seisukord-ispolzovano","10":"first","11":"instock","12":"taxable","13":"shipping-taxable","14":"purchasable","15":"product-type-simple"},"_links":{"self":[{"href":"https:\/\/a-pant.ee\/ru\/wp-json\/wp\/v2\/product\/23189","targetHints":{"allow":["GET"]}}],"collection":[{"href":"https:\/\/a-pant.ee\/ru\/wp-json\/wp\/v2\/product"}],"about":[{"href":"https:\/\/a-pant.ee\/ru\/wp-json\/wp\/v2\/types\/product"}],"replies":[{"embeddable":true,"href":"https:\/\/a-pant.ee\/ru\/wp-json\/wp\/v2\/comments?post=23189"}],"wp:featuredmedia":[{"embeddable":true,"href":"https:\/\/a-pant.ee\/ru\/wp-json\/wp\/v2\/media\/23190"}],"wp:attachment":[{"href":"https:\/\/a-pant.ee\/ru\/wp-json\/wp\/v2\/media?parent=23189"}],"wp:term":[{"taxonomy":"product_brand","embeddable":true,"href":"https:\/\/a-pant.ee\/ru\/wp-json\/wp\/v2\/product_brand?post=23189"},{"taxonomy":"product_cat","embeddable":true,"href":"https:\/\/a-pant.ee\/ru\/wp-json\/wp\/v2\/product_cat?post=23189"},{"taxonomy":"product_tag","embeddable":true,"href":"https:\/\/a-pant.ee\/ru\/wp-json\/wp\/v2\/product_tag?post=23189"}],"curies":[{"name":"wp","href":"https:\/\/api.w.org\/{rel}","templated":true}]}}