{"id":23183,"date":"2026-02-04T00:34:36","date_gmt":"2026-02-03T21:34:36","guid":{"rendered":"https:\/\/a-pant.ee\/product\/noutbuk-apple-macbook-pro-13-2016\/"},"modified":"2026-02-22T12:47:15","modified_gmt":"2026-02-22T09:47:15","slug":"noutbuk-apple-macbook-pro-13-2017-a1708-zaryadka","status":"publish","type":"product","link":"https:\/\/a-pant.ee\/ru\/product\/noutbuk-apple-macbook-pro-13-2017-a1708-zaryadka\/","title":{"rendered":"\u041d\u043e\u0443\u0442\u0431\u0443\u043a Apple Macbook Pro 13 2017 A1708 + \u0437\u0430\u0440\u044f\u0434\u043a\u0430"},"content":{"rendered":"\n<p> Sulearvuti Apple Macbook pro (13-inch 2016 four thunderbolt) + laaadija, heas seisu- ja t\u00f6\u00f6korras! <\/p><p><br \/> Operatsioonis\u00fcsteem: macOS Monterey 12.6 <br \/> K\u00f5vaketas: 500 GB SSD <br \/> Protsessor: 2,9 GHz Dual-Core Intel Core i5 <br \/> Ekraan: 13\u2033 Retina <br \/> M\u00e4lu: 8 GB <br \/> Aku: Cycle count 386 <\/p>\n","protected":false},"excerpt":{"rendered":"<p>Sulearvuti Apple Macbook pro (13-inch 2016 four thunderbolt) + laaadija, heas seisu- ja t\u00f6\u00f6korras! Operatsioonis\u00fcsteem: macOS Monterey 12.6 K\u00f5vaketas: 500 GB SSD Protsessor: 2,9 GHz Dual-Core Intel Core i5 Ekraan: 13\u2033 Retina M\u00e4lu: 8 GB Aku: Cycle count 386<\/p>\n","protected":false},"featured_media":23184,"comment_status":"closed","ping_status":"open","template":"","meta":{"inline_featured_image":false},"product_brand":[],"product_cat":[179],"product_tag":[],"class_list":{"0":"post-23183","1":"product","2":"type-product","3":"status-publish","4":"has-post-thumbnail","6":"product_cat-noutbuki","7":"pa_asukoht-lasnamae","8":"pa_seisukord-ispolzovano","10":"first","11":"instock","12":"taxable","13":"shipping-taxable","14":"purchasable","15":"product-type-simple"},"_links":{"self":[{"href":"https:\/\/a-pant.ee\/ru\/wp-json\/wp\/v2\/product\/23183","targetHints":{"allow":["GET"]}}],"collection":[{"href":"https:\/\/a-pant.ee\/ru\/wp-json\/wp\/v2\/product"}],"about":[{"href":"https:\/\/a-pant.ee\/ru\/wp-json\/wp\/v2\/types\/product"}],"replies":[{"embeddable":true,"href":"https:\/\/a-pant.ee\/ru\/wp-json\/wp\/v2\/comments?post=23183"}],"wp:featuredmedia":[{"embeddable":true,"href":"https:\/\/a-pant.ee\/ru\/wp-json\/wp\/v2\/media\/23184"}],"wp:attachment":[{"href":"https:\/\/a-pant.ee\/ru\/wp-json\/wp\/v2\/media?parent=23183"}],"wp:term":[{"taxonomy":"product_brand","embeddable":true,"href":"https:\/\/a-pant.ee\/ru\/wp-json\/wp\/v2\/product_brand?post=23183"},{"taxonomy":"product_cat","embeddable":true,"href":"https:\/\/a-pant.ee\/ru\/wp-json\/wp\/v2\/product_cat?post=23183"},{"taxonomy":"product_tag","embeddable":true,"href":"https:\/\/a-pant.ee\/ru\/wp-json\/wp\/v2\/product_tag?post=23183"}],"curies":[{"name":"wp","href":"https:\/\/api.w.org\/{rel}","templated":true}]}}