{"id":23177,"date":"2026-02-04T00:34:36","date_gmt":"2026-02-03T21:34:36","guid":{"rendered":"https:\/\/a-pant.ee\/product\/perforator-dewalt-d25304k\/"},"modified":"2026-02-22T12:47:15","modified_gmt":"2026-02-22T09:47:15","slug":"perforator-dewalt-d25304k","status":"publish","type":"product","link":"https:\/\/a-pant.ee\/ru\/product\/perforator-dewalt-d25304k\/","title":{"rendered":"\u041f\u0435\u0440\u0444\u043e\u0440\u0430\u0442\u043e\u0440 DeWALT D25304K"},"content":{"rendered":"\n<p> Puurvasar DeWALT D25304K, heas seisu- ja t\u00f6\u00f6korras! <\/p><p> KIRJELDUS <\/p><p> Maksimaalne l\u00f6\u00f6gij\u00f5ud <br \/> 3.1 J. <br \/> Padrunit\u00fc\u00fcp <br \/> SDS-pluss <br \/> Maksimaalne puurimisl\u00e4bim\u00f5\u00f5t (betooni) <br \/> 26 mm <br \/> Maksimaalne puurimisl\u00e4bim\u00f5\u00f5t krooniga (betooni) 65 mm <br \/> T\u00f6\u00f6re\u017eiimid <br \/> D m\u00f5ni puurimine <br \/> Funktsioonid <br \/> P\u00f6\u00f6rlemissageduse reguleerimine <br \/> Disainifunktsioonid <br \/> \u00dcllatav sidumine <br \/> \u0160okkide sagedus 4200 l\u00f6\u00f6ki\/min <\/p>\n","protected":false},"excerpt":{"rendered":"<p>Puurvasar DeWALT D25304K, heas seisu- ja t\u00f6\u00f6korras! KIRJELDUS Maksimaalne l\u00f6\u00f6gij\u00f5ud 3.1 J. Padrunit\u00fc\u00fcp SDS-pluss Maksimaalne puurimisl\u00e4bim\u00f5\u00f5t (betooni) 26 mm Maksimaalne puurimisl\u00e4bim\u00f5\u00f5t krooniga (betooni) 65 mm T\u00f6\u00f6re\u017eiimid D m\u00f5ni puurimine Funktsioonid P\u00f6\u00f6rlemissageduse reguleerimine Disainifunktsioonid \u00dcllatav sidumine \u0160okkide sagedus 4200 l\u00f6\u00f6ki\/min<\/p>\n","protected":false},"featured_media":23178,"comment_status":"closed","ping_status":"open","template":"","meta":{"inline_featured_image":false},"product_brand":[],"product_cat":[239],"product_tag":[],"class_list":{"0":"post-23177","1":"product","2":"type-product","3":"status-publish","4":"has-post-thumbnail","6":"product_cat-perforatory-i-dreli","7":"pa_asukoht-mustamae","8":"pa_seisukord-ispolzovano","10":"first","11":"instock","12":"taxable","13":"shipping-taxable","14":"purchasable","15":"product-type-simple"},"_links":{"self":[{"href":"https:\/\/a-pant.ee\/ru\/wp-json\/wp\/v2\/product\/23177","targetHints":{"allow":["GET"]}}],"collection":[{"href":"https:\/\/a-pant.ee\/ru\/wp-json\/wp\/v2\/product"}],"about":[{"href":"https:\/\/a-pant.ee\/ru\/wp-json\/wp\/v2\/types\/product"}],"replies":[{"embeddable":true,"href":"https:\/\/a-pant.ee\/ru\/wp-json\/wp\/v2\/comments?post=23177"}],"wp:featuredmedia":[{"embeddable":true,"href":"https:\/\/a-pant.ee\/ru\/wp-json\/wp\/v2\/media\/23178"}],"wp:attachment":[{"href":"https:\/\/a-pant.ee\/ru\/wp-json\/wp\/v2\/media?parent=23177"}],"wp:term":[{"taxonomy":"product_brand","embeddable":true,"href":"https:\/\/a-pant.ee\/ru\/wp-json\/wp\/v2\/product_brand?post=23177"},{"taxonomy":"product_cat","embeddable":true,"href":"https:\/\/a-pant.ee\/ru\/wp-json\/wp\/v2\/product_cat?post=23177"},{"taxonomy":"product_tag","embeddable":true,"href":"https:\/\/a-pant.ee\/ru\/wp-json\/wp\/v2\/product_tag?post=23177"}],"curies":[{"name":"wp","href":"https:\/\/api.w.org\/{rel}","templated":true}]}}