{"id":23170,"date":"2026-02-04T00:34:36","date_gmt":"2026-02-03T21:34:36","guid":{"rendered":"https:\/\/a-pant.ee\/product\/gvozdzabivnoy-pistolet-dewalt-dcn680\/"},"modified":"2026-02-22T12:47:15","modified_gmt":"2026-02-22T09:47:15","slug":"gvozdezabivnoj-pistolet-dewalt-dcn680-aku-2-0ach-18v","status":"publish","type":"product","link":"https:\/\/a-pant.ee\/ru\/product\/gvozdezabivnoj-pistolet-dewalt-dcn680-aku-2-0ach-18v\/","title":{"rendered":"\u0413\u0432\u043e\u0437\u0434\u0435\u0437\u0430\u0431\u0438\u0432\u043d\u043e\u0439 \u041f\u0438\u0441\u0442\u043e\u043b\u0435\u0442 DeWalt DCN680 + \u0410\u043a\u0443 2.0\u0410\u0447 18\u0432"},"content":{"rendered":"\n<p> Naelap\u00fcstol DeWalt DCN680 + Aku 2.0Ah 18v, heas seisu- ja t\u00f6\u00f6korras! <\/p><p> KIRJELDUS <\/p><table cellspacing=\"0\" id=\"product-attribute-specs-table\"><tbody><tr><td> Tootja <\/td><td> DeWalt <\/td><\/tr><tr><td> Naileri t\u00fc\u00fcp <\/td><td> Naelap\u00fcstol puitmaterjalidele <\/td><\/tr><tr><td> Kaal <\/td><td> 2.6 kg <\/td><\/tr><tr><td> Kogukaal koos pakendiga <\/td><td> 3.1 kg <\/td><\/tr><tr><td> T\u00f6\u00f6riista m\u00f5\u00f5tmed <\/td><td> 302 x 96 x 264 mm <\/td><\/tr><tr><td> Professionaalidele \/ Asjaarmastajatele <\/td><td> Professionaalidele <\/td><\/tr><tr><td> Mootori t\u00fc\u00fcp <\/td><td> Akutoitega <\/td><\/tr><tr><td> Kas komplekt sisaldab akut <\/td><td> Jah <\/td><\/tr><tr><td> Akukeemia <\/td><td> Li-Ion (Liitiumioonaku) <\/td><\/tr><tr><td> Aku pinge <\/td><td> 18 V <\/td><\/tr><tr><td> Naela t\u00fc\u00fcp <\/td><td> 18 Ga <\/td><\/tr><tr><td> Naela diameeter <\/td><td> 1,25 mm <\/td><\/tr><tr><td> Naela pikkus <\/td><td> 15-54 mm <\/td><\/tr><tr><td> Maksimum kogus ribal <\/td><td> 110 <\/td><\/tr><tr><td> Naelte kaldenurk klambris <\/td><td> 0\u00b0 <\/td><\/tr><tr><td> Kaitstud \u00fclekoormuse eest <\/td><td> Jah <\/td><\/tr><tr><td> Sisseehitatud v\u00f6\u00f6haak <\/td><td> Jah <\/td><\/tr><tr><td> Kaasas laadija <\/td><td> Ei <\/td><\/tr><\/tbody><\/table>\n","protected":false},"excerpt":{"rendered":"<p>Naelap\u00fcstol DeWalt DCN680 + Aku 2.0Ah 18v, heas seisu- ja t\u00f6\u00f6korras! KIRJELDUS Tootja DeWalt Naileri t\u00fc\u00fcp Naelap\u00fcstol puitmaterjalidele Kaal 2.6 kg Kogukaal koos pakendiga 3.1 kg T\u00f6\u00f6riista m\u00f5\u00f5tmed 302 x 96 x 264 mm Professionaalidele \/ Asjaarmastajatele Professionaalidele Mootori t\u00fc\u00fcp Akutoitega Kas komplekt sisaldab akut Jah Akukeemia Li-Ion (Liitiumioonaku) Aku pinge 18 V Naela t\u00fc\u00fcp [&hellip;]<\/p>\n","protected":false},"featured_media":23171,"comment_status":"closed","ping_status":"open","template":"","meta":{"inline_featured_image":false},"product_brand":[],"product_cat":[247],"product_tag":[],"class_list":{"0":"post-23170","1":"product","2":"type-product","3":"status-publish","4":"has-post-thumbnail","6":"product_cat-universalnye-instrumenty","7":"pa_asukoht-lasnamae","8":"pa_seisukord-ispolzovano","10":"first","11":"instock","12":"taxable","13":"shipping-taxable","14":"purchasable","15":"product-type-simple"},"_links":{"self":[{"href":"https:\/\/a-pant.ee\/ru\/wp-json\/wp\/v2\/product\/23170","targetHints":{"allow":["GET"]}}],"collection":[{"href":"https:\/\/a-pant.ee\/ru\/wp-json\/wp\/v2\/product"}],"about":[{"href":"https:\/\/a-pant.ee\/ru\/wp-json\/wp\/v2\/types\/product"}],"replies":[{"embeddable":true,"href":"https:\/\/a-pant.ee\/ru\/wp-json\/wp\/v2\/comments?post=23170"}],"wp:featuredmedia":[{"embeddable":true,"href":"https:\/\/a-pant.ee\/ru\/wp-json\/wp\/v2\/media\/23171"}],"wp:attachment":[{"href":"https:\/\/a-pant.ee\/ru\/wp-json\/wp\/v2\/media?parent=23170"}],"wp:term":[{"taxonomy":"product_brand","embeddable":true,"href":"https:\/\/a-pant.ee\/ru\/wp-json\/wp\/v2\/product_brand?post=23170"},{"taxonomy":"product_cat","embeddable":true,"href":"https:\/\/a-pant.ee\/ru\/wp-json\/wp\/v2\/product_cat?post=23170"},{"taxonomy":"product_tag","embeddable":true,"href":"https:\/\/a-pant.ee\/ru\/wp-json\/wp\/v2\/product_tag?post=23170"}],"curies":[{"name":"wp","href":"https:\/\/api.w.org\/{rel}","templated":true}]}}