{"id":23164,"date":"2026-02-04T00:34:36","date_gmt":"2026-02-03T21:34:36","guid":{"rendered":"https:\/\/a-pant.ee\/product\/besprovodnye-naushniki-apple-airpods-3\/"},"modified":"2026-02-22T12:47:15","modified_gmt":"2026-02-22T09:47:15","slug":"naushniki-apple-airpods-3","status":"publish","type":"product","link":"https:\/\/a-pant.ee\/ru\/product\/naushniki-apple-airpods-3\/","title":{"rendered":"\u041d\u0430\u0443\u0448\u043d\u0438\u043a\u0438 Apple Airpods 3"},"content":{"rendered":"\n<p> K\u00f5rvaklappid Apple AirPods 3 + \u0441ase\u00a0, heas seisu- ja t\u00f6\u00f6korras! <\/p><p><br \/> Disain <br \/> k\u00f5rvaklapid (avatud) <br \/> Bluetooth 5.0 \u00fchenduvus <br \/> Korpuse laadimise t\u00fc\u00fcp juhtmevaba laadimine, MagSafe <br \/> Kaitseaste IPX4 <br \/> Mikrofonide arv 4 <br \/> Emitterite t\u00fc\u00fcp d\u00fcnaamiline <br \/> T\u00f6\u00f6aeg 6 tundi <br \/> Aku eluiga 30 tundi <br \/> Kaal 8,56 g <\/p>\n","protected":false},"excerpt":{"rendered":"<p>K\u00f5rvaklappid Apple AirPods 3 + \u0441ase\u00a0, heas seisu- ja t\u00f6\u00f6korras! Disain k\u00f5rvaklapid (avatud) Bluetooth 5.0 \u00fchenduvus Korpuse laadimise t\u00fc\u00fcp juhtmevaba laadimine, MagSafe Kaitseaste IPX4 Mikrofonide arv 4 Emitterite t\u00fc\u00fcp d\u00fcnaamiline T\u00f6\u00f6aeg 6 tundi Aku eluiga 30 tundi Kaal 8,56 g<\/p>\n","protected":false},"featured_media":23165,"comment_status":"closed","ping_status":"closed","template":"","meta":{"inline_featured_image":false},"product_brand":[],"product_cat":[168],"product_tag":[],"class_list":{"0":"post-23164","1":"product","2":"type-product","3":"status-publish","4":"has-post-thumbnail","6":"product_cat-naushniki","7":"pa_asukoht-mustamae","8":"pa_seisukord-ispolzovano","10":"first","11":"outofstock","12":"taxable","13":"shipping-taxable","14":"purchasable","15":"product-type-simple"},"_links":{"self":[{"href":"https:\/\/a-pant.ee\/ru\/wp-json\/wp\/v2\/product\/23164","targetHints":{"allow":["GET"]}}],"collection":[{"href":"https:\/\/a-pant.ee\/ru\/wp-json\/wp\/v2\/product"}],"about":[{"href":"https:\/\/a-pant.ee\/ru\/wp-json\/wp\/v2\/types\/product"}],"replies":[{"embeddable":true,"href":"https:\/\/a-pant.ee\/ru\/wp-json\/wp\/v2\/comments?post=23164"}],"wp:featuredmedia":[{"embeddable":true,"href":"https:\/\/a-pant.ee\/ru\/wp-json\/wp\/v2\/media\/23165"}],"wp:attachment":[{"href":"https:\/\/a-pant.ee\/ru\/wp-json\/wp\/v2\/media?parent=23164"}],"wp:term":[{"taxonomy":"product_brand","embeddable":true,"href":"https:\/\/a-pant.ee\/ru\/wp-json\/wp\/v2\/product_brand?post=23164"},{"taxonomy":"product_cat","embeddable":true,"href":"https:\/\/a-pant.ee\/ru\/wp-json\/wp\/v2\/product_cat?post=23164"},{"taxonomy":"product_tag","embeddable":true,"href":"https:\/\/a-pant.ee\/ru\/wp-json\/wp\/v2\/product_tag?post=23164"}],"curies":[{"name":"wp","href":"https:\/\/api.w.org\/{rel}","templated":true}]}}