{"id":23153,"date":"2026-02-04T00:34:36","date_gmt":"2026-02-03T21:34:36","guid":{"rendered":"https:\/\/a-pant.ee\/product\/lazernyj-nivelir-lasermark-lm80-shtativ-linijka\/"},"modified":"2026-02-22T12:47:14","modified_gmt":"2026-02-22T09:47:14","slug":"lazernyj-nivelir-lasermark-lm80-shtativ-linejka","status":"publish","type":"product","link":"https:\/\/a-pant.ee\/ru\/product\/lazernyj-nivelir-lasermark-lm80-shtativ-linejka\/","title":{"rendered":"\u041b\u0430\u0437\u0435\u0440\u043d\u044b\u0439 \u043d\u0438\u0432\u0435\u043b\u0438\u0440  Lasermark LM80 + \u0448\u0442\u0430\u0442\u0438\u0432 + \u043b\u0438\u043d\u0435\u0439\u043a\u0430"},"content":{"rendered":"\n<p> Rotary Laser Lasermark LM800 + statiiv + valitseja\u00a0, heas seisu- ja t\u00f6\u00f6korras! <\/p><p> KIRJELDUS <\/p><p> Maksimaalne l\u00f6\u00f6gij\u00f5ud <br \/> 1,9 J <br \/> Kasseti t\u00fc\u00fcp <br \/> SDS Plus <br \/> Maksimaalne puurimise l\u00e4bim\u00f5\u00f5t (betoon) <br \/> 20 mm <br \/> Aku pinge <br \/> 18 V <br \/> T\u00f6\u00f6re\u017eiimid <br \/> puurimine, meiseldamine, meiseldamine <br \/> Funktsioonid <br \/> tagurdamine, mootoripidur, kiiruse kontroll <br \/> Disaini omadused <br \/> spindli lukk, toitenupu lukk, turvasidur <br \/> Aku s\u00fcsteem <br \/> Makita 18V LXT <br \/> L\u00f6\u00f6gisagedus 4000 l\u00f6\u00f6ki \/ min <br \/> Kaal <br \/> 3,5 kg <\/p>\n","protected":false},"excerpt":{"rendered":"<p>Rotary Laser Lasermark LM800 + statiiv + valitseja\u00a0, heas seisu- ja t\u00f6\u00f6korras! KIRJELDUS Maksimaalne l\u00f6\u00f6gij\u00f5ud 1,9 J Kasseti t\u00fc\u00fcp SDS Plus Maksimaalne puurimise l\u00e4bim\u00f5\u00f5t (betoon) 20 mm Aku pinge 18 V T\u00f6\u00f6re\u017eiimid puurimine, meiseldamine, meiseldamine Funktsioonid tagurdamine, mootoripidur, kiiruse kontroll Disaini omadused spindli lukk, toitenupu lukk, turvasidur Aku s\u00fcsteem Makita 18V LXT L\u00f6\u00f6gisagedus 4000 l\u00f6\u00f6ki [&hellip;]<\/p>\n","protected":false},"featured_media":23154,"comment_status":"closed","ping_status":"open","template":"","meta":{"inline_featured_image":false},"product_brand":[],"product_cat":[232],"product_tag":[],"class_list":{"0":"post-23153","1":"product","2":"type-product","3":"status-publish","4":"has-post-thumbnail","6":"product_cat-lazernye-niveliry","7":"pa_asukoht-lasnamae","8":"pa_seisukord-ispolzovano","10":"first","11":"instock","12":"taxable","13":"shipping-taxable","14":"purchasable","15":"product-type-simple"},"_links":{"self":[{"href":"https:\/\/a-pant.ee\/ru\/wp-json\/wp\/v2\/product\/23153","targetHints":{"allow":["GET"]}}],"collection":[{"href":"https:\/\/a-pant.ee\/ru\/wp-json\/wp\/v2\/product"}],"about":[{"href":"https:\/\/a-pant.ee\/ru\/wp-json\/wp\/v2\/types\/product"}],"replies":[{"embeddable":true,"href":"https:\/\/a-pant.ee\/ru\/wp-json\/wp\/v2\/comments?post=23153"}],"wp:featuredmedia":[{"embeddable":true,"href":"https:\/\/a-pant.ee\/ru\/wp-json\/wp\/v2\/media\/23154"}],"wp:attachment":[{"href":"https:\/\/a-pant.ee\/ru\/wp-json\/wp\/v2\/media?parent=23153"}],"wp:term":[{"taxonomy":"product_brand","embeddable":true,"href":"https:\/\/a-pant.ee\/ru\/wp-json\/wp\/v2\/product_brand?post=23153"},{"taxonomy":"product_cat","embeddable":true,"href":"https:\/\/a-pant.ee\/ru\/wp-json\/wp\/v2\/product_cat?post=23153"},{"taxonomy":"product_tag","embeddable":true,"href":"https:\/\/a-pant.ee\/ru\/wp-json\/wp\/v2\/product_tag?post=23153"}],"curies":[{"name":"wp","href":"https:\/\/api.w.org\/{rel}","templated":true}]}}