{"id":23146,"date":"2026-02-04T00:34:36","date_gmt":"2026-02-03T21:34:36","guid":{"rendered":"https:\/\/a-pant.ee\/product\/akkumulyatornaya-drel-shurupovert-makita-ddf482\/"},"modified":"2026-02-22T12:47:14","modified_gmt":"2026-02-22T09:47:14","slug":"akkumulyatornaya-drel-shurupovert-makita-ddf482-3ach","status":"publish","type":"product","link":"https:\/\/a-pant.ee\/ru\/product\/akkumulyatornaya-drel-shurupovert-makita-ddf482-3ach\/","title":{"rendered":"\u0410\u043a\u043a\u0443\u043c\u0443\u043b\u044f\u0442\u043e\u0440\u043d\u0430\u044f \u0434\u0440\u0435\u043b\u044c-\u0448\u0443\u0440\u0443\u043f\u043e\u0432\u0435\u0440\u0442 Makita DDF482 + 3\u0430\u0447"},"content":{"rendered":"\n<p> Akutrell Makita DDF482 + 3ah\u00a0, heas seisu- ja t\u00f6\u00f6korras! <\/p><p><br \/> Aku pinge <br \/> 18 V <br \/> Maksimaalne p\u00f6\u00f6rdemoment <br \/> 62 Nm <br \/> Max puuri l\u00e4bim\u00f5\u00f5t (puit) <br \/> 38 mm <br \/> Max puuri l\u00e4bim\u00f5\u00f5t (metall) <br \/> 13 mm <br \/> Kaal <br \/> 1,5 kg <br \/> Aku s\u00fcsteem <br \/> Makita 18V LXT <br \/> Disaini omadused <br \/> spindli lukk, toitenupu lukk, pro\u017eektori lamp <br \/> Padruni l\u00e4bim\u00f5\u00f5t 1,5 \u2013 13 mm <br \/> Funktsioonid tagurpidi, mootoripidur, kiiruse reguleerimine <br \/> Kasseti t\u00fc\u00fcp <br \/> kiirkinnitus <br \/> Max t\u00fchik\u00e4igul 1900 p\/min <\/p>\n","protected":false},"excerpt":{"rendered":"<p>Akutrell Makita DDF482 + 3ah\u00a0, heas seisu- ja t\u00f6\u00f6korras! Aku pinge 18 V Maksimaalne p\u00f6\u00f6rdemoment 62 Nm Max puuri l\u00e4bim\u00f5\u00f5t (puit) 38 mm Max puuri l\u00e4bim\u00f5\u00f5t (metall) 13 mm Kaal 1,5 kg Aku s\u00fcsteem Makita 18V LXT Disaini omadused spindli lukk, toitenupu lukk, pro\u017eektori lamp Padruni l\u00e4bim\u00f5\u00f5t 1,5 \u2013 13 mm Funktsioonid tagurpidi, mootoripidur, kiiruse [&hellip;]<\/p>\n","protected":false},"featured_media":23147,"comment_status":"closed","ping_status":"closed","template":"","meta":{"inline_featured_image":false},"product_brand":[],"product_cat":[221],"product_tag":[],"class_list":{"0":"post-23146","1":"product","2":"type-product","3":"status-publish","4":"has-post-thumbnail","6":"product_cat-akkumulyatornye-dreli","7":"pa_asukoht-mustamae","8":"pa_seisukord-ispolzovano","10":"first","11":"outofstock","12":"taxable","13":"shipping-taxable","14":"purchasable","15":"product-type-simple"},"_links":{"self":[{"href":"https:\/\/a-pant.ee\/ru\/wp-json\/wp\/v2\/product\/23146","targetHints":{"allow":["GET"]}}],"collection":[{"href":"https:\/\/a-pant.ee\/ru\/wp-json\/wp\/v2\/product"}],"about":[{"href":"https:\/\/a-pant.ee\/ru\/wp-json\/wp\/v2\/types\/product"}],"replies":[{"embeddable":true,"href":"https:\/\/a-pant.ee\/ru\/wp-json\/wp\/v2\/comments?post=23146"}],"wp:featuredmedia":[{"embeddable":true,"href":"https:\/\/a-pant.ee\/ru\/wp-json\/wp\/v2\/media\/23147"}],"wp:attachment":[{"href":"https:\/\/a-pant.ee\/ru\/wp-json\/wp\/v2\/media?parent=23146"}],"wp:term":[{"taxonomy":"product_brand","embeddable":true,"href":"https:\/\/a-pant.ee\/ru\/wp-json\/wp\/v2\/product_brand?post=23146"},{"taxonomy":"product_cat","embeddable":true,"href":"https:\/\/a-pant.ee\/ru\/wp-json\/wp\/v2\/product_cat?post=23146"},{"taxonomy":"product_tag","embeddable":true,"href":"https:\/\/a-pant.ee\/ru\/wp-json\/wp\/v2\/product_tag?post=23146"}],"curies":[{"name":"wp","href":"https:\/\/api.w.org\/{rel}","templated":true}]}}