{"id":23140,"date":"2026-02-04T00:34:36","date_gmt":"2026-02-03T21:34:36","guid":{"rendered":"https:\/\/a-pant.ee\/product\/samsung-galaxy-s21-ultra-5g\/"},"modified":"2026-02-22T12:47:14","modified_gmt":"2026-02-22T09:47:14","slug":"mobilnyj-telefon-samsung-galaxy-s21-ultra-5g-128gb-chehol","status":"publish","type":"product","link":"https:\/\/a-pant.ee\/ru\/product\/mobilnyj-telefon-samsung-galaxy-s21-ultra-5g-128gb-chehol\/","title":{"rendered":"\u041c\u043e\u0431\u0438\u043b\u044c\u043d\u044b\u0439 \u0442\u0435\u043b\u0435\u0444\u043e\u043d Samsung Galaxy S21 Ultra 5G 128Gb + \u0447\u0435\u0445\u043e\u043b"},"content":{"rendered":"\n<p> Mobiiltelefon Samsung Galaxy S21 Ultra 5G, heas seisu- ja t\u00f6\u00f6korras! <\/p><p> Tagak\u00fcljel korpusel on kriimustused <\/p><p> KIRJELDUS <\/p><p> Ekraan <br \/> 6,8 &#171;(3200&#215;1440) D\u00fcnaamiline AMOLED 2X 120 Hz <br \/> M\u00e4lu <br \/> Ehitatud 128 GB, operatsiooniline 12 GB <br \/> Foto <br \/> 4 kaamerat, peamine 108 MP <br \/> Aku 5000 mAh <br \/> Protsessor <br \/> Samsung Exynos 2100 <br \/> SIM -kaardid <br \/> Dual SIM (Nano-SIM + ESIM) <br \/> Operatsioonis\u00fcsteem <br \/> Android 11 <br \/> Traadita liidesed <br \/> NFC, Bluetooth, Wi-Fi <br \/> Suhtlusstandard <br \/> 4G LTE, 5G, 3G, 2G <br \/> Kaitseaste <br \/> Ip68 <br \/> Kaal 227 g <\/p>\n","protected":false},"excerpt":{"rendered":"<p>Mobiiltelefon Samsung Galaxy S21 Ultra 5G, heas seisu- ja t\u00f6\u00f6korras! Tagak\u00fcljel korpusel on kriimustused KIRJELDUS Ekraan 6,8 &#171;(3200&#215;1440) D\u00fcnaamiline AMOLED 2X 120 Hz M\u00e4lu Ehitatud 128 GB, operatsiooniline 12 GB Foto 4 kaamerat, peamine 108 MP Aku 5000 mAh Protsessor Samsung Exynos 2100 SIM -kaardid Dual SIM (Nano-SIM + ESIM) Operatsioonis\u00fcsteem Android 11 Traadita liidesed [&hellip;]<\/p>\n","protected":false},"featured_media":23141,"comment_status":"closed","ping_status":"open","template":"","meta":{"inline_featured_image":false},"product_brand":[],"product_cat":[171],"product_tag":[],"class_list":{"0":"post-23140","1":"product","2":"type-product","3":"status-publish","4":"has-post-thumbnail","6":"product_cat-mobilnye-telefony","7":"pa_asukoht-mustamae","8":"pa_seisukord-ispolzovano","10":"first","11":"instock","12":"taxable","13":"shipping-taxable","14":"purchasable","15":"product-type-simple"},"_links":{"self":[{"href":"https:\/\/a-pant.ee\/ru\/wp-json\/wp\/v2\/product\/23140","targetHints":{"allow":["GET"]}}],"collection":[{"href":"https:\/\/a-pant.ee\/ru\/wp-json\/wp\/v2\/product"}],"about":[{"href":"https:\/\/a-pant.ee\/ru\/wp-json\/wp\/v2\/types\/product"}],"replies":[{"embeddable":true,"href":"https:\/\/a-pant.ee\/ru\/wp-json\/wp\/v2\/comments?post=23140"}],"wp:featuredmedia":[{"embeddable":true,"href":"https:\/\/a-pant.ee\/ru\/wp-json\/wp\/v2\/media\/23141"}],"wp:attachment":[{"href":"https:\/\/a-pant.ee\/ru\/wp-json\/wp\/v2\/media?parent=23140"}],"wp:term":[{"taxonomy":"product_brand","embeddable":true,"href":"https:\/\/a-pant.ee\/ru\/wp-json\/wp\/v2\/product_brand?post=23140"},{"taxonomy":"product_cat","embeddable":true,"href":"https:\/\/a-pant.ee\/ru\/wp-json\/wp\/v2\/product_cat?post=23140"},{"taxonomy":"product_tag","embeddable":true,"href":"https:\/\/a-pant.ee\/ru\/wp-json\/wp\/v2\/product_tag?post=23140"}],"curies":[{"name":"wp","href":"https:\/\/api.w.org\/{rel}","templated":true}]}}