{"id":23134,"date":"2026-02-04T00:34:36","date_gmt":"2026-02-03T21:34:36","guid":{"rendered":"https:\/\/a-pant.ee\/product\/akkumulyatornyy-udarniy-shurupovert-makita-dtd153\/"},"modified":"2026-02-22T12:47:14","modified_gmt":"2026-02-22T09:47:14","slug":"akkumulyatornaya-drel-makita-dtd153-ak-30ach","status":"publish","type":"product","link":"https:\/\/a-pant.ee\/ru\/product\/akkumulyatornaya-drel-makita-dtd153-ak-30ach\/","title":{"rendered":"\u0410\u043a\u043a\u0443\u043c\u0443\u043b\u044f\u0442\u043e\u0440\u043d\u0430\u044f \u0434\u0440\u0435\u043b\u044c Makita DTD153 + a\u043a 3,0A\u0447"},"content":{"rendered":"\n<p> Akutrell Makita DTD153 + Aku 3,0 Ah, heas seisu- ja t\u00f6\u00f6korras! <\/p><p> KIRJELDUS <\/p><p> Aku pinge <br \/> 18. sajand <br \/> Maksimaalne p\u00f6\u00f6rdemoment <br \/> 170 n \u00b7 m <br \/> Kaal <br \/> 1,1 kg <br \/> Akus\u00fcsteem <br \/> Makita 18V LXT BL <br \/> Disainifunktsioonid <br \/> spindli fikseerimine, punktvalgustuslamp <br \/> P\u00f6\u00f6rdfunktsioonid, mootori pidur, \u00fclekoormuse kaitse, p\u00f6\u00f6rlemissageduse reguleerimine <br \/> Padrunit\u00fc\u00fcp <br \/> Natuke <br \/> Max. T\u00fchik\u00e4igu p\u00f6\u00f6rde arv 3400 p \/ min <\/p>\n","protected":false},"excerpt":{"rendered":"<p>Akutrell Makita DTD153 + Aku 3,0 Ah, heas seisu- ja t\u00f6\u00f6korras! KIRJELDUS Aku pinge 18. sajand Maksimaalne p\u00f6\u00f6rdemoment 170 n \u00b7 m Kaal 1,1 kg Akus\u00fcsteem Makita 18V LXT BL Disainifunktsioonid spindli fikseerimine, punktvalgustuslamp P\u00f6\u00f6rdfunktsioonid, mootori pidur, \u00fclekoormuse kaitse, p\u00f6\u00f6rlemissageduse reguleerimine Padrunit\u00fc\u00fcp Natuke Max. T\u00fchik\u00e4igu p\u00f6\u00f6rde arv 3400 p \/ min<\/p>\n","protected":false},"featured_media":23135,"comment_status":"closed","ping_status":"closed","template":"","meta":{"inline_featured_image":false},"product_brand":[],"product_cat":[221],"product_tag":[],"class_list":{"0":"post-23134","1":"product","2":"type-product","3":"status-publish","4":"has-post-thumbnail","6":"product_cat-akkumulyatornye-dreli","7":"pa_asukoht-mustamae","8":"pa_seisukord-ispolzovano","10":"first","11":"outofstock","12":"taxable","13":"shipping-taxable","14":"purchasable","15":"product-type-simple"},"_links":{"self":[{"href":"https:\/\/a-pant.ee\/ru\/wp-json\/wp\/v2\/product\/23134","targetHints":{"allow":["GET"]}}],"collection":[{"href":"https:\/\/a-pant.ee\/ru\/wp-json\/wp\/v2\/product"}],"about":[{"href":"https:\/\/a-pant.ee\/ru\/wp-json\/wp\/v2\/types\/product"}],"replies":[{"embeddable":true,"href":"https:\/\/a-pant.ee\/ru\/wp-json\/wp\/v2\/comments?post=23134"}],"wp:featuredmedia":[{"embeddable":true,"href":"https:\/\/a-pant.ee\/ru\/wp-json\/wp\/v2\/media\/23135"}],"wp:attachment":[{"href":"https:\/\/a-pant.ee\/ru\/wp-json\/wp\/v2\/media?parent=23134"}],"wp:term":[{"taxonomy":"product_brand","embeddable":true,"href":"https:\/\/a-pant.ee\/ru\/wp-json\/wp\/v2\/product_brand?post=23134"},{"taxonomy":"product_cat","embeddable":true,"href":"https:\/\/a-pant.ee\/ru\/wp-json\/wp\/v2\/product_cat?post=23134"},{"taxonomy":"product_tag","embeddable":true,"href":"https:\/\/a-pant.ee\/ru\/wp-json\/wp\/v2\/product_tag?post=23134"}],"curies":[{"name":"wp","href":"https:\/\/api.w.org\/{rel}","templated":true}]}}