{"id":23116,"date":"2026-02-04T00:34:36","date_gmt":"2026-02-03T21:34:36","guid":{"rendered":"https:\/\/a-pant.ee\/product\/akkumulyatornaya-drel-shurupovert-makita-bdf-440-rfe\/"},"modified":"2026-02-22T12:47:14","modified_gmt":"2026-02-22T09:47:14","slug":"akkumulyatornaya-drel-shurupovert-makita-bdf-440-rfe","status":"publish","type":"product","link":"https:\/\/a-pant.ee\/ru\/product\/akkumulyatornaya-drel-shurupovert-makita-bdf-440-rfe\/","title":{"rendered":"\u0410\u043a\u043a\u0443\u043c\u0443\u043b\u044f\u0442\u043e\u0440\u043d\u0430\u044f \u0434\u0440\u0435\u043b\u044c-\u0448\u0443\u0440\u0443\u043f\u043e\u0432\u0435\u0440\u0442 Makita BDF 440 RFE"},"content":{"rendered":"\n<p> Aku-trell Makita BDF 440 RFE\u00a0, heas seisu- ja t\u00f6\u00f6korras! <\/p><p><br \/> Aktiivne m\u00fcrasummutus (ANC) <br \/> s\u00f6\u00f6ma <br \/> Disain <br \/> intrakanaalne (suletud) <br \/> Bluetooth 5.3 \u00fchenduvus <br \/> V\u00e4lkkorpuse laadimise t\u00fc\u00fcp <br \/> Kaitseaste IPX4 <br \/> Mikrofonide arv 3 <br \/> Emitterite t\u00fc\u00fcp d\u00fcnaamiline <br \/> Juhtide arv 1 <br \/> T\u00f6\u00f6aeg ANC-ga 6 tundi <br \/> Aku eluiga 30 tundi <br \/> Kaal 50,8 g <br \/> Teiste riikide versioon <\/p>\n","protected":false},"excerpt":{"rendered":"<p>Aku-trell Makita BDF 440 RFE\u00a0, heas seisu- ja t\u00f6\u00f6korras! Aktiivne m\u00fcrasummutus (ANC) s\u00f6\u00f6ma Disain intrakanaalne (suletud) Bluetooth 5.3 \u00fchenduvus V\u00e4lkkorpuse laadimise t\u00fc\u00fcp Kaitseaste IPX4 Mikrofonide arv 3 Emitterite t\u00fc\u00fcp d\u00fcnaamiline Juhtide arv 1 T\u00f6\u00f6aeg ANC-ga 6 tundi Aku eluiga 30 tundi Kaal 50,8 g Teiste riikide versioon<\/p>\n","protected":false},"featured_media":23117,"comment_status":"closed","ping_status":"open","template":"","meta":{"inline_featured_image":false},"product_brand":[],"product_cat":[221],"product_tag":[],"class_list":{"0":"post-23116","1":"product","2":"type-product","3":"status-publish","4":"has-post-thumbnail","6":"product_cat-akkumulyatornye-dreli","7":"pa_asukoht-mustamae","8":"pa_seisukord-ispolzovano","10":"first","11":"instock","12":"taxable","13":"shipping-taxable","14":"purchasable","15":"product-type-simple"},"_links":{"self":[{"href":"https:\/\/a-pant.ee\/ru\/wp-json\/wp\/v2\/product\/23116","targetHints":{"allow":["GET"]}}],"collection":[{"href":"https:\/\/a-pant.ee\/ru\/wp-json\/wp\/v2\/product"}],"about":[{"href":"https:\/\/a-pant.ee\/ru\/wp-json\/wp\/v2\/types\/product"}],"replies":[{"embeddable":true,"href":"https:\/\/a-pant.ee\/ru\/wp-json\/wp\/v2\/comments?post=23116"}],"wp:featuredmedia":[{"embeddable":true,"href":"https:\/\/a-pant.ee\/ru\/wp-json\/wp\/v2\/media\/23117"}],"wp:attachment":[{"href":"https:\/\/a-pant.ee\/ru\/wp-json\/wp\/v2\/media?parent=23116"}],"wp:term":[{"taxonomy":"product_brand","embeddable":true,"href":"https:\/\/a-pant.ee\/ru\/wp-json\/wp\/v2\/product_brand?post=23116"},{"taxonomy":"product_cat","embeddable":true,"href":"https:\/\/a-pant.ee\/ru\/wp-json\/wp\/v2\/product_cat?post=23116"},{"taxonomy":"product_tag","embeddable":true,"href":"https:\/\/a-pant.ee\/ru\/wp-json\/wp\/v2\/product_tag?post=23116"}],"curies":[{"name":"wp","href":"https:\/\/api.w.org\/{rel}","templated":true}]}}