{"id":23104,"date":"2026-02-04T00:34:36","date_gmt":"2026-02-03T21:34:36","guid":{"rendered":"https:\/\/a-pant.ee\/product\/smart-chasy-fitbit-versa-fb505-zaryadka-2\/"},"modified":"2026-02-22T12:47:13","modified_gmt":"2026-02-22T09:47:13","slug":"smart-chasy-fitbit-versa-fb505-zaryadka-2","status":"publish","type":"product","link":"https:\/\/a-pant.ee\/ru\/product\/smart-chasy-fitbit-versa-fb505-zaryadka-2\/","title":{"rendered":"\u0421\u043c\u0430\u0440\u0442 \u0447\u0430\u0441\u044b Fitbit Versa FB505 + \u0417\u0430\u0440\u044f\u0434\u043a\u0430"},"content":{"rendered":"\n<p> Nutikell Fitbit Versa FB505 + Laadija, heas seisu- ja t\u00f6\u00f6korras! <\/p><p> KIRJELDUS <\/p><p> Ekraan <br \/> 1.34 &#187; <br \/> Kaitstud niiskuse kaitse <br \/> \u00dchilduvus <br \/> Windows Phone, Windows, iOS, Android, OS X <br \/> Seire <br \/> Pulsi, une j\u00e4lgimise, f\u00fc\u00fcsilise aktiivsuse j\u00e4lgimise, kiirendusm\u00f5\u00f5turi, kalorite j\u00e4lgimise pidev m\u00f5\u00f5tmine <\/p>\n","protected":false},"excerpt":{"rendered":"<p>Nutikell Fitbit Versa FB505 + Laadija, heas seisu- ja t\u00f6\u00f6korras! KIRJELDUS Ekraan 1.34 &#187; Kaitstud niiskuse kaitse \u00dchilduvus Windows Phone, Windows, iOS, Android, OS X Seire Pulsi, une j\u00e4lgimise, f\u00fc\u00fcsilise aktiivsuse j\u00e4lgimise, kiirendusm\u00f5\u00f5turi, kalorite j\u00e4lgimise pidev m\u00f5\u00f5tmine<\/p>\n","protected":false},"featured_media":23105,"comment_status":"closed","ping_status":"open","template":"","meta":{"inline_featured_image":false},"product_brand":[],"product_cat":[176],"product_tag":[],"class_list":{"0":"post-23104","1":"product","2":"type-product","3":"status-publish","4":"has-post-thumbnail","6":"product_cat-smart-chasy","7":"pa_asukoht-mustamae","8":"pa_seisukord-ispolzovano","10":"first","11":"instock","12":"taxable","13":"shipping-taxable","14":"purchasable","15":"product-type-simple"},"_links":{"self":[{"href":"https:\/\/a-pant.ee\/ru\/wp-json\/wp\/v2\/product\/23104","targetHints":{"allow":["GET"]}}],"collection":[{"href":"https:\/\/a-pant.ee\/ru\/wp-json\/wp\/v2\/product"}],"about":[{"href":"https:\/\/a-pant.ee\/ru\/wp-json\/wp\/v2\/types\/product"}],"replies":[{"embeddable":true,"href":"https:\/\/a-pant.ee\/ru\/wp-json\/wp\/v2\/comments?post=23104"}],"wp:featuredmedia":[{"embeddable":true,"href":"https:\/\/a-pant.ee\/ru\/wp-json\/wp\/v2\/media\/23105"}],"wp:attachment":[{"href":"https:\/\/a-pant.ee\/ru\/wp-json\/wp\/v2\/media?parent=23104"}],"wp:term":[{"taxonomy":"product_brand","embeddable":true,"href":"https:\/\/a-pant.ee\/ru\/wp-json\/wp\/v2\/product_brand?post=23104"},{"taxonomy":"product_cat","embeddable":true,"href":"https:\/\/a-pant.ee\/ru\/wp-json\/wp\/v2\/product_cat?post=23104"},{"taxonomy":"product_tag","embeddable":true,"href":"https:\/\/a-pant.ee\/ru\/wp-json\/wp\/v2\/product_tag?post=23104"}],"curies":[{"name":"wp","href":"https:\/\/api.w.org\/{rel}","templated":true}]}}