{"id":23092,"date":"2026-02-04T00:28:45","date_gmt":"2026-02-03T21:28:45","guid":{"rendered":"https:\/\/a-pant.ee\/product\/chasy-oniss-on627\/"},"modified":"2026-02-22T12:48:32","modified_gmt":"2026-02-22T09:48:32","slug":"chasy-oniss-on627","status":"publish","type":"product","link":"https:\/\/a-pant.ee\/ru\/product\/chasy-oniss-on627\/","title":{"rendered":"\u0427\u0430\u0441\u044b Oniss ON627"},"content":{"rendered":"\n<p> Kaekell Oniss ON627, heas seisu- ja t\u00f6\u00f6korras! <\/p><p><br \/> Aasta <br \/> Paul\/t\u00fc\u00fcp <br \/> Mees <br \/> Mehhanismi t\u00fc\u00fcp <br \/> Kvarts <br \/> Veekindlus <br \/> 30 m (99 jalg) <br \/> Juhtumi laius <br \/> 45 <br \/> Korpuse paksus <br \/> 12 <br \/> Raam <br \/> Keraamika <br \/> Klaas <br \/> Kombatav safiir <br \/> Valimi t\u00fc\u00fcp <br \/> Analoog <\/p>\n","protected":false},"excerpt":{"rendered":"<p>Kaekell Oniss ON627, heas seisu- ja t\u00f6\u00f6korras! Aasta Paul\/t\u00fc\u00fcp Mees Mehhanismi t\u00fc\u00fcp Kvarts Veekindlus 30 m (99 jalg) Juhtumi laius 45 Korpuse paksus 12 Raam Keraamika Klaas Kombatav safiir Valimi t\u00fc\u00fcp Analoog<\/p>\n","protected":false},"featured_media":23093,"comment_status":"closed","ping_status":"open","template":"","meta":{"inline_featured_image":false},"product_brand":[],"product_cat":[211],"product_tag":[],"class_list":{"0":"post-23092","1":"product","2":"type-product","3":"status-publish","4":"has-post-thumbnail","6":"product_cat-muzhskie-chasy","7":"pa_asukoht-mustamae","8":"pa_seisukord-ispolzovano","10":"first","11":"instock","12":"taxable","13":"shipping-taxable","14":"purchasable","15":"product-type-simple"},"_links":{"self":[{"href":"https:\/\/a-pant.ee\/ru\/wp-json\/wp\/v2\/product\/23092","targetHints":{"allow":["GET"]}}],"collection":[{"href":"https:\/\/a-pant.ee\/ru\/wp-json\/wp\/v2\/product"}],"about":[{"href":"https:\/\/a-pant.ee\/ru\/wp-json\/wp\/v2\/types\/product"}],"replies":[{"embeddable":true,"href":"https:\/\/a-pant.ee\/ru\/wp-json\/wp\/v2\/comments?post=23092"}],"wp:featuredmedia":[{"embeddable":true,"href":"https:\/\/a-pant.ee\/ru\/wp-json\/wp\/v2\/media\/23093"}],"wp:attachment":[{"href":"https:\/\/a-pant.ee\/ru\/wp-json\/wp\/v2\/media?parent=23092"}],"wp:term":[{"taxonomy":"product_brand","embeddable":true,"href":"https:\/\/a-pant.ee\/ru\/wp-json\/wp\/v2\/product_brand?post=23092"},{"taxonomy":"product_cat","embeddable":true,"href":"https:\/\/a-pant.ee\/ru\/wp-json\/wp\/v2\/product_cat?post=23092"},{"taxonomy":"product_tag","embeddable":true,"href":"https:\/\/a-pant.ee\/ru\/wp-json\/wp\/v2\/product_tag?post=23092"}],"curies":[{"name":"wp","href":"https:\/\/api.w.org\/{rel}","templated":true}]}}