{"id":23085,"date":"2026-02-04T00:28:45","date_gmt":"2026-02-03T21:28:45","guid":{"rendered":"https:\/\/a-pant.ee\/product\/akkumulyatornaya-pila-milwaukee-m12-chz\/"},"modified":"2026-02-22T12:48:32","modified_gmt":"2026-02-22T09:48:32","slug":"akkumulyatornaya-pila-milwaukee-m12-chz-zaryadka-2-aku","status":"publish","type":"product","link":"https:\/\/a-pant.ee\/ru\/product\/akkumulyatornaya-pila-milwaukee-m12-chz-zaryadka-2-aku\/","title":{"rendered":"\u0410\u043a\u043a\u0443\u043c\u0443\u043b\u044f\u0442\u043e\u0440\u043d\u0430\u044f \u043f\u0438\u043b\u0430  MILWAUKEE M12 CHZ + \u0437\u0430\u0440\u044f\u0434\u043a\u0430 + 2 \u0430\u043a\u0443"},"content":{"rendered":"\n<p> \u00a0Akuotssaag M12 CHZ MILWAUKEE + laadija + 2 aku\u00a0, heas seisu- ja t\u00f6\u00f6korras! <\/p><p> KIRJELDUS <\/p><p> Kaal, kg 1.6 <\/p><p> Helir\u00f5hutase, dB (A) 82.9 <\/p><p> Heliv\u00f5imsuse tase, dB (A) 93.9 <\/p><p> RPM, min-10 \u2013 3000 <\/p><p> Pinge, V12 <\/p><p> Aku maht, ah 4.0 <\/p><p> Aku t\u00fc\u00fcp Li-Ion <\/p><p> Komplekti kuuluvate akude arv 2 <\/p><p> Laadimisaeg, min 80 <\/p><p> Tera k\u00e4ik, mm 15.9 <\/p>\n","protected":false},"excerpt":{"rendered":"<p>\u00a0Akuotssaag M12 CHZ MILWAUKEE + laadija + 2 aku\u00a0, heas seisu- ja t\u00f6\u00f6korras! KIRJELDUS Kaal, kg 1.6 Helir\u00f5hutase, dB (A) 82.9 Heliv\u00f5imsuse tase, dB (A) 93.9 RPM, min-10 \u2013 3000 Pinge, V12 Aku maht, ah 4.0 Aku t\u00fc\u00fcp Li-Ion Komplekti kuuluvate akude arv 2 Laadimisaeg, min 80 Tera k\u00e4ik, mm 15.9<\/p>\n","protected":false},"featured_media":23086,"comment_status":"closed","ping_status":"open","template":"","meta":{"inline_featured_image":false},"product_brand":[],"product_cat":[247],"product_tag":[],"class_list":{"0":"post-23085","1":"product","2":"type-product","3":"status-publish","4":"has-post-thumbnail","6":"product_cat-universalnye-instrumenty","7":"pa_asukoht-lasnamae","8":"pa_seisukord-ispolzovano","10":"first","11":"instock","12":"taxable","13":"shipping-taxable","14":"purchasable","15":"product-type-simple"},"_links":{"self":[{"href":"https:\/\/a-pant.ee\/ru\/wp-json\/wp\/v2\/product\/23085","targetHints":{"allow":["GET"]}}],"collection":[{"href":"https:\/\/a-pant.ee\/ru\/wp-json\/wp\/v2\/product"}],"about":[{"href":"https:\/\/a-pant.ee\/ru\/wp-json\/wp\/v2\/types\/product"}],"replies":[{"embeddable":true,"href":"https:\/\/a-pant.ee\/ru\/wp-json\/wp\/v2\/comments?post=23085"}],"wp:featuredmedia":[{"embeddable":true,"href":"https:\/\/a-pant.ee\/ru\/wp-json\/wp\/v2\/media\/23086"}],"wp:attachment":[{"href":"https:\/\/a-pant.ee\/ru\/wp-json\/wp\/v2\/media?parent=23085"}],"wp:term":[{"taxonomy":"product_brand","embeddable":true,"href":"https:\/\/a-pant.ee\/ru\/wp-json\/wp\/v2\/product_brand?post=23085"},{"taxonomy":"product_cat","embeddable":true,"href":"https:\/\/a-pant.ee\/ru\/wp-json\/wp\/v2\/product_cat?post=23085"},{"taxonomy":"product_tag","embeddable":true,"href":"https:\/\/a-pant.ee\/ru\/wp-json\/wp\/v2\/product_tag?post=23085"}],"curies":[{"name":"wp","href":"https:\/\/api.w.org\/{rel}","templated":true}]}}