{"id":23079,"date":"2026-02-04T00:28:45","date_gmt":"2026-02-03T21:28:45","guid":{"rendered":"https:\/\/a-pant.ee\/product\/apple-watch-series-5-40mm\/"},"modified":"2026-02-22T12:48:32","modified_gmt":"2026-02-22T09:48:32","slug":"umnye-chasy-apple-watch-series-5-40mm-zaryadka-remeshok","status":"publish","type":"product","link":"https:\/\/a-pant.ee\/ru\/product\/umnye-chasy-apple-watch-series-5-40mm-zaryadka-remeshok\/","title":{"rendered":"\u0423\u043c\u043d\u044b\u0435 \u0447\u0430\u0441\u044b Apple Watch Series 5 40mm + \u0417\u0430\u0440\u044f\u0434\u043a\u0430 + \u0420\u0435\u043c\u0435\u0448\u043e\u043a"},"content":{"rendered":"\n<p> Nutikell Apple Watch Series 5 40mm + Laadija + Karp + Rihm, heas seisu- ja t\u00f6\u00f6korras! <\/p><p> KIRJELDUS <\/p><p> GPS\/GLONASS <br \/> Kompass <br \/> Baromeetriline k\u00f5rgus <br \/> Kaitse vee eest <br \/> 50 m1 s\u00fcgavusel <br \/> S\u00fcdame aktiivsuse elektriandur <br \/> S\u00fcdame optiline andur <br \/> H\u00e4daabik\u00f5ne &#8212; SOS3 <br \/> Kiirendusm\u00f5\u00f5tur <br \/> saab m\u00f5\u00f5ta \u00fclekoormust kuni 32 g ja suudab tuvastada kukkumise <br \/> G\u00fcroskoop <br \/> V\u00e4lise valgustuse andur <br \/> D\u00fcnaamiline <br \/> Mikrofon <br \/> Apple&#8217;i palk <br \/> Gymkit <br \/> Maht 32 GB <br \/> Keraamikast ja safiiriklaasist valmistatud tagumine paneel <br \/> V\u00e4ljapanek <br \/> Juhtum on 44 mm <br \/> 368 \u00d7 448 pikslit <br \/> Kuvapind 977 mm2 <br \/> Suurenes enam kui 30% v\u00f5rreldes 3. seeriaga <br \/> Juhtum on 40 mm <br \/> 324 \u00d7 394 pikslit <br \/> Ekraanipind 759 mm2 <br \/> Suurenes enam kui 30% v\u00f5rreldes 3. seeriaga <br \/> Kaasas alati OLED LTPO ekraan v\u00f5rkkestaga ja Force Touch Technologies <br \/> Heledus 1000 kd\/m2 <br \/> Protsessor <br \/> S5 SIP -s\u00fcsteem kahekordse 64 -BIT -protsessoriga <br \/> W3 <br \/> \u00d5unakiip traadita suhtlemiseks <\/p>\n","protected":false},"excerpt":{"rendered":"<p>Nutikell Apple Watch Series 5 40mm + Laadija + Karp + Rihm, heas seisu- ja t\u00f6\u00f6korras! KIRJELDUS GPS\/GLONASS Kompass Baromeetriline k\u00f5rgus Kaitse vee eest 50 m1 s\u00fcgavusel S\u00fcdame aktiivsuse elektriandur S\u00fcdame optiline andur H\u00e4daabik\u00f5ne &#8212; SOS3 Kiirendusm\u00f5\u00f5tur saab m\u00f5\u00f5ta \u00fclekoormust kuni 32 g ja suudab tuvastada kukkumise G\u00fcroskoop V\u00e4lise valgustuse andur D\u00fcnaamiline Mikrofon Apple&#8217;i palk [&hellip;]<\/p>\n","protected":false},"featured_media":23080,"comment_status":"closed","ping_status":"closed","template":"","meta":{"inline_featured_image":false},"product_brand":[],"product_cat":[176],"product_tag":[],"class_list":{"0":"post-23079","1":"product","2":"type-product","3":"status-publish","4":"has-post-thumbnail","6":"product_cat-smart-chasy","7":"pa_asukoht-mustamae","8":"pa_seisukord-ispolzovano","10":"first","11":"outofstock","12":"taxable","13":"shipping-taxable","14":"purchasable","15":"product-type-simple"},"_links":{"self":[{"href":"https:\/\/a-pant.ee\/ru\/wp-json\/wp\/v2\/product\/23079","targetHints":{"allow":["GET"]}}],"collection":[{"href":"https:\/\/a-pant.ee\/ru\/wp-json\/wp\/v2\/product"}],"about":[{"href":"https:\/\/a-pant.ee\/ru\/wp-json\/wp\/v2\/types\/product"}],"replies":[{"embeddable":true,"href":"https:\/\/a-pant.ee\/ru\/wp-json\/wp\/v2\/comments?post=23079"}],"wp:featuredmedia":[{"embeddable":true,"href":"https:\/\/a-pant.ee\/ru\/wp-json\/wp\/v2\/media\/23080"}],"wp:attachment":[{"href":"https:\/\/a-pant.ee\/ru\/wp-json\/wp\/v2\/media?parent=23079"}],"wp:term":[{"taxonomy":"product_brand","embeddable":true,"href":"https:\/\/a-pant.ee\/ru\/wp-json\/wp\/v2\/product_brand?post=23079"},{"taxonomy":"product_cat","embeddable":true,"href":"https:\/\/a-pant.ee\/ru\/wp-json\/wp\/v2\/product_cat?post=23079"},{"taxonomy":"product_tag","embeddable":true,"href":"https:\/\/a-pant.ee\/ru\/wp-json\/wp\/v2\/product_tag?post=23079"}],"curies":[{"name":"wp","href":"https:\/\/api.w.org\/{rel}","templated":true}]}}