{"id":23073,"date":"2026-02-04T00:28:45","date_gmt":"2026-02-03T21:28:45","guid":{"rendered":"https:\/\/a-pant.ee\/product\/besprovodnaya-kolonka-flip-5\/"},"modified":"2026-02-22T12:48:32","modified_gmt":"2026-02-22T09:48:32","slug":"besprovodnaya-kolonka-flip-5","status":"publish","type":"product","link":"https:\/\/a-pant.ee\/ru\/product\/besprovodnaya-kolonka-flip-5\/","title":{"rendered":"\u0411\u0435\u0441\u043f\u0440\u043e\u0432\u043e\u0434\u043d\u0430\u044f \u043a\u043e\u043b\u043e\u043d\u043a\u0430 Flip 5"},"content":{"rendered":"\n<p> Kaasaskantav k\u00f5lar JBL Flip 5, heas seisu- ja t\u00f6\u00f6korras! <\/p><p> KIRJELDUS <\/p><p> Heli <br \/> mono <br \/> Kogumaht 20 vatti <br \/> Toitumine <br \/> Autonoomne <br \/> Traadita \u00fchendus <br \/> Bluetooth <br \/> USB -pistikud (arvutiga \u00fchendamiseks) <br \/> USB-C-t\u00fc\u00fcpi laadimispistik <br \/> Lahtiolekuajad 12 h <br \/> Aku maht 4800 mah <br \/> Kaal 0,54 kg <br \/> Ise\u00e4rasused <br \/> Niiskusekindel \u00fcmbris <\/p>\n","protected":false},"excerpt":{"rendered":"<p>Kaasaskantav k\u00f5lar JBL Flip 5, heas seisu- ja t\u00f6\u00f6korras! KIRJELDUS Heli mono Kogumaht 20 vatti Toitumine Autonoomne Traadita \u00fchendus Bluetooth USB -pistikud (arvutiga \u00fchendamiseks) USB-C-t\u00fc\u00fcpi laadimispistik Lahtiolekuajad 12 h Aku maht 4800 mah Kaal 0,54 kg Ise\u00e4rasused Niiskusekindel \u00fcmbris<\/p>\n","protected":false},"featured_media":23074,"comment_status":"closed","ping_status":"closed","template":"","meta":{"inline_featured_image":false},"product_brand":[],"product_cat":[167],"product_tag":[],"class_list":{"0":"post-23073","1":"product","2":"type-product","3":"status-publish","4":"has-post-thumbnail","6":"product_cat-kolonki","7":"pa_asukoht-mustamae","8":"pa_seisukord-ispolzovano","10":"first","11":"outofstock","12":"taxable","13":"shipping-taxable","14":"purchasable","15":"product-type-simple"},"_links":{"self":[{"href":"https:\/\/a-pant.ee\/ru\/wp-json\/wp\/v2\/product\/23073","targetHints":{"allow":["GET"]}}],"collection":[{"href":"https:\/\/a-pant.ee\/ru\/wp-json\/wp\/v2\/product"}],"about":[{"href":"https:\/\/a-pant.ee\/ru\/wp-json\/wp\/v2\/types\/product"}],"replies":[{"embeddable":true,"href":"https:\/\/a-pant.ee\/ru\/wp-json\/wp\/v2\/comments?post=23073"}],"wp:featuredmedia":[{"embeddable":true,"href":"https:\/\/a-pant.ee\/ru\/wp-json\/wp\/v2\/media\/23074"}],"wp:attachment":[{"href":"https:\/\/a-pant.ee\/ru\/wp-json\/wp\/v2\/media?parent=23073"}],"wp:term":[{"taxonomy":"product_brand","embeddable":true,"href":"https:\/\/a-pant.ee\/ru\/wp-json\/wp\/v2\/product_brand?post=23073"},{"taxonomy":"product_cat","embeddable":true,"href":"https:\/\/a-pant.ee\/ru\/wp-json\/wp\/v2\/product_cat?post=23073"},{"taxonomy":"product_tag","embeddable":true,"href":"https:\/\/a-pant.ee\/ru\/wp-json\/wp\/v2\/product_tag?post=23073"}],"curies":[{"name":"wp","href":"https:\/\/api.w.org\/{rel}","templated":true}]}}