{"id":23061,"date":"2026-02-04T00:28:45","date_gmt":"2026-02-03T21:28:45","guid":{"rendered":"https:\/\/a-pant.ee\/product\/bolgarka-nutool-mp230n-2350-vt-230-mm\/"},"modified":"2026-02-22T12:48:31","modified_gmt":"2026-02-22T09:48:31","slug":"bolgarka-nutool-mp230n-2350-vt-230-mm","status":"publish","type":"product","link":"https:\/\/a-pant.ee\/ru\/product\/bolgarka-nutool-mp230n-2350-vt-230-mm\/","title":{"rendered":"\u0411\u043e\u043b\u0433\u0430\u0440\u043a\u0430 Nutool MP230N, 2350 \u0412\u0442, 230 \u043c\u043c"},"content":{"rendered":"\n<div id=\"description\"><div><p> Relakas Nutool MP230N, 2350w, 230mm\u00a0, heas seisu- ja t\u00f6\u00f6korras! <\/p><p><br \/> Max. ketta l\u00e4bim\u00f5\u00f5t <br \/> 230 mm <br \/> Max. Ketta p\u00f6\u00f6rlemise sagedus <br \/> 6000 p \/ min <br \/> Maandumisava l\u00e4bim\u00f5\u00f5t on 22 mm <br \/> Disainifunktsioonid <br \/> spindli fikseerimine, lukustusnupp, t\u00e4iendav k\u00e4epide <br \/> Kaal <br \/> 6 kg <\/p><\/div><\/div>\n","protected":false},"excerpt":{"rendered":"<p>Relakas Nutool MP230N, 2350w, 230mm\u00a0, heas seisu- ja t\u00f6\u00f6korras! Max. ketta l\u00e4bim\u00f5\u00f5t 230 mm Max. Ketta p\u00f6\u00f6rlemise sagedus 6000 p \/ min Maandumisava l\u00e4bim\u00f5\u00f5t on 22 mm Disainifunktsioonid spindli fikseerimine, lukustusnupp, t\u00e4iendav k\u00e4epide Kaal 6 kg<\/p>\n","protected":false},"featured_media":23062,"comment_status":"closed","ping_status":"open","template":"","meta":{"inline_featured_image":false},"product_brand":[],"product_cat":[235],"product_tag":[],"class_list":{"0":"post-23061","1":"product","2":"type-product","3":"status-publish","4":"has-post-thumbnail","6":"product_cat-bolgarki","7":"pa_asukoht-mustamae","8":"pa_seisukord-ispolzovano","10":"first","11":"instock","12":"taxable","13":"shipping-taxable","14":"purchasable","15":"product-type-simple"},"_links":{"self":[{"href":"https:\/\/a-pant.ee\/ru\/wp-json\/wp\/v2\/product\/23061","targetHints":{"allow":["GET"]}}],"collection":[{"href":"https:\/\/a-pant.ee\/ru\/wp-json\/wp\/v2\/product"}],"about":[{"href":"https:\/\/a-pant.ee\/ru\/wp-json\/wp\/v2\/types\/product"}],"replies":[{"embeddable":true,"href":"https:\/\/a-pant.ee\/ru\/wp-json\/wp\/v2\/comments?post=23061"}],"wp:featuredmedia":[{"embeddable":true,"href":"https:\/\/a-pant.ee\/ru\/wp-json\/wp\/v2\/media\/23062"}],"wp:attachment":[{"href":"https:\/\/a-pant.ee\/ru\/wp-json\/wp\/v2\/media?parent=23061"}],"wp:term":[{"taxonomy":"product_brand","embeddable":true,"href":"https:\/\/a-pant.ee\/ru\/wp-json\/wp\/v2\/product_brand?post=23061"},{"taxonomy":"product_cat","embeddable":true,"href":"https:\/\/a-pant.ee\/ru\/wp-json\/wp\/v2\/product_cat?post=23061"},{"taxonomy":"product_tag","embeddable":true,"href":"https:\/\/a-pant.ee\/ru\/wp-json\/wp\/v2\/product_tag?post=23061"}],"curies":[{"name":"wp","href":"https:\/\/api.w.org\/{rel}","templated":true}]}}