{"id":23054,"date":"2026-02-04T00:28:45","date_gmt":"2026-02-03T21:28:45","guid":{"rendered":"https:\/\/a-pant.ee\/product\/chasy-leijona-5020-1347\/"},"modified":"2026-02-22T12:48:31","modified_gmt":"2026-02-22T09:48:31","slug":"chasy-leijona-5020-1347","status":"publish","type":"product","link":"https:\/\/a-pant.ee\/ru\/product\/chasy-leijona-5020-1347\/","title":{"rendered":"\u0427\u0430\u0441\u044b Leijona 5020-1347"},"content":{"rendered":"\n<p> Kell Leijona 5020-1347,\u00a0heas seisu- ja t\u00f6\u00f6korras! <\/p><p> Leyoni kaubam\u00e4rk Graveering 20 Coneisto kvarts (paristo) Las Mineraalid Muoto sirged kulmud nahast ranne Randmev\u00e4rin Must Rungon Levi 33 Rungoni vahed 33 mm Raputan Hopeit Vesitiys Roskevesitive \/ 30m Kategooria Meeste k\u00e4ekellad Materjal Roostevaba teras Quiver Rungon h\u00f5be\/hall V\u00e4rvus h\u00f5bedane, must <\/p>\n","protected":false},"excerpt":{"rendered":"<p>Kell Leijona 5020-1347,\u00a0heas seisu- ja t\u00f6\u00f6korras! Leyoni kaubam\u00e4rk Graveering 20 Coneisto kvarts (paristo) Las Mineraalid Muoto sirged kulmud nahast ranne Randmev\u00e4rin Must Rungon Levi 33 Rungoni vahed 33 mm Raputan Hopeit Vesitiys Roskevesitive \/ 30m Kategooria Meeste k\u00e4ekellad Materjal Roostevaba teras Quiver Rungon h\u00f5be\/hall V\u00e4rvus h\u00f5bedane, must<\/p>\n","protected":false},"featured_media":23055,"comment_status":"closed","ping_status":"open","template":"","meta":{"inline_featured_image":false},"product_brand":[],"product_cat":[211],"product_tag":[],"class_list":{"0":"post-23054","1":"product","2":"type-product","3":"status-publish","4":"has-post-thumbnail","6":"product_cat-muzhskie-chasy","7":"pa_asukoht-mustamae","8":"pa_seisukord-ispolzovano","10":"first","11":"instock","12":"taxable","13":"shipping-taxable","14":"purchasable","15":"product-type-simple"},"_links":{"self":[{"href":"https:\/\/a-pant.ee\/ru\/wp-json\/wp\/v2\/product\/23054","targetHints":{"allow":["GET"]}}],"collection":[{"href":"https:\/\/a-pant.ee\/ru\/wp-json\/wp\/v2\/product"}],"about":[{"href":"https:\/\/a-pant.ee\/ru\/wp-json\/wp\/v2\/types\/product"}],"replies":[{"embeddable":true,"href":"https:\/\/a-pant.ee\/ru\/wp-json\/wp\/v2\/comments?post=23054"}],"wp:featuredmedia":[{"embeddable":true,"href":"https:\/\/a-pant.ee\/ru\/wp-json\/wp\/v2\/media\/23055"}],"wp:attachment":[{"href":"https:\/\/a-pant.ee\/ru\/wp-json\/wp\/v2\/media?parent=23054"}],"wp:term":[{"taxonomy":"product_brand","embeddable":true,"href":"https:\/\/a-pant.ee\/ru\/wp-json\/wp\/v2\/product_brand?post=23054"},{"taxonomy":"product_cat","embeddable":true,"href":"https:\/\/a-pant.ee\/ru\/wp-json\/wp\/v2\/product_cat?post=23054"},{"taxonomy":"product_tag","embeddable":true,"href":"https:\/\/a-pant.ee\/ru\/wp-json\/wp\/v2\/product_tag?post=23054"}],"curies":[{"name":"wp","href":"https:\/\/api.w.org\/{rel}","templated":true}]}}