{"id":23042,"date":"2026-02-04T00:28:45","date_gmt":"2026-02-03T21:28:45","guid":{"rendered":"https:\/\/a-pant.ee\/product\/linkind-sistema-bezopasnosti-umnogo-doma\/"},"modified":"2026-02-22T12:48:31","modified_gmt":"2026-02-22T09:48:31","slug":"linkind-sistema-bezopasnosti-umnogo-doma-novaya","status":"publish","type":"product","link":"https:\/\/a-pant.ee\/ru\/product\/linkind-sistema-bezopasnosti-umnogo-doma-novaya\/","title":{"rendered":"Linkind  \u0421\u0438\u0441\u0442\u0435\u043c\u0430 \u0431\u0435\u0437\u043e\u043f\u0430\u0441\u043d\u043e\u0441\u0442\u0438 \u0443\u043c\u043d\u043e\u0433\u043e \u0434\u043e\u043c\u0430 ( \u043d\u043e\u0432\u0430\u044f )"},"content":{"rendered":"\n<p><strong> L <\/strong> inkind Smart koduvalves\u00fcsteem ( uus )\u00a0, heas seisu- ja t\u00f6\u00f6korras! ( 2 tk ) <\/p><p> KIRJELDUS <\/p><p> Kodu turvakomplekt sisaldab: sireeni jaoturit, v\u00f5tmehoidjat, liikumisandurit ja kahte ukse\/akna andurit. Jaotur peab olema \u00fchendatud toiteallikaga ja teistel seadmetel on sisseehitatud liitiumakud. <\/p><p> 4 ohutusre\u017eiimi ja valju h\u00e4iresignaal teie kodu kaitsmiseks: saadaval on neli ohutusre\u017eiimi: eemal, viibimine, valvest v\u00e4ljal\u00fclitamine ja SOS-re\u017eiim. Kui uks\/aken ootamatult avaneb v\u00f5i liikumist tuvastatakse, saadetakse teie telefoni hoiatusteade ja aktiveeritakse kohalik alarm kuni 110 dB neljal valikulisel tasemel (k\u00f5rge, keskmine, madal ja vaigistatud). <\/p>\n","protected":false},"excerpt":{"rendered":"<p>L inkind Smart koduvalves\u00fcsteem ( uus )\u00a0, heas seisu- ja t\u00f6\u00f6korras! ( 2 tk ) KIRJELDUS Kodu turvakomplekt sisaldab: sireeni jaoturit, v\u00f5tmehoidjat, liikumisandurit ja kahte ukse\/akna andurit. Jaotur peab olema \u00fchendatud toiteallikaga ja teistel seadmetel on sisseehitatud liitiumakud. 4 ohutusre\u017eiimi ja valju h\u00e4iresignaal teie kodu kaitsmiseks: saadaval on neli ohutusre\u017eiimi: eemal, viibimine, valvest v\u00e4ljal\u00fclitamine ja [&hellip;]<\/p>\n","protected":false},"featured_media":23043,"comment_status":"closed","ping_status":"open","template":"","meta":{"inline_featured_image":false},"product_brand":[],"product_cat":[162],"product_tag":[],"class_list":{"0":"post-23042","1":"product","2":"type-product","3":"status-publish","4":"has-post-thumbnail","6":"product_cat-elektronika-drugoe","7":"pa_asukoht-lasnamae","8":"pa_seisukord-ispolzovano","10":"first","11":"instock","12":"taxable","13":"shipping-taxable","14":"purchasable","15":"product-type-simple"},"_links":{"self":[{"href":"https:\/\/a-pant.ee\/ru\/wp-json\/wp\/v2\/product\/23042","targetHints":{"allow":["GET"]}}],"collection":[{"href":"https:\/\/a-pant.ee\/ru\/wp-json\/wp\/v2\/product"}],"about":[{"href":"https:\/\/a-pant.ee\/ru\/wp-json\/wp\/v2\/types\/product"}],"replies":[{"embeddable":true,"href":"https:\/\/a-pant.ee\/ru\/wp-json\/wp\/v2\/comments?post=23042"}],"wp:featuredmedia":[{"embeddable":true,"href":"https:\/\/a-pant.ee\/ru\/wp-json\/wp\/v2\/media\/23043"}],"wp:attachment":[{"href":"https:\/\/a-pant.ee\/ru\/wp-json\/wp\/v2\/media?parent=23042"}],"wp:term":[{"taxonomy":"product_brand","embeddable":true,"href":"https:\/\/a-pant.ee\/ru\/wp-json\/wp\/v2\/product_brand?post=23042"},{"taxonomy":"product_cat","embeddable":true,"href":"https:\/\/a-pant.ee\/ru\/wp-json\/wp\/v2\/product_cat?post=23042"},{"taxonomy":"product_tag","embeddable":true,"href":"https:\/\/a-pant.ee\/ru\/wp-json\/wp\/v2\/product_tag?post=23042"}],"curies":[{"name":"wp","href":"https:\/\/api.w.org\/{rel}","templated":true}]}}