{"id":23030,"date":"2026-02-04T00:28:45","date_gmt":"2026-02-03T21:28:45","guid":{"rendered":"https:\/\/a-pant.ee\/product\/besprovodnye-naushniki-jbl-tune-500bt-rozovye\/"},"modified":"2026-02-22T12:48:31","modified_gmt":"2026-02-22T09:48:31","slug":"besprovodnye-naushniki-jbl-tune-500bt-rozovye","status":"publish","type":"product","link":"https:\/\/a-pant.ee\/ru\/product\/besprovodnye-naushniki-jbl-tune-500bt-rozovye\/","title":{"rendered":"\u0411\u0435\u0441\u043f\u0440\u043e\u0432\u043e\u0434\u043d\u044b\u0435 \u041d\u0430\u0443\u0448\u043d\u0438\u043a\u0438 JBL Tune 500BT, \u0420\u043e\u0437\u043e\u0432\u044b\u0435"},"content":{"rendered":"\n<p> Juhtmeta K\u00f5rvaklapid JBL Tune 500BT, Roosa, heas seisu- ja t\u00f6\u00f6korras! <\/p><p> KIRJELDUS <\/p><div><table><tbody><tr><td> Toote t\u00fc\u00fcp <\/td><td><a href=\"https:\/\/www.1a.ee\/c\/tv-audio-video-mangukonsoolid\/audiotehnika\/korvaklapid\/3sn?f=112\" rel=\"nofollow noopener\" target=\"_blank\"> K\u00f5rvaklapid <\/a><\/td><\/tr><tr><td> Kaubam\u00e4rk <\/td><td><a href=\"https:\/\/www.1a.ee\/c\/tv-audio-video-mangukonsoolid\/audiotehnika\/korvaklapid\/3sn?f=1ng\" rel=\"nofollow noopener\" target=\"_blank\"> JBL <\/a><\/td><\/tr><tr><td> Kollektsioon <\/td><td> Tune 500BT <\/td><\/tr><tr><td> Mudel <\/td><td> Tune 500BT <\/td><\/tr><tr><td> K\u00f5rvaklappide t\u00fc\u00fcp <\/td><td><a href=\"https:\/\/www.1a.ee\/c\/tv-audio-video-mangukonsoolid\/audiotehnika\/korvaklapid\/3sn?f=6568\" rel=\"nofollow noopener\" target=\"_blank\"> Juhtmevabad <\/a> ,\u00a0 <a href=\"https:\/\/www.1a.ee\/c\/tv-audio-video-mangukonsoolid\/audiotehnika\/korvaklapid\/3sn?f=660e\" rel=\"nofollow noopener\" target=\"_blank\"> K\u00f5rvapealsed <\/a><\/td><\/tr><tr><td> V\u00e4rv <\/td><td><a href=\"https:\/\/www.1a.ee\/c\/tv-audio-video-mangukonsoolid\/audiotehnika\/korvaklapid\/3sn?f=2l3\" rel=\"nofollow noopener\" target=\"_blank\"> Roosa <\/a><\/td><\/tr><tr><td colspan=\"2\"><h3> Mikrofon ja juhtimine <\/h3><\/td><\/tr><tr><td> Sisseehitatud mikrofon\u00a0 <div><\/div><\/td><td><a href=\"https:\/\/www.1a.ee\/c\/tv-audio-video-mangukonsoolid\/audiotehnika\/korvaklapid\/3sn?f=4n\" rel=\"nofollow noopener\" target=\"_blank\"> Jah <\/a><\/td><\/tr><tr><td> Mikrofoni t\u00fc\u00fcp <\/td><td><a href=\"https:\/\/www.1a.ee\/c\/tv-audio-video-mangukonsoolid\/audiotehnika\/korvaklapid\/3sn?f=69pt\" rel=\"nofollow noopener\" target=\"_blank\"> Sisseehitatud <\/a><\/td><\/tr><\/tbody><\/table><\/div><div><table><tbody><tr><td colspan=\"2\"><h3> \u00dchenduse t\u00fc\u00fcbid <\/h3><\/td><\/tr><tr><td> Liitmik\u00a0 <div><\/div><\/td><td><a href=\"https:\/\/www.1a.ee\/c\/tv-audio-video-mangukonsoolid\/audiotehnika\/korvaklapid\/3sn?f=wkw\" rel=\"nofollow noopener\" target=\"_blank\"> Bluetooth <\/a> ,\u00a0 <a href=\"https:\/\/www.1a.ee\/c\/tv-audio-video-mangukonsoolid\/audiotehnika\/korvaklapid\/3sn?f=11c\" rel=\"nofollow noopener\" target=\"_blank\"> Juhtmevaba <\/a><\/td><\/tr><tr><td colspan=\"2\"><h3> Heliv\u00f5imsus <\/h3><\/td><\/tr><tr><td> Sageduse diapasoon\u00a0 <div><\/div><\/td><td> 20 &#8212; 20000 Hz <\/td><\/tr><\/tbody><\/table><\/div>\n","protected":false},"excerpt":{"rendered":"<p>Juhtmeta K\u00f5rvaklapid JBL Tune 500BT, Roosa, heas seisu- ja t\u00f6\u00f6korras! KIRJELDUS Toote t\u00fc\u00fcp K\u00f5rvaklapid Kaubam\u00e4rk JBL Kollektsioon Tune 500BT Mudel Tune 500BT K\u00f5rvaklappide t\u00fc\u00fcp Juhtmevabad ,\u00a0 K\u00f5rvapealsed V\u00e4rv Roosa Mikrofon ja juhtimine Sisseehitatud mikrofon\u00a0 Jah Mikrofoni t\u00fc\u00fcp Sisseehitatud \u00dchenduse t\u00fc\u00fcbid Liitmik\u00a0 Bluetooth ,\u00a0 Juhtmevaba Heliv\u00f5imsus Sageduse diapasoon\u00a0 20 &#8212; 20000 Hz<\/p>\n","protected":false},"featured_media":23031,"comment_status":"closed","ping_status":"closed","template":"","meta":{"inline_featured_image":false},"product_brand":[],"product_cat":[168],"product_tag":[],"class_list":{"0":"post-23030","1":"product","2":"type-product","3":"status-publish","4":"has-post-thumbnail","6":"product_cat-naushniki","7":"pa_asukoht-mustamae","8":"pa_seisukord-ispolzovano","10":"first","11":"outofstock","12":"taxable","13":"shipping-taxable","14":"purchasable","15":"product-type-simple"},"_links":{"self":[{"href":"https:\/\/a-pant.ee\/ru\/wp-json\/wp\/v2\/product\/23030","targetHints":{"allow":["GET"]}}],"collection":[{"href":"https:\/\/a-pant.ee\/ru\/wp-json\/wp\/v2\/product"}],"about":[{"href":"https:\/\/a-pant.ee\/ru\/wp-json\/wp\/v2\/types\/product"}],"replies":[{"embeddable":true,"href":"https:\/\/a-pant.ee\/ru\/wp-json\/wp\/v2\/comments?post=23030"}],"wp:featuredmedia":[{"embeddable":true,"href":"https:\/\/a-pant.ee\/ru\/wp-json\/wp\/v2\/media\/23031"}],"wp:attachment":[{"href":"https:\/\/a-pant.ee\/ru\/wp-json\/wp\/v2\/media?parent=23030"}],"wp:term":[{"taxonomy":"product_brand","embeddable":true,"href":"https:\/\/a-pant.ee\/ru\/wp-json\/wp\/v2\/product_brand?post=23030"},{"taxonomy":"product_cat","embeddable":true,"href":"https:\/\/a-pant.ee\/ru\/wp-json\/wp\/v2\/product_cat?post=23030"},{"taxonomy":"product_tag","embeddable":true,"href":"https:\/\/a-pant.ee\/ru\/wp-json\/wp\/v2\/product_tag?post=23030"}],"curies":[{"name":"wp","href":"https:\/\/api.w.org\/{rel}","templated":true}]}}