{"id":23024,"date":"2026-02-04T00:28:45","date_gmt":"2026-02-03T21:28:45","guid":{"rendered":"https:\/\/a-pant.ee\/product\/palchikovyy-pulsoksimetr-nonin-onyx-9500-vantage\/"},"modified":"2026-02-22T12:48:31","modified_gmt":"2026-02-22T09:48:31","slug":"palchikovyj-pulsoksimetr-nonin-onyx-9500-vantage","status":"publish","type":"product","link":"https:\/\/a-pant.ee\/ru\/product\/palchikovyj-pulsoksimetr-nonin-onyx-9500-vantage\/","title":{"rendered":"\u041f\u0430\u043b\u044c\u0447\u0438\u043a\u043e\u0432\u044b\u0439 \u043f\u0443\u043b\u044c\u0441\u043e\u043a\u0441\u0438\u043c\u0435\u0442\u0440 Nonin Onyx 9500 Vantage"},"content":{"rendered":"\n<p> S\u00f5rme pulsoksimeeter Nonin 9590 Onyx Vantage\u00a0, heas seisu- ja t\u00f6\u00f6korras! <\/p><p> KIRJELDUS <\/p><p> T\u00fc\u00fcp <br \/> pulsoximeeter <br \/> M\u00f5\u00f5tmiskoht <br \/> s\u00f5rm <br \/> Toitumissemendi t\u00fc\u00fcp <br \/> akud <br \/> Akude arv ja t\u00fc\u00fcp 2xaaa <\/p>\n","protected":false},"excerpt":{"rendered":"<p>S\u00f5rme pulsoksimeeter Nonin 9590 Onyx Vantage\u00a0, heas seisu- ja t\u00f6\u00f6korras! KIRJELDUS T\u00fc\u00fcp pulsoximeeter M\u00f5\u00f5tmiskoht s\u00f5rm Toitumissemendi t\u00fc\u00fcp akud Akude arv ja t\u00fc\u00fcp 2xaaa<\/p>\n","protected":false},"featured_media":23025,"comment_status":"closed","ping_status":"open","template":"","meta":{"inline_featured_image":false},"product_brand":[],"product_cat":[162],"product_tag":[],"class_list":{"0":"post-23024","1":"product","2":"type-product","3":"status-publish","4":"has-post-thumbnail","6":"product_cat-elektronika-drugoe","7":"pa_asukoht-mustamae","8":"pa_seisukord-ispolzovano","10":"first","11":"instock","12":"taxable","13":"shipping-taxable","14":"purchasable","15":"product-type-simple"},"_links":{"self":[{"href":"https:\/\/a-pant.ee\/ru\/wp-json\/wp\/v2\/product\/23024","targetHints":{"allow":["GET"]}}],"collection":[{"href":"https:\/\/a-pant.ee\/ru\/wp-json\/wp\/v2\/product"}],"about":[{"href":"https:\/\/a-pant.ee\/ru\/wp-json\/wp\/v2\/types\/product"}],"replies":[{"embeddable":true,"href":"https:\/\/a-pant.ee\/ru\/wp-json\/wp\/v2\/comments?post=23024"}],"wp:featuredmedia":[{"embeddable":true,"href":"https:\/\/a-pant.ee\/ru\/wp-json\/wp\/v2\/media\/23025"}],"wp:attachment":[{"href":"https:\/\/a-pant.ee\/ru\/wp-json\/wp\/v2\/media?parent=23024"}],"wp:term":[{"taxonomy":"product_brand","embeddable":true,"href":"https:\/\/a-pant.ee\/ru\/wp-json\/wp\/v2\/product_brand?post=23024"},{"taxonomy":"product_cat","embeddable":true,"href":"https:\/\/a-pant.ee\/ru\/wp-json\/wp\/v2\/product_cat?post=23024"},{"taxonomy":"product_tag","embeddable":true,"href":"https:\/\/a-pant.ee\/ru\/wp-json\/wp\/v2\/product_tag?post=23024"}],"curies":[{"name":"wp","href":"https:\/\/api.w.org\/{rel}","templated":true}]}}