{"id":23017,"date":"2026-02-04T00:28:45","date_gmt":"2026-02-03T21:28:45","guid":{"rendered":"https:\/\/a-pant.ee\/product\/umnye-chasy-fitbit-versa-3-black\/"},"modified":"2026-02-22T12:48:30","modified_gmt":"2026-02-22T09:48:30","slug":"umnye-chasy-fitbit-versa-3-wi-fi-nfc-black","status":"publish","type":"product","link":"https:\/\/a-pant.ee\/ru\/product\/umnye-chasy-fitbit-versa-3-wi-fi-nfc-black\/","title":{"rendered":"\u0423\u043c\u043d\u044b\u0435 \u0447\u0430\u0441\u044b Fitbit Versa 3 Wi-Fi NFC, black"},"content":{"rendered":"\n<p> Nutikell Fitbit Versa 3 Wi-Fi NFC, black\u00a0, heas seisu- ja t\u00f6\u00f6korras! <\/p><p> laadija <\/p><p><br \/> T\u00fc\u00fcp <br \/> nutikas k\u00e4ekell <br \/> \u00dchilduvus OS -iga <br \/> iOS, Android, OS X <br \/> Minimaalne toetatud Androidi versioon <br \/> 7,0 <br \/> Minimaalne toetatud iOS -i versioon <br \/> 12 <br \/> Ise\u00e4rasused <br \/> Kolmanda osapoole rakenduste installimine, heli reprodutseerimine <br \/> Lisafunktsioonid <br \/> Mikrofon, k\u00f5lar, vibratsioon, g\u00fcroskoop, valgusandur <br \/> Kella kuju <br \/> ruut <br \/> Ehitusmaterjal <br \/> alumiinium <br \/> Juhtumi v\u00e4rv <br \/> must <br \/> K\u00e4ev\u00f5ru materjal\/rihm <br \/> R\u00e4ni <\/p>\n","protected":false},"excerpt":{"rendered":"<p>Nutikell Fitbit Versa 3 Wi-Fi NFC, black\u00a0, heas seisu- ja t\u00f6\u00f6korras! laadija T\u00fc\u00fcp nutikas k\u00e4ekell \u00dchilduvus OS -iga iOS, Android, OS X Minimaalne toetatud Androidi versioon 7,0 Minimaalne toetatud iOS -i versioon 12 Ise\u00e4rasused Kolmanda osapoole rakenduste installimine, heli reprodutseerimine Lisafunktsioonid Mikrofon, k\u00f5lar, vibratsioon, g\u00fcroskoop, valgusandur Kella kuju ruut Ehitusmaterjal alumiinium Juhtumi v\u00e4rv must K\u00e4ev\u00f5ru [&hellip;]<\/p>\n","protected":false},"featured_media":23018,"comment_status":"closed","ping_status":"open","template":"","meta":{"inline_featured_image":false},"product_brand":[],"product_cat":[176],"product_tag":[],"class_list":{"0":"post-23017","1":"product","2":"type-product","3":"status-publish","4":"has-post-thumbnail","6":"product_cat-smart-chasy","7":"pa_asukoht-mustamae","8":"pa_seisukord-ispolzovano","10":"first","11":"instock","12":"taxable","13":"shipping-taxable","14":"purchasable","15":"product-type-simple"},"_links":{"self":[{"href":"https:\/\/a-pant.ee\/ru\/wp-json\/wp\/v2\/product\/23017","targetHints":{"allow":["GET"]}}],"collection":[{"href":"https:\/\/a-pant.ee\/ru\/wp-json\/wp\/v2\/product"}],"about":[{"href":"https:\/\/a-pant.ee\/ru\/wp-json\/wp\/v2\/types\/product"}],"replies":[{"embeddable":true,"href":"https:\/\/a-pant.ee\/ru\/wp-json\/wp\/v2\/comments?post=23017"}],"wp:featuredmedia":[{"embeddable":true,"href":"https:\/\/a-pant.ee\/ru\/wp-json\/wp\/v2\/media\/23018"}],"wp:attachment":[{"href":"https:\/\/a-pant.ee\/ru\/wp-json\/wp\/v2\/media?parent=23017"}],"wp:term":[{"taxonomy":"product_brand","embeddable":true,"href":"https:\/\/a-pant.ee\/ru\/wp-json\/wp\/v2\/product_brand?post=23017"},{"taxonomy":"product_cat","embeddable":true,"href":"https:\/\/a-pant.ee\/ru\/wp-json\/wp\/v2\/product_cat?post=23017"},{"taxonomy":"product_tag","embeddable":true,"href":"https:\/\/a-pant.ee\/ru\/wp-json\/wp\/v2\/product_tag?post=23017"}],"curies":[{"name":"wp","href":"https:\/\/api.w.org\/{rel}","templated":true}]}}