{"id":23011,"date":"2026-02-04T00:28:45","date_gmt":"2026-02-03T21:28:45","guid":{"rendered":"https:\/\/a-pant.ee\/product\/akkumulyatornaya-batareya-hilti-b-22-3-0ah\/"},"modified":"2026-02-22T12:48:30","modified_gmt":"2026-02-22T09:48:30","slug":"akkumulyatornaya-batareya-hilti-b-22-3-0ah","status":"publish","type":"product","link":"https:\/\/a-pant.ee\/ru\/product\/akkumulyatornaya-batareya-hilti-b-22-3-0ah\/","title":{"rendered":"\u0410\u043a\u043a\u0443\u043c\u0443\u043b\u044f\u0442\u043e\u0440\u043d\u0430\u044f \u0431\u0430\u0442\u0430\u0440\u0435\u044f Hilti B 22 \/ 3.0ah"},"content":{"rendered":"\n<p> Aku hilti B 22 \/ 3.0ah, heas seisu- ja t\u00f6\u00f6korras! <\/p><p> Li-ioon aku <br \/> 22. sajandi pinge <br \/> Aku maht 3,0 ah <br \/> T\u00f6\u00f6 probleemideta: 2 aastat <br \/> Kaal 0,6 kg <br \/> T\u00e4ielik laadimine 40 minuti p\u00e4rast. <br \/> Aku energia: 64,8 VTV <br \/> Aku laadimisseisundi m\u00e4rge jah <br \/> CPC Jah <br \/> S\u00fcgav kategooria kaitse jah <br \/> Rakkude arv 6 <br \/> M\u00f5\u00f5tmed (VHDHSH) 60x135x94 mm <br \/> T\u00f6\u00f6temperatuuri vahemik -20 &#8212; 60 \u00b0 C <br \/> Temperatuuri kontroll jah <br \/> S\u00e4ilitamistemperatuur 10 \u00b0 C kuni 30 \u00b0 C <\/p>\n","protected":false},"excerpt":{"rendered":"<p>Aku hilti B 22 \/ 3.0ah, heas seisu- ja t\u00f6\u00f6korras! Li-ioon aku 22. sajandi pinge Aku maht 3,0 ah T\u00f6\u00f6 probleemideta: 2 aastat Kaal 0,6 kg T\u00e4ielik laadimine 40 minuti p\u00e4rast. Aku energia: 64,8 VTV Aku laadimisseisundi m\u00e4rge jah CPC Jah S\u00fcgav kategooria kaitse jah Rakkude arv 6 M\u00f5\u00f5tmed (VHDHSH) 60x135x94 mm T\u00f6\u00f6temperatuuri vahemik -20 [&hellip;]<\/p>\n","protected":false},"featured_media":23012,"comment_status":"closed","ping_status":"open","template":"","meta":{"inline_featured_image":false},"product_brand":[],"product_cat":[246],"product_tag":[],"class_list":{"0":"post-23011","1":"product","2":"type-product","3":"status-publish","4":"has-post-thumbnail","6":"product_cat-instrumenty-drugoe","7":"pa_asukoht-mustamae","8":"pa_seisukord-ispolzovano","10":"first","11":"instock","12":"taxable","13":"shipping-taxable","14":"purchasable","15":"product-type-simple"},"_links":{"self":[{"href":"https:\/\/a-pant.ee\/ru\/wp-json\/wp\/v2\/product\/23011","targetHints":{"allow":["GET"]}}],"collection":[{"href":"https:\/\/a-pant.ee\/ru\/wp-json\/wp\/v2\/product"}],"about":[{"href":"https:\/\/a-pant.ee\/ru\/wp-json\/wp\/v2\/types\/product"}],"replies":[{"embeddable":true,"href":"https:\/\/a-pant.ee\/ru\/wp-json\/wp\/v2\/comments?post=23011"}],"wp:featuredmedia":[{"embeddable":true,"href":"https:\/\/a-pant.ee\/ru\/wp-json\/wp\/v2\/media\/23012"}],"wp:attachment":[{"href":"https:\/\/a-pant.ee\/ru\/wp-json\/wp\/v2\/media?parent=23011"}],"wp:term":[{"taxonomy":"product_brand","embeddable":true,"href":"https:\/\/a-pant.ee\/ru\/wp-json\/wp\/v2\/product_brand?post=23011"},{"taxonomy":"product_cat","embeddable":true,"href":"https:\/\/a-pant.ee\/ru\/wp-json\/wp\/v2\/product_cat?post=23011"},{"taxonomy":"product_tag","embeddable":true,"href":"https:\/\/a-pant.ee\/ru\/wp-json\/wp\/v2\/product_tag?post=23011"}],"curies":[{"name":"wp","href":"https:\/\/api.w.org\/{rel}","templated":true}]}}