{"id":22999,"date":"2026-02-04T00:28:45","date_gmt":"2026-02-03T21:28:45","guid":{"rendered":"https:\/\/a-pant.ee\/product\/udarnyj-shurupovert-makita-aku-4-0ah\/"},"modified":"2026-02-22T12:48:30","modified_gmt":"2026-02-22T09:48:30","slug":"udarnyj-shurupovert-makita-bez-modeli-aku-4-0ah","status":"publish","type":"product","link":"https:\/\/a-pant.ee\/ru\/product\/udarnyj-shurupovert-makita-bez-modeli-aku-4-0ah\/","title":{"rendered":"\u0423\u0434\u0430\u0440\u043d\u044b\u0439 \u0448\u0443\u0440\u0443\u043f\u043e\u0432\u0435\u0440\u0442  Makita ( \u0431\u0435\u0437 \u043c\u043e\u0434\u0435\u043b\u0438 ) + aku 4.0Ah"},"content":{"rendered":"\n<p> \u00a0Akul\u00f6\u00f6ktrell Makita ( ei ole mudel) + aku 4.0Ah, heas seisu- ja t\u00f6\u00f6korras! <\/p><p> KIRJELDUS <\/p><p> Battery Type Lithium-ion <\/p><p> Voltage 18 V <\/p><p> Charging Time 22 minutes <\/p><p> Electric BrakeYes <\/p><p> Variable Speed ControlTrigger <\/p><p> Driving Shank6.35mm (1\/4&#8243;) Hex <\/p><p> Machine Screw M4 &#8212; M8 <\/p><p> Impacts per Minute 0 &#8212; 3200 ipm <\/p><p> Maximum Output 220 W <\/p><p> No Load Speed0 &#8212; 2500 rpm <\/p>\n","protected":false},"excerpt":{"rendered":"<p>\u00a0Akul\u00f6\u00f6ktrell Makita ( ei ole mudel) + aku 4.0Ah, heas seisu- ja t\u00f6\u00f6korras! KIRJELDUS Battery Type Lithium-ion Voltage 18 V Charging Time 22 minutes Electric BrakeYes Variable Speed ControlTrigger Driving Shank6.35mm (1\/4&#8243;) Hex Machine Screw M4 &#8212; M8 Impacts per Minute 0 &#8212; 3200 ipm Maximum Output 220 W No Load Speed0 &#8212; 2500 rpm<\/p>\n","protected":false},"featured_media":23000,"comment_status":"closed","ping_status":"open","template":"","meta":{"inline_featured_image":false},"product_brand":[],"product_cat":[231],"product_tag":[],"class_list":{"0":"post-22999","1":"product","2":"type-product","3":"status-publish","4":"has-post-thumbnail","6":"product_cat-shurupoverty","7":"pa_asukoht-lasnamae","8":"pa_seisukord-ispolzovano","10":"first","11":"instock","12":"taxable","13":"shipping-taxable","14":"purchasable","15":"product-type-simple"},"_links":{"self":[{"href":"https:\/\/a-pant.ee\/ru\/wp-json\/wp\/v2\/product\/22999","targetHints":{"allow":["GET"]}}],"collection":[{"href":"https:\/\/a-pant.ee\/ru\/wp-json\/wp\/v2\/product"}],"about":[{"href":"https:\/\/a-pant.ee\/ru\/wp-json\/wp\/v2\/types\/product"}],"replies":[{"embeddable":true,"href":"https:\/\/a-pant.ee\/ru\/wp-json\/wp\/v2\/comments?post=22999"}],"wp:featuredmedia":[{"embeddable":true,"href":"https:\/\/a-pant.ee\/ru\/wp-json\/wp\/v2\/media\/23000"}],"wp:attachment":[{"href":"https:\/\/a-pant.ee\/ru\/wp-json\/wp\/v2\/media?parent=22999"}],"wp:term":[{"taxonomy":"product_brand","embeddable":true,"href":"https:\/\/a-pant.ee\/ru\/wp-json\/wp\/v2\/product_brand?post=22999"},{"taxonomy":"product_cat","embeddable":true,"href":"https:\/\/a-pant.ee\/ru\/wp-json\/wp\/v2\/product_cat?post=22999"},{"taxonomy":"product_tag","embeddable":true,"href":"https:\/\/a-pant.ee\/ru\/wp-json\/wp\/v2\/product_tag?post=22999"}],"curies":[{"name":"wp","href":"https:\/\/api.w.org\/{rel}","templated":true}]}}