{"id":22985,"date":"2026-02-04T00:19:56","date_gmt":"2026-02-03T21:19:56","guid":{"rendered":"https:\/\/a-pant.ee\/product\/noutbuk-huawei-matebook-d14-amd-ryzen-7\/"},"modified":"2026-02-22T12:48:34","modified_gmt":"2026-02-22T09:48:34","slug":"noutbuk-huawei-matebook-d14-amd-ryzen-7-zaryadka","status":"publish","type":"product","link":"https:\/\/a-pant.ee\/ru\/product\/noutbuk-huawei-matebook-d14-amd-ryzen-7-zaryadka\/","title":{"rendered":"\u041d\u043e\u0443\u0442\u0431\u0443\u043a  Huawei MateBook D14 AMD Ryzen 7 + \u0437\u0430\u0440\u044f\u0434\u043a\u0430"},"content":{"rendered":"\n<p> \u00a0S\u00fclearvuti Huawei MateBook D14 AMD Ryzen 7 + laadija\u00a0, heas seisu- ja t\u00f6\u00f6korras! <\/p><p> KIRJELDUS <\/p><p> Protsessor : AMD Ryzen 7 3700U (8 CPUs) 2,3 GHz <\/p><p> Operatiiv m\u00e4lu: 8 GB <\/p><p> Videokaart : AMD Radeon (TM) RX Vega 10 Graphics <\/p><p> K\u00f5vaketas SSD : Toshiba KXG 60 ZNV 512 <\/p><p> Operatsioonis\u00fcsteem: Windows 11 Home 64-bit <\/p>\n","protected":false},"excerpt":{"rendered":"<p>\u00a0S\u00fclearvuti Huawei MateBook D14 AMD Ryzen 7 + laadija\u00a0, heas seisu- ja t\u00f6\u00f6korras! KIRJELDUS Protsessor : AMD Ryzen 7 3700U (8 CPUs) 2,3 GHz Operatiiv m\u00e4lu: 8 GB Videokaart : AMD Radeon (TM) RX Vega 10 Graphics K\u00f5vaketas SSD : Toshiba KXG 60 ZNV 512 Operatsioonis\u00fcsteem: Windows 11 Home 64-bit<\/p>\n","protected":false},"featured_media":22986,"comment_status":"closed","ping_status":"open","template":"","meta":{"inline_featured_image":false},"product_brand":[],"product_cat":[179],"product_tag":[],"class_list":{"0":"post-22985","1":"product","2":"type-product","3":"status-publish","4":"has-post-thumbnail","6":"product_cat-noutbuki","7":"pa_asukoht-lasnamae","8":"pa_seisukord-ispolzovano","10":"first","11":"instock","12":"taxable","13":"shipping-taxable","14":"purchasable","15":"product-type-simple"},"_links":{"self":[{"href":"https:\/\/a-pant.ee\/ru\/wp-json\/wp\/v2\/product\/22985","targetHints":{"allow":["GET"]}}],"collection":[{"href":"https:\/\/a-pant.ee\/ru\/wp-json\/wp\/v2\/product"}],"about":[{"href":"https:\/\/a-pant.ee\/ru\/wp-json\/wp\/v2\/types\/product"}],"replies":[{"embeddable":true,"href":"https:\/\/a-pant.ee\/ru\/wp-json\/wp\/v2\/comments?post=22985"}],"wp:featuredmedia":[{"embeddable":true,"href":"https:\/\/a-pant.ee\/ru\/wp-json\/wp\/v2\/media\/22986"}],"wp:attachment":[{"href":"https:\/\/a-pant.ee\/ru\/wp-json\/wp\/v2\/media?parent=22985"}],"wp:term":[{"taxonomy":"product_brand","embeddable":true,"href":"https:\/\/a-pant.ee\/ru\/wp-json\/wp\/v2\/product_brand?post=22985"},{"taxonomy":"product_cat","embeddable":true,"href":"https:\/\/a-pant.ee\/ru\/wp-json\/wp\/v2\/product_cat?post=22985"},{"taxonomy":"product_tag","embeddable":true,"href":"https:\/\/a-pant.ee\/ru\/wp-json\/wp\/v2\/product_tag?post=22985"}],"curies":[{"name":"wp","href":"https:\/\/api.w.org\/{rel}","templated":true}]}}