{"id":22978,"date":"2026-02-04T00:19:56","date_gmt":"2026-02-03T21:19:56","guid":{"rendered":"https:\/\/a-pant.ee\/product\/umnye-chasy-suunto-spartan-sport-hr\/"},"modified":"2026-02-22T12:48:34","modified_gmt":"2026-02-22T09:48:34","slug":"umnye-chasy-suunto-spartan-sport-hr","status":"publish","type":"product","link":"https:\/\/a-pant.ee\/ru\/product\/umnye-chasy-suunto-spartan-sport-hr\/","title":{"rendered":"\u0423\u043c\u043d\u044b\u0435 \u0447\u0430\u0441\u044b SUUNTO Spartan Sport HR"},"content":{"rendered":"\n<p> Nutikell SUUNTO Spartan Sport HR + ruhm + laadija\u00a0, heas seisu- ja t\u00f6\u00f6korras! <\/p><p><br \/> T\u00fc\u00fcp <br \/> nutikas k\u00e4ekell <br \/> \u00dchilduvus OS -iga <br \/> Windows, iOS, Android, OS X <br \/> Ise\u00e4rasused <br \/> USB <br \/> Lisafunktsioonid <br \/> vibratsioon, kompass, stopper, taimer <br \/> Kella kuju <br \/> ring <br \/> S\u00fcdame l\u00f6\u00f6gisageduse andur <br \/> V\u00e4line (tarnekomplektis) <br \/> Funktsioonide j\u00e4lgimine <br \/> F\u00fc\u00fcsilise aktiivsuse j\u00e4lgimine, kiirendusm\u00f5\u00f5tur, kalorite j\u00e4lgimine <br \/> Ekraanifunktsioonid <br \/> puutetundlik ekraan, ekraani k\u00e4ttesaadavus <br \/> Klaasi t\u00fc\u00fcp <br \/> Mineraal <br \/> Veekindluse klass <br \/> WR100 (10 ATM) <\/p>\n","protected":false},"excerpt":{"rendered":"<p>Nutikell SUUNTO Spartan Sport HR + ruhm + laadija\u00a0, heas seisu- ja t\u00f6\u00f6korras! T\u00fc\u00fcp nutikas k\u00e4ekell \u00dchilduvus OS -iga Windows, iOS, Android, OS X Ise\u00e4rasused USB Lisafunktsioonid vibratsioon, kompass, stopper, taimer Kella kuju ring S\u00fcdame l\u00f6\u00f6gisageduse andur V\u00e4line (tarnekomplektis) Funktsioonide j\u00e4lgimine F\u00fc\u00fcsilise aktiivsuse j\u00e4lgimine, kiirendusm\u00f5\u00f5tur, kalorite j\u00e4lgimine Ekraanifunktsioonid puutetundlik ekraan, ekraani k\u00e4ttesaadavus Klaasi t\u00fc\u00fcp Mineraal [&hellip;]<\/p>\n","protected":false},"featured_media":22979,"comment_status":"closed","ping_status":"open","template":"","meta":{"inline_featured_image":false},"product_brand":[],"product_cat":[176],"product_tag":[],"class_list":{"0":"post-22978","1":"product","2":"type-product","3":"status-publish","4":"has-post-thumbnail","6":"product_cat-smart-chasy","7":"pa_asukoht-mustamae","8":"pa_seisukord-ispolzovano","10":"first","11":"instock","12":"taxable","13":"shipping-taxable","14":"purchasable","15":"product-type-simple"},"_links":{"self":[{"href":"https:\/\/a-pant.ee\/ru\/wp-json\/wp\/v2\/product\/22978","targetHints":{"allow":["GET"]}}],"collection":[{"href":"https:\/\/a-pant.ee\/ru\/wp-json\/wp\/v2\/product"}],"about":[{"href":"https:\/\/a-pant.ee\/ru\/wp-json\/wp\/v2\/types\/product"}],"replies":[{"embeddable":true,"href":"https:\/\/a-pant.ee\/ru\/wp-json\/wp\/v2\/comments?post=22978"}],"wp:featuredmedia":[{"embeddable":true,"href":"https:\/\/a-pant.ee\/ru\/wp-json\/wp\/v2\/media\/22979"}],"wp:attachment":[{"href":"https:\/\/a-pant.ee\/ru\/wp-json\/wp\/v2\/media?parent=22978"}],"wp:term":[{"taxonomy":"product_brand","embeddable":true,"href":"https:\/\/a-pant.ee\/ru\/wp-json\/wp\/v2\/product_brand?post=22978"},{"taxonomy":"product_cat","embeddable":true,"href":"https:\/\/a-pant.ee\/ru\/wp-json\/wp\/v2\/product_cat?post=22978"},{"taxonomy":"product_tag","embeddable":true,"href":"https:\/\/a-pant.ee\/ru\/wp-json\/wp\/v2\/product_tag?post=22978"}],"curies":[{"name":"wp","href":"https:\/\/api.w.org\/{rel}","templated":true}]}}