{"id":22970,"date":"2026-02-04T00:19:56","date_gmt":"2026-02-03T21:19:56","guid":{"rendered":"https:\/\/a-pant.ee\/product\/rotacionnyj-lazernyj-pribor-stabila-lar-350-set-19019\/"},"modified":"2026-02-22T12:48:34","modified_gmt":"2026-02-22T09:48:34","slug":"rotaczionnyj-lazernyj-pribor-stabila-lar-350-set-19019","status":"publish","type":"product","link":"https:\/\/a-pant.ee\/ru\/product\/rotaczionnyj-lazernyj-pribor-stabila-lar-350-set-19019\/","title":{"rendered":"\u0420\u043e\u0442\u0430\u0446\u0438\u043e\u043d\u043d\u044b\u0439 \u041b\u0430\u0437\u0435\u0440\u043d\u044b\u0439 \u041f\u0440\u0438\u0431\u043e\u0440 STABILA LAR 350 SET 19019"},"content":{"rendered":"\n<p> Rotatsiooni Laserseade STABILA LAR 350 SET 19019, heas seisu- ja t\u00f6\u00f6korras! <\/p><p> KIRJELDUS <\/p><p> T\u00f6\u00f6vahemik vastuv\u00f5tjaga: 800 m <br \/> T\u00e4psus: \u00b1 0,1 mm\/m <br \/> Stabiilne liikumisjuhtimiss\u00fcsteem &#8212; seadme juhtimine kaugjuhtimisest <br \/> Kontrollitud kallutamine piki kahte telge kuni 5 \u00b0 <br \/> Stabiilne kaitses\u00fcsteem &#8212; s\u00fcgiskaitse <br \/> Vastuv\u00f5tja rec 300 digitaalne <\/p>\n","protected":false},"excerpt":{"rendered":"<p>Rotatsiooni Laserseade STABILA LAR 350 SET 19019, heas seisu- ja t\u00f6\u00f6korras! KIRJELDUS T\u00f6\u00f6vahemik vastuv\u00f5tjaga: 800 m T\u00e4psus: \u00b1 0,1 mm\/m Stabiilne liikumisjuhtimiss\u00fcsteem &#8212; seadme juhtimine kaugjuhtimisest Kontrollitud kallutamine piki kahte telge kuni 5 \u00b0 Stabiilne kaitses\u00fcsteem &#8212; s\u00fcgiskaitse Vastuv\u00f5tja rec 300 digitaalne<\/p>\n","protected":false},"featured_media":22971,"comment_status":"closed","ping_status":"open","template":"","meta":{"inline_featured_image":false},"product_brand":[],"product_cat":[232],"product_tag":[],"class_list":{"0":"post-22970","1":"product","2":"type-product","3":"status-publish","4":"has-post-thumbnail","6":"product_cat-lazernye-niveliry","7":"pa_asukoht-lasnamae","8":"pa_seisukord-ispolzovano","10":"first","11":"instock","12":"taxable","13":"shipping-taxable","14":"purchasable","15":"product-type-simple"},"_links":{"self":[{"href":"https:\/\/a-pant.ee\/ru\/wp-json\/wp\/v2\/product\/22970","targetHints":{"allow":["GET"]}}],"collection":[{"href":"https:\/\/a-pant.ee\/ru\/wp-json\/wp\/v2\/product"}],"about":[{"href":"https:\/\/a-pant.ee\/ru\/wp-json\/wp\/v2\/types\/product"}],"replies":[{"embeddable":true,"href":"https:\/\/a-pant.ee\/ru\/wp-json\/wp\/v2\/comments?post=22970"}],"wp:featuredmedia":[{"embeddable":true,"href":"https:\/\/a-pant.ee\/ru\/wp-json\/wp\/v2\/media\/22971"}],"wp:attachment":[{"href":"https:\/\/a-pant.ee\/ru\/wp-json\/wp\/v2\/media?parent=22970"}],"wp:term":[{"taxonomy":"product_brand","embeddable":true,"href":"https:\/\/a-pant.ee\/ru\/wp-json\/wp\/v2\/product_brand?post=22970"},{"taxonomy":"product_cat","embeddable":true,"href":"https:\/\/a-pant.ee\/ru\/wp-json\/wp\/v2\/product_cat?post=22970"},{"taxonomy":"product_tag","embeddable":true,"href":"https:\/\/a-pant.ee\/ru\/wp-json\/wp\/v2\/product_tag?post=22970"}],"curies":[{"name":"wp","href":"https:\/\/api.w.org\/{rel}","templated":true}]}}