{"id":22956,"date":"2026-02-04T00:19:56","date_gmt":"2026-02-03T21:19:56","guid":{"rendered":"https:\/\/a-pant.ee\/product\/nabor-nakonechnikov-okko-vg050-52-sht\/"},"modified":"2026-02-22T12:48:34","modified_gmt":"2026-02-22T09:48:34","slug":"nabor-nakonechnikov-okko-vg050-1-4-52-sht-chemodan","status":"publish","type":"product","link":"https:\/\/a-pant.ee\/ru\/product\/nabor-nakonechnikov-okko-vg050-1-4-52-sht-chemodan\/","title":{"rendered":"\u041d\u0430\u0431\u043e\u0440 \u043d\u0430\u043a\u043e\u043d\u0435\u0447\u043d\u0438\u043a\u043e\u0432 Okko VG050, 1\/4&#8243;, 52 \u0448\u0442. + \u0427\u0435\u043c\u043e\u0434\u0430\u043d"},"content":{"rendered":"\n<p> Otsikute komplekt Okko VG050, 1\/4&#8243;, 52 tk + Kohver,\u00a0heas seisu- ja t\u00f6\u00f6korras! <\/p><p> KIRJELDUS <\/p><p> Toote t\u00fc\u00fcp n\u00e4pun\u00e4idete komplekt <br \/> Okko kaubam\u00e4rk <br \/> Materiaalne plast, kumm, metallisulam <br \/> Tolli \u00fchend 1\/4 &#187; <br \/> Mutter \/ poldi suurus on 4\u201313 mm <br \/> Pole paindlik <br \/> Komplekti 52 osade arv <br \/> Lisateave materjal: plast, metallisulam. Paindlik: Ei. \u00dchendus: 1\/4. Mutite suurus \/ poldid: 4 &#8212; 13 mm <\/p>\n","protected":false},"excerpt":{"rendered":"<p>Otsikute komplekt Okko VG050, 1\/4&#8243;, 52 tk + Kohver,\u00a0heas seisu- ja t\u00f6\u00f6korras! KIRJELDUS Toote t\u00fc\u00fcp n\u00e4pun\u00e4idete komplekt Okko kaubam\u00e4rk Materiaalne plast, kumm, metallisulam Tolli \u00fchend 1\/4 &#187; Mutter \/ poldi suurus on 4\u201313 mm Pole paindlik Komplekti 52 osade arv Lisateave materjal: plast, metallisulam. Paindlik: Ei. \u00dchendus: 1\/4. Mutite suurus \/ poldid: 4 &#8212; 13 [&hellip;]<\/p>\n","protected":false},"featured_media":22957,"comment_status":"closed","ping_status":"open","template":"","meta":{"inline_featured_image":false},"product_brand":[],"product_cat":[246],"product_tag":[],"class_list":{"0":"post-22956","1":"product","2":"type-product","3":"status-publish","4":"has-post-thumbnail","6":"product_cat-instrumenty-drugoe","7":"pa_asukoht-mustamae","8":"pa_seisukord-ispolzovano","10":"first","11":"instock","12":"taxable","13":"shipping-taxable","14":"purchasable","15":"product-type-simple"},"_links":{"self":[{"href":"https:\/\/a-pant.ee\/ru\/wp-json\/wp\/v2\/product\/22956","targetHints":{"allow":["GET"]}}],"collection":[{"href":"https:\/\/a-pant.ee\/ru\/wp-json\/wp\/v2\/product"}],"about":[{"href":"https:\/\/a-pant.ee\/ru\/wp-json\/wp\/v2\/types\/product"}],"replies":[{"embeddable":true,"href":"https:\/\/a-pant.ee\/ru\/wp-json\/wp\/v2\/comments?post=22956"}],"wp:featuredmedia":[{"embeddable":true,"href":"https:\/\/a-pant.ee\/ru\/wp-json\/wp\/v2\/media\/22957"}],"wp:attachment":[{"href":"https:\/\/a-pant.ee\/ru\/wp-json\/wp\/v2\/media?parent=22956"}],"wp:term":[{"taxonomy":"product_brand","embeddable":true,"href":"https:\/\/a-pant.ee\/ru\/wp-json\/wp\/v2\/product_brand?post=22956"},{"taxonomy":"product_cat","embeddable":true,"href":"https:\/\/a-pant.ee\/ru\/wp-json\/wp\/v2\/product_cat?post=22956"},{"taxonomy":"product_tag","embeddable":true,"href":"https:\/\/a-pant.ee\/ru\/wp-json\/wp\/v2\/product_tag?post=22956"}],"curies":[{"name":"wp","href":"https:\/\/api.w.org\/{rel}","templated":true}]}}