{"id":22950,"date":"2026-02-04T00:19:56","date_gmt":"2026-02-03T21:19:56","guid":{"rendered":"https:\/\/a-pant.ee\/product\/avtomobilnyy-kompressor-12v-150psi\/"},"modified":"2026-02-22T12:48:33","modified_gmt":"2026-02-22T09:48:33","slug":"avtomobilnyj-kompressor-air-compressor-12v-150psi","status":"publish","type":"product","link":"https:\/\/a-pant.ee\/ru\/product\/avtomobilnyj-kompressor-air-compressor-12v-150psi\/","title":{"rendered":"\u0410\u0432\u0442\u043e\u043c\u043e\u0431\u0438\u043b\u044c\u043d\u044b\u0439 \u043a\u043e\u043c\u043f\u0440\u0435\u0441\u0441\u043e\u0440 Air compressor 12v 150PSI"},"content":{"rendered":"\n<p> Auto \u00f5hukompressor Air compressor 12v 150PSI, heas seisu- ja t\u00f6\u00f6korras! <\/p><p> KIRJELDUS <\/p><p> Juhtme pikkus: 2 m <\/p><p> Maksimaalne t\u00f6\u00f6r\u00f5hk: 150 PSI <\/p><p> Maksimaalne \u00f5huhulk: 35 L\/min <\/p><p> Voltage 12v <\/p><p> Max Amperage 14A <\/p>\n","protected":false},"excerpt":{"rendered":"<p>Auto \u00f5hukompressor Air compressor 12v 150PSI, heas seisu- ja t\u00f6\u00f6korras! KIRJELDUS Juhtme pikkus: 2 m Maksimaalne t\u00f6\u00f6r\u00f5hk: 150 PSI Maksimaalne \u00f5huhulk: 35 L\/min Voltage 12v Max Amperage 14A<\/p>\n","protected":false},"featured_media":22951,"comment_status":"closed","ping_status":"closed","template":"","meta":{"inline_featured_image":false},"product_brand":[],"product_cat":[158],"product_tag":[],"class_list":{"0":"post-22950","1":"product","2":"type-product","3":"status-publish","4":"has-post-thumbnail","6":"product_cat-vse-dlya-avtomobilya","7":"product_shipping_class-oversize","8":"pa_asukoht-lasnamae","9":"pa_seisukord-ispolzovano","11":"first","12":"instock","13":"taxable","14":"shipping-taxable","15":"purchasable","16":"product-type-simple"},"_links":{"self":[{"href":"https:\/\/a-pant.ee\/ru\/wp-json\/wp\/v2\/product\/22950","targetHints":{"allow":["GET"]}}],"collection":[{"href":"https:\/\/a-pant.ee\/ru\/wp-json\/wp\/v2\/product"}],"about":[{"href":"https:\/\/a-pant.ee\/ru\/wp-json\/wp\/v2\/types\/product"}],"replies":[{"embeddable":true,"href":"https:\/\/a-pant.ee\/ru\/wp-json\/wp\/v2\/comments?post=22950"}],"wp:featuredmedia":[{"embeddable":true,"href":"https:\/\/a-pant.ee\/ru\/wp-json\/wp\/v2\/media\/22951"}],"wp:attachment":[{"href":"https:\/\/a-pant.ee\/ru\/wp-json\/wp\/v2\/media?parent=22950"}],"wp:term":[{"taxonomy":"product_brand","embeddable":true,"href":"https:\/\/a-pant.ee\/ru\/wp-json\/wp\/v2\/product_brand?post=22950"},{"taxonomy":"product_cat","embeddable":true,"href":"https:\/\/a-pant.ee\/ru\/wp-json\/wp\/v2\/product_cat?post=22950"},{"taxonomy":"product_tag","embeddable":true,"href":"https:\/\/a-pant.ee\/ru\/wp-json\/wp\/v2\/product_tag?post=22950"}],"curies":[{"name":"wp","href":"https:\/\/api.w.org\/{rel}","templated":true}]}}