{"id":22937,"date":"2026-02-04T00:19:56","date_gmt":"2026-02-03T21:19:56","guid":{"rendered":"https:\/\/a-pant.ee\/product\/akudrel-dewalt-dcd780\/"},"modified":"2026-02-22T12:48:33","modified_gmt":"2026-02-22T09:48:33","slug":"aku-drel-dewalt-dcd780-2tk-aku-zaryadka-yashhik","status":"publish","type":"product","link":"https:\/\/a-pant.ee\/ru\/product\/aku-drel-dewalt-dcd780-2tk-aku-zaryadka-yashhik\/","title":{"rendered":"\u0410\u043a\u0443-\u0434\u0440\u0435\u043b\u044c Dewalt DCD780 + 2\u0442\u043a \u0430\u043a\u0443 + \u0437\u0430\u0440\u044f\u0434\u043a\u0430 + \u044f\u0449\u0438\u043a"},"content":{"rendered":"\n<p> Akutrell Dewalt DCD780 + 2tk aku + laadija + kohver\u00a0, heas seisu- ja t\u00f6\u00f6korras! <\/p><p><br \/> Aku pinge <br \/> 18 V <br \/> Maksimaalne p\u00f6\u00f6rdemoment <br \/> 60 Nm <br \/> Max puuri l\u00e4bim\u00f5\u00f5t (puit) <br \/> 38 mm <br \/> Max puuri l\u00e4bim\u00f5\u00f5t (metall) <br \/> 13 mm <br \/> Kaal <br \/> 1,55 kg <br \/> Aku mahutavus <br \/> 3 Ah <br \/> Patareide arv <br \/> 2 tk. <br \/> Aku s\u00fcsteem <br \/> DEWALT 20V MAX <br \/> pakett <br \/> juhtum <br \/> Disaini omadused <br \/> toitenupu lukk, pro\u017eektori lamp, spindlilukk <br \/> Padruni l\u00e4bim\u00f5\u00f5t 1,5 \u2013 13 mm <br \/> Funktsioonid tagurpidi, kiiruse reguleerimine, mootoripidur <br \/> Kasseti t\u00fc\u00fcp <br \/> kiirkinnitus <br \/> Max t\u00fchik\u00e4igu kiirus 2000 p\/min <\/p>\n","protected":false},"excerpt":{"rendered":"<p>Akutrell Dewalt DCD780 + 2tk aku + laadija + kohver\u00a0, heas seisu- ja t\u00f6\u00f6korras! Aku pinge 18 V Maksimaalne p\u00f6\u00f6rdemoment 60 Nm Max puuri l\u00e4bim\u00f5\u00f5t (puit) 38 mm Max puuri l\u00e4bim\u00f5\u00f5t (metall) 13 mm Kaal 1,55 kg Aku mahutavus 3 Ah Patareide arv 2 tk. Aku s\u00fcsteem DEWALT 20V MAX pakett juhtum Disaini omadused toitenupu [&hellip;]<\/p>\n","protected":false},"featured_media":22938,"comment_status":"closed","ping_status":"open","template":"","meta":{"inline_featured_image":false},"product_brand":[],"product_cat":[221],"product_tag":[],"class_list":{"0":"post-22937","1":"product","2":"type-product","3":"status-publish","4":"has-post-thumbnail","6":"product_cat-akkumulyatornye-dreli","7":"pa_asukoht-lasnamae","8":"pa_seisukord-ispolzovano","10":"first","11":"instock","12":"taxable","13":"shipping-taxable","14":"purchasable","15":"product-type-simple"},"_links":{"self":[{"href":"https:\/\/a-pant.ee\/ru\/wp-json\/wp\/v2\/product\/22937","targetHints":{"allow":["GET"]}}],"collection":[{"href":"https:\/\/a-pant.ee\/ru\/wp-json\/wp\/v2\/product"}],"about":[{"href":"https:\/\/a-pant.ee\/ru\/wp-json\/wp\/v2\/types\/product"}],"replies":[{"embeddable":true,"href":"https:\/\/a-pant.ee\/ru\/wp-json\/wp\/v2\/comments?post=22937"}],"wp:featuredmedia":[{"embeddable":true,"href":"https:\/\/a-pant.ee\/ru\/wp-json\/wp\/v2\/media\/22938"}],"wp:attachment":[{"href":"https:\/\/a-pant.ee\/ru\/wp-json\/wp\/v2\/media?parent=22937"}],"wp:term":[{"taxonomy":"product_brand","embeddable":true,"href":"https:\/\/a-pant.ee\/ru\/wp-json\/wp\/v2\/product_brand?post=22937"},{"taxonomy":"product_cat","embeddable":true,"href":"https:\/\/a-pant.ee\/ru\/wp-json\/wp\/v2\/product_cat?post=22937"},{"taxonomy":"product_tag","embeddable":true,"href":"https:\/\/a-pant.ee\/ru\/wp-json\/wp\/v2\/product_tag?post=22937"}],"curies":[{"name":"wp","href":"https:\/\/api.w.org\/{rel}","templated":true}]}}