{"id":22930,"date":"2026-02-04T00:19:56","date_gmt":"2026-02-03T21:19:56","guid":{"rendered":"https:\/\/a-pant.ee\/product\/robot-pylesos-irobot-scooba-450\/"},"modified":"2026-02-22T12:48:33","modified_gmt":"2026-02-22T09:48:33","slug":"robot-pylesos-irobot-scooba-450-korobka-zaryadka","status":"publish","type":"product","link":"https:\/\/a-pant.ee\/ru\/product\/robot-pylesos-irobot-scooba-450-korobka-zaryadka\/","title":{"rendered":"\u0420\u043e\u0431\u043e\u0442-\u043f\u044b\u043b\u0435\u0441\u043e\u0441 iRobot Scooba 450 + \u041a\u043e\u0440\u043e\u0431\u043a\u0430 + \u0417\u0430\u0440\u044f\u0434\u043a\u0430"},"content":{"rendered":"\n<p> Tolmuimeja iRobot Scooba 450 + Karp + Laadija, heas seisu- ja t\u00f6\u00f6korras! <\/p><p> KIRJELDUS <\/p><p> Puhastamise t\u00fc\u00fcp <br \/> Niiske <br \/> Tolmumahuti t\u00fc\u00fcp <br \/> T\u00f6\u00f6 akust <br \/> kuni 90 minutit <br \/> T\u00f6\u00f6re\u017eiimid <br \/> Liikumine m\u00f6\u00f6da seinte, Zigzagi liikumine <br \/> Andurite t\u00fc\u00fcp <br \/> Optiline <br \/> Disainifunktsioonid <br \/> ekraan, pehme kaitseraua <br \/> Shhhhv <br \/> 36,58&#215;36,58&#215;9,14 cm <\/p>\n","protected":false},"excerpt":{"rendered":"<p>Tolmuimeja iRobot Scooba 450 + Karp + Laadija, heas seisu- ja t\u00f6\u00f6korras! KIRJELDUS Puhastamise t\u00fc\u00fcp Niiske Tolmumahuti t\u00fc\u00fcp T\u00f6\u00f6 akust kuni 90 minutit T\u00f6\u00f6re\u017eiimid Liikumine m\u00f6\u00f6da seinte, Zigzagi liikumine Andurite t\u00fc\u00fcp Optiline Disainifunktsioonid ekraan, pehme kaitseraua Shhhhv 36,58&#215;36,58&#215;9,14 cm<\/p>\n","protected":false},"featured_media":22931,"comment_status":"closed","ping_status":"open","template":"","meta":{"inline_featured_image":false},"product_brand":[],"product_cat":[166],"product_tag":[],"class_list":{"0":"post-22930","1":"product","2":"type-product","3":"status-publish","4":"has-post-thumbnail","6":"product_cat-bytovaya-tehnika","7":"pa_asukoht-mustamae","8":"pa_seisukord-ispolzovano","10":"first","11":"instock","12":"taxable","13":"shipping-taxable","14":"purchasable","15":"product-type-simple"},"_links":{"self":[{"href":"https:\/\/a-pant.ee\/ru\/wp-json\/wp\/v2\/product\/22930","targetHints":{"allow":["GET"]}}],"collection":[{"href":"https:\/\/a-pant.ee\/ru\/wp-json\/wp\/v2\/product"}],"about":[{"href":"https:\/\/a-pant.ee\/ru\/wp-json\/wp\/v2\/types\/product"}],"replies":[{"embeddable":true,"href":"https:\/\/a-pant.ee\/ru\/wp-json\/wp\/v2\/comments?post=22930"}],"wp:featuredmedia":[{"embeddable":true,"href":"https:\/\/a-pant.ee\/ru\/wp-json\/wp\/v2\/media\/22931"}],"wp:attachment":[{"href":"https:\/\/a-pant.ee\/ru\/wp-json\/wp\/v2\/media?parent=22930"}],"wp:term":[{"taxonomy":"product_brand","embeddable":true,"href":"https:\/\/a-pant.ee\/ru\/wp-json\/wp\/v2\/product_brand?post=22930"},{"taxonomy":"product_cat","embeddable":true,"href":"https:\/\/a-pant.ee\/ru\/wp-json\/wp\/v2\/product_cat?post=22930"},{"taxonomy":"product_tag","embeddable":true,"href":"https:\/\/a-pant.ee\/ru\/wp-json\/wp\/v2\/product_tag?post=22930"}],"curies":[{"name":"wp","href":"https:\/\/api.w.org\/{rel}","templated":true}]}}