{"id":22923,"date":"2026-02-04T00:19:56","date_gmt":"2026-02-03T21:19:56","guid":{"rendered":"https:\/\/a-pant.ee\/product\/bessprovodnye-naushniki-jabra-evolve-65\/"},"modified":"2026-02-22T12:48:33","modified_gmt":"2026-02-22T09:48:33","slug":"besprovodnye-naushniki-jabra-evolve-75-uc-stereo-chehol","status":"publish","type":"product","link":"https:\/\/a-pant.ee\/ru\/product\/besprovodnye-naushniki-jabra-evolve-75-uc-stereo-chehol\/","title":{"rendered":"\u0411\u0435\u0441\u043f\u0440\u043e\u0432\u043e\u0434\u043d\u044b\u0435 \u043d\u0430\u0443\u0448\u043d\u0438\u043a\u0438 Jabra Evolve 75 UC Stereo + \u0427\u0435\u0445\u043e\u043b"},"content":{"rendered":"\n<p> Juhtmevaba k\u00f5rvaklapid Jabra EVOLVE 65, heas seisu- ja t\u00f6\u00f6korras! <\/p><p> KIRJELDUS <\/p><p> K\u00f5rvaklappide t\u00fc\u00fcp <br \/> vale <br \/> \u00dchendus <br \/> Juhtmeta <br \/> Pistik <br \/> USB <br \/> Mikrofonifunktsioonid <br \/> Mikrofon m\u00fcra v\u00e4hendamisega <\/p>\n","protected":false},"excerpt":{"rendered":"<p>Juhtmevaba k\u00f5rvaklapid Jabra EVOLVE 65, heas seisu- ja t\u00f6\u00f6korras! KIRJELDUS K\u00f5rvaklappide t\u00fc\u00fcp vale \u00dchendus Juhtmeta Pistik USB Mikrofonifunktsioonid Mikrofon m\u00fcra v\u00e4hendamisega<\/p>\n","protected":false},"featured_media":22924,"comment_status":"closed","ping_status":"open","template":"","meta":{"inline_featured_image":false},"product_brand":[],"product_cat":[168],"product_tag":[],"class_list":{"0":"post-22923","1":"product","2":"type-product","3":"status-publish","4":"has-post-thumbnail","6":"product_cat-naushniki","7":"pa_asukoht-mustamae","8":"pa_seisukord-ispolzovano","10":"first","11":"instock","12":"taxable","13":"shipping-taxable","14":"purchasable","15":"product-type-simple"},"_links":{"self":[{"href":"https:\/\/a-pant.ee\/ru\/wp-json\/wp\/v2\/product\/22923","targetHints":{"allow":["GET"]}}],"collection":[{"href":"https:\/\/a-pant.ee\/ru\/wp-json\/wp\/v2\/product"}],"about":[{"href":"https:\/\/a-pant.ee\/ru\/wp-json\/wp\/v2\/types\/product"}],"replies":[{"embeddable":true,"href":"https:\/\/a-pant.ee\/ru\/wp-json\/wp\/v2\/comments?post=22923"}],"wp:featuredmedia":[{"embeddable":true,"href":"https:\/\/a-pant.ee\/ru\/wp-json\/wp\/v2\/media\/22924"}],"wp:attachment":[{"href":"https:\/\/a-pant.ee\/ru\/wp-json\/wp\/v2\/media?parent=22923"}],"wp:term":[{"taxonomy":"product_brand","embeddable":true,"href":"https:\/\/a-pant.ee\/ru\/wp-json\/wp\/v2\/product_brand?post=22923"},{"taxonomy":"product_cat","embeddable":true,"href":"https:\/\/a-pant.ee\/ru\/wp-json\/wp\/v2\/product_cat?post=22923"},{"taxonomy":"product_tag","embeddable":true,"href":"https:\/\/a-pant.ee\/ru\/wp-json\/wp\/v2\/product_tag?post=22923"}],"curies":[{"name":"wp","href":"https:\/\/api.w.org\/{rel}","templated":true}]}}