{"id":22917,"date":"2026-02-04T00:19:56","date_gmt":"2026-02-03T21:19:56","guid":{"rendered":"https:\/\/a-pant.ee\/product\/perforator-hilti-te55\/"},"modified":"2026-02-22T12:48:33","modified_gmt":"2026-02-22T09:48:33","slug":"perforator-hilti-te55","status":"publish","type":"product","link":"https:\/\/a-pant.ee\/ru\/product\/perforator-hilti-te55\/","title":{"rendered":"\u041f\u0435\u0440\u0444\u043e\u0440\u0430\u0442\u043e\u0440 Hilti TE55"},"content":{"rendered":"\n<p> Puurvasar Hilti TE55,\u00a0heas seisu- ja t\u00f6\u00f6korras! <\/p><p> KIRJELDUS <\/p><p> T\u00f6\u00f6riistade t\u00fc\u00fcp: professionaalne. <br \/> P\u00f6\u00f6rlemissagedus (j\u00f5ude): sujuv reguleerimine kahes vahemikus &#8212; kuni 230 p \/ min ja kuni 480 p \/ min (TE 55) <br \/> Streikide sagedus: kuni 2630 l\u00f6\u00f6ki minutis (TE 55) <br \/> L\u00f6\u00f6gi energia: kuni 6 J (TE 55) <br \/> Tagasi: puudub. <br \/> Kasseti t\u00fc\u00fcp: SDS-MAX s\u00fcsteemi kiire pakitud kassett. <br \/> Puurimise l\u00e4bim\u00f5\u00f5t (max.): Betooni abil &#8212; 55 mm (TE 55) <br \/> N\u00f6\u00f6ri pikkus: 3 m. <br \/> Kaal: 5,9 kg (TE 55) <\/p>\n","protected":false},"excerpt":{"rendered":"<p>Puurvasar Hilti TE55,\u00a0heas seisu- ja t\u00f6\u00f6korras! KIRJELDUS T\u00f6\u00f6riistade t\u00fc\u00fcp: professionaalne. P\u00f6\u00f6rlemissagedus (j\u00f5ude): sujuv reguleerimine kahes vahemikus &#8212; kuni 230 p \/ min ja kuni 480 p \/ min (TE 55) Streikide sagedus: kuni 2630 l\u00f6\u00f6ki minutis (TE 55) L\u00f6\u00f6gi energia: kuni 6 J (TE 55) Tagasi: puudub. Kasseti t\u00fc\u00fcp: SDS-MAX s\u00fcsteemi kiire pakitud kassett. Puurimise [&hellip;]<\/p>\n","protected":false},"featured_media":22918,"comment_status":"closed","ping_status":"open","template":"","meta":{"inline_featured_image":false},"product_brand":[],"product_cat":[239],"product_tag":[],"class_list":{"0":"post-22917","1":"product","2":"type-product","3":"status-publish","4":"has-post-thumbnail","6":"product_cat-perforatory-i-dreli","7":"pa_asukoht-mustamae","8":"pa_seisukord-ispolzovano","10":"first","11":"instock","12":"taxable","13":"shipping-taxable","14":"purchasable","15":"product-type-simple"},"_links":{"self":[{"href":"https:\/\/a-pant.ee\/ru\/wp-json\/wp\/v2\/product\/22917","targetHints":{"allow":["GET"]}}],"collection":[{"href":"https:\/\/a-pant.ee\/ru\/wp-json\/wp\/v2\/product"}],"about":[{"href":"https:\/\/a-pant.ee\/ru\/wp-json\/wp\/v2\/types\/product"}],"replies":[{"embeddable":true,"href":"https:\/\/a-pant.ee\/ru\/wp-json\/wp\/v2\/comments?post=22917"}],"wp:featuredmedia":[{"embeddable":true,"href":"https:\/\/a-pant.ee\/ru\/wp-json\/wp\/v2\/media\/22918"}],"wp:attachment":[{"href":"https:\/\/a-pant.ee\/ru\/wp-json\/wp\/v2\/media?parent=22917"}],"wp:term":[{"taxonomy":"product_brand","embeddable":true,"href":"https:\/\/a-pant.ee\/ru\/wp-json\/wp\/v2\/product_brand?post=22917"},{"taxonomy":"product_cat","embeddable":true,"href":"https:\/\/a-pant.ee\/ru\/wp-json\/wp\/v2\/product_cat?post=22917"},{"taxonomy":"product_tag","embeddable":true,"href":"https:\/\/a-pant.ee\/ru\/wp-json\/wp\/v2\/product_tag?post=22917"}],"curies":[{"name":"wp","href":"https:\/\/api.w.org\/{rel}","templated":true}]}}