{"id":22898,"date":"2026-02-04T00:19:56","date_gmt":"2026-02-03T21:19:56","guid":{"rendered":"https:\/\/a-pant.ee\/product\/akudrel-makita-dhp459-akku-5-0ah\/"},"modified":"2026-02-22T12:48:32","modified_gmt":"2026-02-22T09:48:32","slug":"akudrel-makita-dhp459-aku-5-0ah","status":"publish","type":"product","link":"https:\/\/a-pant.ee\/ru\/product\/akudrel-makita-dhp459-aku-5-0ah\/","title":{"rendered":"\u0410\u043a\u0443\u0434\u0440\u0435\u043b\u044c Makita DHP459 + \u0410\u043a\u0443 5.0Ah"},"content":{"rendered":"\n<p> Akutrell Makita DHP459 + Aku 5.0Ah, heas seisu- ja t\u00f6\u00f6korras! <\/p><p> KIRJELDUS <\/p><p> Spetsifikatsioonid <\/p><p> Aku pinge, 18 <\/p><p> Li-lon aku t\u00fc\u00fcp <\/p><p> Aku maht 5,0 A \u00b7 H <\/p><p> Akude arv 1 <\/p><p> Seal on l\u00f6\u00f6k <\/p><p> Streigide sagedus 0\u20136000 l\u00f6\u00f6ki\/min. <\/p><p> Maksimaalne p\u00f6\u00f6rdemoment 45 nm <\/p><p> Maksimaalne revolutsioonide arv t\u00fchik\u00e4igul 1500 p \/ min <\/p><p> Kiiruse arv 2 <\/p><p> Revolutsioonide arv 2 kiirusel on 0-1500 maht \/min. <\/p><p> Revolutsioonide arv on 0\u2013400 maht\/min. <\/p><p> Taskulampi ei kuulu <\/p><p> Seal on taustvalgus <\/p><p> Seal on mootoripidur <\/p><p> Seal on spindlilukk <\/p><p> Kasseti suurus 13 mm <\/p><p> Maksimaalne puuri l\u00e4bim\u00f5\u00f5t (puit) 38 mm <\/p><p> Streikide sagedus, 2 kiirust 0-22500 inad\/min. <\/p><p> M\u00f5\u00f5tmed 225x79x258 mm <\/p>\n","protected":false},"excerpt":{"rendered":"<p>Akutrell Makita DHP459 + Aku 5.0Ah, heas seisu- ja t\u00f6\u00f6korras! KIRJELDUS Spetsifikatsioonid Aku pinge, 18 Li-lon aku t\u00fc\u00fcp Aku maht 5,0 A \u00b7 H Akude arv 1 Seal on l\u00f6\u00f6k Streigide sagedus 0\u20136000 l\u00f6\u00f6ki\/min. Maksimaalne p\u00f6\u00f6rdemoment 45 nm Maksimaalne revolutsioonide arv t\u00fchik\u00e4igul 1500 p \/ min Kiiruse arv 2 Revolutsioonide arv 2 kiirusel on 0-1500 [&hellip;]<\/p>\n","protected":false},"featured_media":22899,"comment_status":"closed","ping_status":"closed","template":"","meta":{"inline_featured_image":false},"product_brand":[],"product_cat":[221],"product_tag":[],"class_list":{"0":"post-22898","1":"product","2":"type-product","3":"status-publish","4":"has-post-thumbnail","6":"product_cat-akkumulyatornye-dreli","7":"pa_asukoht-mustamae","8":"pa_seisukord-ispolzovano","10":"first","11":"outofstock","12":"taxable","13":"shipping-taxable","14":"purchasable","15":"product-type-simple"},"_links":{"self":[{"href":"https:\/\/a-pant.ee\/ru\/wp-json\/wp\/v2\/product\/22898","targetHints":{"allow":["GET"]}}],"collection":[{"href":"https:\/\/a-pant.ee\/ru\/wp-json\/wp\/v2\/product"}],"about":[{"href":"https:\/\/a-pant.ee\/ru\/wp-json\/wp\/v2\/types\/product"}],"replies":[{"embeddable":true,"href":"https:\/\/a-pant.ee\/ru\/wp-json\/wp\/v2\/comments?post=22898"}],"wp:featuredmedia":[{"embeddable":true,"href":"https:\/\/a-pant.ee\/ru\/wp-json\/wp\/v2\/media\/22899"}],"wp:attachment":[{"href":"https:\/\/a-pant.ee\/ru\/wp-json\/wp\/v2\/media?parent=22898"}],"wp:term":[{"taxonomy":"product_brand","embeddable":true,"href":"https:\/\/a-pant.ee\/ru\/wp-json\/wp\/v2\/product_brand?post=22898"},{"taxonomy":"product_cat","embeddable":true,"href":"https:\/\/a-pant.ee\/ru\/wp-json\/wp\/v2\/product_cat?post=22898"},{"taxonomy":"product_tag","embeddable":true,"href":"https:\/\/a-pant.ee\/ru\/wp-json\/wp\/v2\/product_tag?post=22898"}],"curies":[{"name":"wp","href":"https:\/\/api.w.org\/{rel}","templated":true}]}}