{"id":22892,"date":"2026-02-04T00:19:56","date_gmt":"2026-02-03T21:19:56","guid":{"rendered":"https:\/\/a-pant.ee\/product\/naushniki-happy-plugs-air-1\/"},"modified":"2026-02-22T12:48:32","modified_gmt":"2026-02-22T09:48:32","slug":"naushniki-happy-plugs-air-1","status":"publish","type":"product","link":"https:\/\/a-pant.ee\/ru\/product\/naushniki-happy-plugs-air-1\/","title":{"rendered":"\u041d\u0430\u0443\u0448\u043d\u0438\u043a\u0438 Happy Plugs Air 1"},"content":{"rendered":"\n<p> K\u00f5rvaklapid Happy Plugs Air 1\u00a0, heas seisu- ja t\u00f6\u00f6korras! <\/p><p><br \/> Kujundamine <br \/> vooderdis <br \/> \u00dchendus Bluetooth 5.0 <br \/> Laadimisliik <br \/> Mikro -usb <br \/> Mikrofonide arv 2 <br \/> T\u00f6\u00f6tunnid <br \/> 14 tundi <br \/> Takistus 16 oomi <br \/> Reprodutseeritavate sageduste vahemik 20-20000 Hz <br \/> Tundlikkus 95 dB <\/p>\n","protected":false},"excerpt":{"rendered":"<p>K\u00f5rvaklapid Happy Plugs Air 1\u00a0, heas seisu- ja t\u00f6\u00f6korras! Kujundamine vooderdis \u00dchendus Bluetooth 5.0 Laadimisliik Mikro -usb Mikrofonide arv 2 T\u00f6\u00f6tunnid 14 tundi Takistus 16 oomi Reprodutseeritavate sageduste vahemik 20-20000 Hz Tundlikkus 95 dB<\/p>\n","protected":false},"featured_media":22893,"comment_status":"closed","ping_status":"open","template":"","meta":{"inline_featured_image":false},"product_brand":[],"product_cat":[168],"product_tag":[],"class_list":{"0":"post-22892","1":"product","2":"type-product","3":"status-publish","4":"has-post-thumbnail","6":"product_cat-naushniki","7":"pa_asukoht-mustamae","8":"pa_seisukord-ispolzovano","10":"first","11":"instock","12":"taxable","13":"shipping-taxable","14":"purchasable","15":"product-type-simple"},"_links":{"self":[{"href":"https:\/\/a-pant.ee\/ru\/wp-json\/wp\/v2\/product\/22892","targetHints":{"allow":["GET"]}}],"collection":[{"href":"https:\/\/a-pant.ee\/ru\/wp-json\/wp\/v2\/product"}],"about":[{"href":"https:\/\/a-pant.ee\/ru\/wp-json\/wp\/v2\/types\/product"}],"replies":[{"embeddable":true,"href":"https:\/\/a-pant.ee\/ru\/wp-json\/wp\/v2\/comments?post=22892"}],"wp:featuredmedia":[{"embeddable":true,"href":"https:\/\/a-pant.ee\/ru\/wp-json\/wp\/v2\/media\/22893"}],"wp:attachment":[{"href":"https:\/\/a-pant.ee\/ru\/wp-json\/wp\/v2\/media?parent=22892"}],"wp:term":[{"taxonomy":"product_brand","embeddable":true,"href":"https:\/\/a-pant.ee\/ru\/wp-json\/wp\/v2\/product_brand?post=22892"},{"taxonomy":"product_cat","embeddable":true,"href":"https:\/\/a-pant.ee\/ru\/wp-json\/wp\/v2\/product_cat?post=22892"},{"taxonomy":"product_tag","embeddable":true,"href":"https:\/\/a-pant.ee\/ru\/wp-json\/wp\/v2\/product_tag?post=22892"}],"curies":[{"name":"wp","href":"https:\/\/api.w.org\/{rel}","templated":true}]}}