{"id":22879,"date":"2026-02-04T00:19:56","date_gmt":"2026-02-03T21:19:56","guid":{"rendered":"https:\/\/a-pant.ee\/product\/bessprovodnaya-kolonka-jbl-clip-4\/"},"modified":"2026-02-22T12:48:32","modified_gmt":"2026-02-22T09:48:32","slug":"besprovodnaya-kolonka-jbl-clip-4","status":"publish","type":"product","link":"https:\/\/a-pant.ee\/ru\/product\/besprovodnaya-kolonka-jbl-clip-4\/","title":{"rendered":"\u0411\u0435\u0441\u043f\u0440\u043e\u0432\u043e\u0434\u043d\u0430\u044f \u043a\u043e\u043b\u043e\u043d\u043a\u0430 JBL Clip 4"},"content":{"rendered":"\n<p> Juhtmevaba k\u00f5lar JBL Clip 4, heas seisu- ja t\u00f6\u00f6korras! <\/p><p> KIRJELDUS <\/p><p> Heli <br \/> mono <br \/> Koguv\u00f5imsus 5 W <br \/> Autonoomne j\u00f5ud, vooluv\u00f5rgust <br \/> Traadita \u00fchendus <br \/> Bluetooth <br \/> Pistikud <br \/> USB (arvutiga \u00fchenduse loomiseks) <br \/> USB-C-t\u00fc\u00fcpi laadimispistik <br \/> Avatunnid 10 h <br \/> Aku maht 500 mAh <br \/> Ise\u00e4rasused <br \/> niiskusekindel \u00fcmbris, karabiin, passiivne t\u00f6\u00f6, pliiats, k\u00e4epide <\/p>\n","protected":false},"excerpt":{"rendered":"<p>Juhtmevaba k\u00f5lar JBL Clip 4, heas seisu- ja t\u00f6\u00f6korras! KIRJELDUS Heli mono Koguv\u00f5imsus 5 W Autonoomne j\u00f5ud, vooluv\u00f5rgust Traadita \u00fchendus Bluetooth Pistikud USB (arvutiga \u00fchenduse loomiseks) USB-C-t\u00fc\u00fcpi laadimispistik Avatunnid 10 h Aku maht 500 mAh Ise\u00e4rasused niiskusekindel \u00fcmbris, karabiin, passiivne t\u00f6\u00f6, pliiats, k\u00e4epide<\/p>\n","protected":false},"featured_media":22880,"comment_status":"closed","ping_status":"closed","template":"","meta":{"inline_featured_image":false},"product_brand":[],"product_cat":[167],"product_tag":[],"class_list":{"0":"post-22879","1":"product","2":"type-product","3":"status-publish","4":"has-post-thumbnail","6":"product_cat-kolonki","7":"pa_asukoht-mustamae","8":"pa_seisukord-ispolzovano","10":"first","11":"outofstock","12":"taxable","13":"shipping-taxable","14":"purchasable","15":"product-type-simple"},"_links":{"self":[{"href":"https:\/\/a-pant.ee\/ru\/wp-json\/wp\/v2\/product\/22879","targetHints":{"allow":["GET"]}}],"collection":[{"href":"https:\/\/a-pant.ee\/ru\/wp-json\/wp\/v2\/product"}],"about":[{"href":"https:\/\/a-pant.ee\/ru\/wp-json\/wp\/v2\/types\/product"}],"replies":[{"embeddable":true,"href":"https:\/\/a-pant.ee\/ru\/wp-json\/wp\/v2\/comments?post=22879"}],"wp:featuredmedia":[{"embeddable":true,"href":"https:\/\/a-pant.ee\/ru\/wp-json\/wp\/v2\/media\/22880"}],"wp:attachment":[{"href":"https:\/\/a-pant.ee\/ru\/wp-json\/wp\/v2\/media?parent=22879"}],"wp:term":[{"taxonomy":"product_brand","embeddable":true,"href":"https:\/\/a-pant.ee\/ru\/wp-json\/wp\/v2\/product_brand?post=22879"},{"taxonomy":"product_cat","embeddable":true,"href":"https:\/\/a-pant.ee\/ru\/wp-json\/wp\/v2\/product_cat?post=22879"},{"taxonomy":"product_tag","embeddable":true,"href":"https:\/\/a-pant.ee\/ru\/wp-json\/wp\/v2\/product_tag?post=22879"}],"curies":[{"name":"wp","href":"https:\/\/api.w.org\/{rel}","templated":true}]}}