{"id":22861,"date":"2026-02-04T00:11:51","date_gmt":"2026-02-03T21:11:51","guid":{"rendered":"https:\/\/a-pant.ee\/product\/noutbuk-hp-255-g4-bez-zaryadki\/"},"modified":"2026-02-22T12:48:36","modified_gmt":"2026-02-22T09:48:36","slug":"noutbuk-hp-255-g4-bez-zaryadki","status":"publish","type":"product","link":"https:\/\/a-pant.ee\/ru\/product\/noutbuk-hp-255-g4-bez-zaryadki\/","title":{"rendered":"\u041d\u043e\u0443\u0442\u0431\u0443\u043a HP 255 G4 (\u0431\u0435\u0437 \u0437\u0430\u0440\u044f\u0434\u043a\u0438)"},"content":{"rendered":"\n<p> S\u00fclearvuti HP 255 G4 (ilma laadija), heas seisu- ja t\u00f6\u00f6korras! <\/p><p> KIRJELDUS <\/p><p> Protsessor (CPU) : AMD E1 -6015 with AMD Radeon R2 Graphics (2cpus) &#8212; 1.4ghzz <\/p><p> Operatiiv m\u00e4lu : 4 GB <\/p><p> Videokaart (CPU):AMD Radeon R2 Graphics 2034MB <\/p><p> K\u00f5vaketas: HGST HTS545050A7E680 SATA 512GB <br \/><br \/> Windows 8.1 \/ 64 bit <\/p>\n","protected":false},"excerpt":{"rendered":"<p>S\u00fclearvuti HP 255 G4 (ilma laadija), heas seisu- ja t\u00f6\u00f6korras! KIRJELDUS Protsessor (CPU) : AMD E1 -6015 with AMD Radeon R2 Graphics (2cpus) &#8212; 1.4ghzz Operatiiv m\u00e4lu : 4 GB Videokaart (CPU):AMD Radeon R2 Graphics 2034MB K\u00f5vaketas: HGST HTS545050A7E680 SATA 512GB Windows 8.1 \/ 64 bit<\/p>\n","protected":false},"featured_media":22862,"comment_status":"closed","ping_status":"open","template":"","meta":{"inline_featured_image":false},"product_brand":[],"product_cat":[179],"product_tag":[],"class_list":{"0":"post-22861","1":"product","2":"type-product","3":"status-publish","4":"has-post-thumbnail","6":"product_cat-noutbuki","7":"pa_asukoht-lasnamae","8":"pa_seisukord-ispolzovano","10":"first","11":"instock","12":"taxable","13":"shipping-taxable","14":"purchasable","15":"product-type-simple"},"_links":{"self":[{"href":"https:\/\/a-pant.ee\/ru\/wp-json\/wp\/v2\/product\/22861","targetHints":{"allow":["GET"]}}],"collection":[{"href":"https:\/\/a-pant.ee\/ru\/wp-json\/wp\/v2\/product"}],"about":[{"href":"https:\/\/a-pant.ee\/ru\/wp-json\/wp\/v2\/types\/product"}],"replies":[{"embeddable":true,"href":"https:\/\/a-pant.ee\/ru\/wp-json\/wp\/v2\/comments?post=22861"}],"wp:featuredmedia":[{"embeddable":true,"href":"https:\/\/a-pant.ee\/ru\/wp-json\/wp\/v2\/media\/22862"}],"wp:attachment":[{"href":"https:\/\/a-pant.ee\/ru\/wp-json\/wp\/v2\/media?parent=22861"}],"wp:term":[{"taxonomy":"product_brand","embeddable":true,"href":"https:\/\/a-pant.ee\/ru\/wp-json\/wp\/v2\/product_brand?post=22861"},{"taxonomy":"product_cat","embeddable":true,"href":"https:\/\/a-pant.ee\/ru\/wp-json\/wp\/v2\/product_cat?post=22861"},{"taxonomy":"product_tag","embeddable":true,"href":"https:\/\/a-pant.ee\/ru\/wp-json\/wp\/v2\/product_tag?post=22861"}],"curies":[{"name":"wp","href":"https:\/\/api.w.org\/{rel}","templated":true}]}}