{"id":22847,"date":"2026-02-04T00:11:51","date_gmt":"2026-02-03T21:11:51","guid":{"rendered":"https:\/\/a-pant.ee\/product\/smart-chasy-samsung-galaxy-watch4-44mm-zaryadka\/"},"modified":"2026-02-22T12:48:36","modified_gmt":"2026-02-22T09:48:36","slug":"smart-chasy-samsung-galaxy-watch4-44mm-sm-r870-zaryadka","status":"publish","type":"product","link":"https:\/\/a-pant.ee\/ru\/product\/smart-chasy-samsung-galaxy-watch4-44mm-sm-r870-zaryadka\/","title":{"rendered":"\u0421\u043c\u0430\u0440\u0442-\u0447\u0430\u0441\u044b Samsung Galaxy Watch4 44mm SM-R870 + \u0417\u0430\u0440\u044f\u0434\u043a\u0430"},"content":{"rendered":"\n<p> Nutikell Samsung Galaxy Watch4 44mm + Laadija, heas seisu- ja t\u00f6\u00f6korras! <\/p><p> KIRJELDUS <\/p><p> Ekraan 1.4 &#171;(450&#215;450) Super AMOLED <br \/> Alumiiniumist materjal <br \/> K\u00e4ev\u00f5ru materjal\/rihma elastomeeri <br \/> Kaitstud niiskuse kaitse <br \/> \u00dchilduvus Android <br \/> NFC, Wi-Fi traadita suhtlus, heliv\u00e4ljund Bluetooth-seadmetel, Bluetooth, GPS, GLONASC, Galileo, Beidou <br \/> Hapniku taseme j\u00e4lgimine veres, EKG -s, tonomeetril, impulsi pidev m\u00f5\u00f5tmine, une j\u00e4lgimine, f\u00fc\u00fcsilise aktiivsuse j\u00e4lgimine, kiirendusm\u00f5\u00f5tur, kalorite j\u00e4lgimine <br \/> Aku maht 361 m. <br \/> Kandke OS -i operatsioonis\u00fcsteemi <br \/> Rostim versioon (EAC) <\/p>\n","protected":false},"excerpt":{"rendered":"<p>Nutikell Samsung Galaxy Watch4 44mm + Laadija, heas seisu- ja t\u00f6\u00f6korras! KIRJELDUS Ekraan 1.4 &#171;(450&#215;450) Super AMOLED Alumiiniumist materjal K\u00e4ev\u00f5ru materjal\/rihma elastomeeri Kaitstud niiskuse kaitse \u00dchilduvus Android NFC, Wi-Fi traadita suhtlus, heliv\u00e4ljund Bluetooth-seadmetel, Bluetooth, GPS, GLONASC, Galileo, Beidou Hapniku taseme j\u00e4lgimine veres, EKG -s, tonomeetril, impulsi pidev m\u00f5\u00f5tmine, une j\u00e4lgimine, f\u00fc\u00fcsilise aktiivsuse j\u00e4lgimine, kiirendusm\u00f5\u00f5tur, kalorite [&hellip;]<\/p>\n","protected":false},"featured_media":22848,"comment_status":"closed","ping_status":"closed","template":"","meta":{"inline_featured_image":false},"product_brand":[],"product_cat":[176],"product_tag":[],"class_list":{"0":"post-22847","1":"product","2":"type-product","3":"status-publish","4":"has-post-thumbnail","6":"product_cat-smart-chasy","7":"pa_asukoht-mustamae","8":"pa_seisukord-ispolzovano","10":"first","11":"outofstock","12":"taxable","13":"shipping-taxable","14":"purchasable","15":"product-type-simple"},"_links":{"self":[{"href":"https:\/\/a-pant.ee\/ru\/wp-json\/wp\/v2\/product\/22847","targetHints":{"allow":["GET"]}}],"collection":[{"href":"https:\/\/a-pant.ee\/ru\/wp-json\/wp\/v2\/product"}],"about":[{"href":"https:\/\/a-pant.ee\/ru\/wp-json\/wp\/v2\/types\/product"}],"replies":[{"embeddable":true,"href":"https:\/\/a-pant.ee\/ru\/wp-json\/wp\/v2\/comments?post=22847"}],"wp:featuredmedia":[{"embeddable":true,"href":"https:\/\/a-pant.ee\/ru\/wp-json\/wp\/v2\/media\/22848"}],"wp:attachment":[{"href":"https:\/\/a-pant.ee\/ru\/wp-json\/wp\/v2\/media?parent=22847"}],"wp:term":[{"taxonomy":"product_brand","embeddable":true,"href":"https:\/\/a-pant.ee\/ru\/wp-json\/wp\/v2\/product_brand?post=22847"},{"taxonomy":"product_cat","embeddable":true,"href":"https:\/\/a-pant.ee\/ru\/wp-json\/wp\/v2\/product_cat?post=22847"},{"taxonomy":"product_tag","embeddable":true,"href":"https:\/\/a-pant.ee\/ru\/wp-json\/wp\/v2\/product_tag?post=22847"}],"curies":[{"name":"wp","href":"https:\/\/api.w.org\/{rel}","templated":true}]}}