{"id":22813,"date":"2026-02-04T00:11:51","date_gmt":"2026-02-03T21:11:51","guid":{"rendered":"https:\/\/a-pant.ee\/product\/chasy-gant-7035\/"},"modified":"2026-02-22T12:48:35","modified_gmt":"2026-02-22T09:48:35","slug":"chasy-gant-7035","status":"publish","type":"product","link":"https:\/\/a-pant.ee\/ru\/product\/chasy-gant-7035\/","title":{"rendered":"\u0427\u0430\u0441\u044b Gant 7035"},"content":{"rendered":"\n<div><div><div><div id=\"description\"><div><p> Kaekell Gant 7035\u00a0, heas seisu- ja t\u00f6\u00f6korras! <\/p><p> karp <\/p><p><br \/> Kaubam\u00e4rk Gant <br \/> Mudeli number W70362 <br \/> Osa number W70362 <br \/> Objekti kuju on \u00fcmar <br \/> Sihtplaadi akna materjali t\u00fc\u00fcp Mineraalklaas <br \/> Ekraani t\u00fc\u00fcp analoog <br \/> Lukk lukuga <br \/> Korpuse materjal Roostevaba teras <br \/> Korpuse l\u00e4bim\u00f5\u00f5t 39 mm <br \/> Korpuse paksus 12 mm <br \/> Rihma materjal plastik <br \/> Standardne rihma pikkus <br \/> Rihma laius 20 mm <br \/> Rihma v\u00e4rvus valge <br \/> Sihverplaadi v\u00e4rv valge <br \/> kalendri kuup\u00e4ev <br \/> kvartsi liikumine <\/p><\/div><\/div><\/div><\/div><\/div>\n","protected":false},"excerpt":{"rendered":"<p>Kaekell Gant 7035\u00a0, heas seisu- ja t\u00f6\u00f6korras! karp Kaubam\u00e4rk Gant Mudeli number W70362 Osa number W70362 Objekti kuju on \u00fcmar Sihtplaadi akna materjali t\u00fc\u00fcp Mineraalklaas Ekraani t\u00fc\u00fcp analoog Lukk lukuga Korpuse materjal Roostevaba teras Korpuse l\u00e4bim\u00f5\u00f5t 39 mm Korpuse paksus 12 mm Rihma materjal plastik Standardne rihma pikkus Rihma laius 20 mm Rihma v\u00e4rvus valge [&hellip;]<\/p>\n","protected":false},"featured_media":22814,"comment_status":"closed","ping_status":"open","template":"","meta":{"inline_featured_image":false},"product_brand":[],"product_cat":[211],"product_tag":[],"class_list":{"0":"post-22813","1":"product","2":"type-product","3":"status-publish","4":"has-post-thumbnail","6":"product_cat-muzhskie-chasy","7":"pa_asukoht-mustamae","8":"pa_seisukord-ispolzovano","10":"first","11":"instock","12":"taxable","13":"shipping-taxable","14":"purchasable","15":"product-type-simple"},"_links":{"self":[{"href":"https:\/\/a-pant.ee\/ru\/wp-json\/wp\/v2\/product\/22813","targetHints":{"allow":["GET"]}}],"collection":[{"href":"https:\/\/a-pant.ee\/ru\/wp-json\/wp\/v2\/product"}],"about":[{"href":"https:\/\/a-pant.ee\/ru\/wp-json\/wp\/v2\/types\/product"}],"replies":[{"embeddable":true,"href":"https:\/\/a-pant.ee\/ru\/wp-json\/wp\/v2\/comments?post=22813"}],"wp:featuredmedia":[{"embeddable":true,"href":"https:\/\/a-pant.ee\/ru\/wp-json\/wp\/v2\/media\/22814"}],"wp:attachment":[{"href":"https:\/\/a-pant.ee\/ru\/wp-json\/wp\/v2\/media?parent=22813"}],"wp:term":[{"taxonomy":"product_brand","embeddable":true,"href":"https:\/\/a-pant.ee\/ru\/wp-json\/wp\/v2\/product_brand?post=22813"},{"taxonomy":"product_cat","embeddable":true,"href":"https:\/\/a-pant.ee\/ru\/wp-json\/wp\/v2\/product_cat?post=22813"},{"taxonomy":"product_tag","embeddable":true,"href":"https:\/\/a-pant.ee\/ru\/wp-json\/wp\/v2\/product_tag?post=22813"}],"curies":[{"name":"wp","href":"https:\/\/api.w.org\/{rel}","templated":true}]}}