{"id":22807,"date":"2026-02-04T00:11:51","date_gmt":"2026-02-03T21:11:51","guid":{"rendered":"https:\/\/a-pant.ee\/product\/chasy-certina-ds-cascadeur-korobka-dokumenty\/"},"modified":"2026-02-22T12:48:35","modified_gmt":"2026-02-22T09:48:35","slug":"chasy-certina-ds-sascadeur-korobka-dokumenty","status":"publish","type":"product","link":"https:\/\/a-pant.ee\/ru\/product\/chasy-certina-ds-sascadeur-korobka-dokumenty\/","title":{"rendered":"\u0427\u0430\u0441\u044b Certina DS \u0421ascadeur \u043a\u043e\u0440\u043e\u0431\u043a\u0430 + \u0434\u043e\u043a\u0443\u043c\u0435\u043d\u0442\u044b"},"content":{"rendered":"\n<p> Kaekell\u00a0K\u00e4ekell Certina DS Cascadeur karp + dokumendid\u00a0, heas seisu- ja t\u00f6\u00f6korras! <\/p><p> karp + dok <\/p><p><strong> hind poes 1000+ euro <\/strong><\/p><p> Brand <\/p><p> Certina (Switzerland) <\/p><p> Determine <\/p><p> Men&#8217;s <\/p><p> Diameter, thickness <\/p><p> \u00d8 43 mm, 15 mm <br \/> Real size print <\/p><p> Waterproofness <\/p><p> 500 M <\/p><p> Housing <\/p><p> 316L stainless steel , interhorn width 20 mm <\/p><p> Glass <\/p>\n","protected":false},"excerpt":{"rendered":"<p>Kaekell\u00a0K\u00e4ekell Certina DS Cascadeur karp + dokumendid\u00a0, heas seisu- ja t\u00f6\u00f6korras! karp + dok hind poes 1000+ euro Brand Certina (Switzerland) Determine Men&#8217;s Diameter, thickness \u00d8 43 mm, 15 mm Real size print Waterproofness 500 M Housing 316L stainless steel , interhorn width 20 mm Glass<\/p>\n","protected":false},"featured_media":22808,"comment_status":"closed","ping_status":"open","template":"","meta":{"inline_featured_image":false},"product_brand":[],"product_cat":[211],"product_tag":[],"class_list":{"0":"post-22807","1":"product","2":"type-product","3":"status-publish","4":"has-post-thumbnail","6":"product_cat-muzhskie-chasy","7":"pa_asukoht-mustamae","8":"pa_seisukord-ispolzovano","10":"first","11":"instock","12":"taxable","13":"shipping-taxable","14":"purchasable","15":"product-type-simple"},"_links":{"self":[{"href":"https:\/\/a-pant.ee\/ru\/wp-json\/wp\/v2\/product\/22807","targetHints":{"allow":["GET"]}}],"collection":[{"href":"https:\/\/a-pant.ee\/ru\/wp-json\/wp\/v2\/product"}],"about":[{"href":"https:\/\/a-pant.ee\/ru\/wp-json\/wp\/v2\/types\/product"}],"replies":[{"embeddable":true,"href":"https:\/\/a-pant.ee\/ru\/wp-json\/wp\/v2\/comments?post=22807"}],"wp:featuredmedia":[{"embeddable":true,"href":"https:\/\/a-pant.ee\/ru\/wp-json\/wp\/v2\/media\/22808"}],"wp:attachment":[{"href":"https:\/\/a-pant.ee\/ru\/wp-json\/wp\/v2\/media?parent=22807"}],"wp:term":[{"taxonomy":"product_brand","embeddable":true,"href":"https:\/\/a-pant.ee\/ru\/wp-json\/wp\/v2\/product_brand?post=22807"},{"taxonomy":"product_cat","embeddable":true,"href":"https:\/\/a-pant.ee\/ru\/wp-json\/wp\/v2\/product_cat?post=22807"},{"taxonomy":"product_tag","embeddable":true,"href":"https:\/\/a-pant.ee\/ru\/wp-json\/wp\/v2\/product_tag?post=22807"}],"curies":[{"name":"wp","href":"https:\/\/api.w.org\/{rel}","templated":true}]}}