{"id":22800,"date":"2026-02-04T00:11:51","date_gmt":"2026-02-03T21:11:51","guid":{"rendered":"https:\/\/a-pant.ee\/product\/perforator-bosch-gbh-3-28-dfr\/"},"modified":"2026-02-22T12:48:35","modified_gmt":"2026-02-22T09:48:35","slug":"perforator-bosch-gbh-3-28-dfr","status":"publish","type":"product","link":"https:\/\/a-pant.ee\/ru\/product\/perforator-bosch-gbh-3-28-dfr\/","title":{"rendered":"\u041f\u0435\u0440\u0444\u043e\u0440\u0430\u0442\u043e\u0440 BOSCH GBH 3-28 DFR"},"content":{"rendered":"\n<div id=\"description\"><div><p><b> Puurvasar BOSCH GBH 3-28 DFR + kohver <\/b> \u00a0, heas seisu- ja t\u00f6\u00f6korras! <\/p><p><br \/> Maksimaalne l\u00f6\u00f6gij\u00f5ud 3,1 J <br \/> Kasseti t\u00fc\u00fcp SDS-pluss <br \/> Maksimaalne puurimisl\u00e4bim\u00f5\u00f5t krooniga (betooni) 82 mm <br \/> \u0160otlus, puurimine, puurimisre\u017eiimid <br \/> P\u00f6\u00f6rdfunktsioonid, p\u00f6\u00f6rlemissagedus, kruvikeeraja <br \/> Kujundusvastase viibreerimiss\u00fcsteemi omadused, ohutus\u00fchendus, spindli fikseerimine <br \/> L\u00f6\u00f6kide sagedus 4000 l\u00f6\u00f6ki\/min <br \/> Pakendi\u00fcmbris <br \/> Kaal 3,6 kg <\/p><\/div><\/div>\n","protected":false},"excerpt":{"rendered":"<p>Puurvasar BOSCH GBH 3-28 DFR + kohver \u00a0, heas seisu- ja t\u00f6\u00f6korras! Maksimaalne l\u00f6\u00f6gij\u00f5ud 3,1 J Kasseti t\u00fc\u00fcp SDS-pluss Maksimaalne puurimisl\u00e4bim\u00f5\u00f5t krooniga (betooni) 82 mm \u0160otlus, puurimine, puurimisre\u017eiimid P\u00f6\u00f6rdfunktsioonid, p\u00f6\u00f6rlemissagedus, kruvikeeraja Kujundusvastase viibreerimiss\u00fcsteemi omadused, ohutus\u00fchendus, spindli fikseerimine L\u00f6\u00f6kide sagedus 4000 l\u00f6\u00f6ki\/min Pakendi\u00fcmbris Kaal 3,6 kg<\/p>\n","protected":false},"featured_media":22801,"comment_status":"closed","ping_status":"open","template":"","meta":{"inline_featured_image":false},"product_brand":[],"product_cat":[239],"product_tag":[],"class_list":{"0":"post-22800","1":"product","2":"type-product","3":"status-publish","4":"has-post-thumbnail","6":"product_cat-perforatory-i-dreli","7":"pa_asukoht-mustamae","8":"pa_seisukord-ispolzovano","10":"first","11":"instock","12":"taxable","13":"shipping-taxable","14":"purchasable","15":"product-type-simple"},"_links":{"self":[{"href":"https:\/\/a-pant.ee\/ru\/wp-json\/wp\/v2\/product\/22800","targetHints":{"allow":["GET"]}}],"collection":[{"href":"https:\/\/a-pant.ee\/ru\/wp-json\/wp\/v2\/product"}],"about":[{"href":"https:\/\/a-pant.ee\/ru\/wp-json\/wp\/v2\/types\/product"}],"replies":[{"embeddable":true,"href":"https:\/\/a-pant.ee\/ru\/wp-json\/wp\/v2\/comments?post=22800"}],"wp:featuredmedia":[{"embeddable":true,"href":"https:\/\/a-pant.ee\/ru\/wp-json\/wp\/v2\/media\/22801"}],"wp:attachment":[{"href":"https:\/\/a-pant.ee\/ru\/wp-json\/wp\/v2\/media?parent=22800"}],"wp:term":[{"taxonomy":"product_brand","embeddable":true,"href":"https:\/\/a-pant.ee\/ru\/wp-json\/wp\/v2\/product_brand?post=22800"},{"taxonomy":"product_cat","embeddable":true,"href":"https:\/\/a-pant.ee\/ru\/wp-json\/wp\/v2\/product_cat?post=22800"},{"taxonomy":"product_tag","embeddable":true,"href":"https:\/\/a-pant.ee\/ru\/wp-json\/wp\/v2\/product_tag?post=22800"}],"curies":[{"name":"wp","href":"https:\/\/api.w.org\/{rel}","templated":true}]}}