{"id":22794,"date":"2026-02-04T00:11:51","date_gmt":"2026-02-03T21:11:51","guid":{"rendered":"https:\/\/a-pant.ee\/product\/umnye-chasy-amazfit-bip\/"},"modified":"2026-02-22T12:48:35","modified_gmt":"2026-02-22T09:48:35","slug":"umnye-chasy-amazfit-bip","status":"publish","type":"product","link":"https:\/\/a-pant.ee\/ru\/product\/umnye-chasy-amazfit-bip\/","title":{"rendered":"\u0423\u043c\u043d\u044b\u0435 \u0447\u0430\u0441\u044b Amazfit Bip"},"content":{"rendered":"\n<div><div><div><div id=\"description\"><div><p> Nutikell Amazfit Bip + laadija + karp\u00a0, heas seisu- ja t\u00f6\u00f6korras! <\/p><p><br \/> Ekraan 1.28 &#171;Transflective <br \/> Kaitstud niiskuse kaitse <br \/> \u00dchilduvus Android, iOS <br \/> Kiirendusm\u00f5\u00f5turi j\u00e4lgimine, kalorite j\u00e4lgimine, une j\u00e4lgimine, kehalise aktiivsuse j\u00e4lgimine <br \/> Aku maht 190 mah <\/p><\/div><\/div><\/div><\/div><\/div>\n","protected":false},"excerpt":{"rendered":"<p>Nutikell Amazfit Bip + laadija + karp\u00a0, heas seisu- ja t\u00f6\u00f6korras! Ekraan 1.28 &#171;Transflective Kaitstud niiskuse kaitse \u00dchilduvus Android, iOS Kiirendusm\u00f5\u00f5turi j\u00e4lgimine, kalorite j\u00e4lgimine, une j\u00e4lgimine, kehalise aktiivsuse j\u00e4lgimine Aku maht 190 mah<\/p>\n","protected":false},"featured_media":22795,"comment_status":"closed","ping_status":"open","template":"","meta":{"inline_featured_image":false},"product_brand":[],"product_cat":[176],"product_tag":[],"class_list":{"0":"post-22794","1":"product","2":"type-product","3":"status-publish","4":"has-post-thumbnail","6":"product_cat-smart-chasy","7":"pa_asukoht-mustamae","8":"pa_seisukord-ispolzovano","10":"first","11":"instock","12":"taxable","13":"shipping-taxable","14":"purchasable","15":"product-type-simple"},"_links":{"self":[{"href":"https:\/\/a-pant.ee\/ru\/wp-json\/wp\/v2\/product\/22794","targetHints":{"allow":["GET"]}}],"collection":[{"href":"https:\/\/a-pant.ee\/ru\/wp-json\/wp\/v2\/product"}],"about":[{"href":"https:\/\/a-pant.ee\/ru\/wp-json\/wp\/v2\/types\/product"}],"replies":[{"embeddable":true,"href":"https:\/\/a-pant.ee\/ru\/wp-json\/wp\/v2\/comments?post=22794"}],"wp:featuredmedia":[{"embeddable":true,"href":"https:\/\/a-pant.ee\/ru\/wp-json\/wp\/v2\/media\/22795"}],"wp:attachment":[{"href":"https:\/\/a-pant.ee\/ru\/wp-json\/wp\/v2\/media?parent=22794"}],"wp:term":[{"taxonomy":"product_brand","embeddable":true,"href":"https:\/\/a-pant.ee\/ru\/wp-json\/wp\/v2\/product_brand?post=22794"},{"taxonomy":"product_cat","embeddable":true,"href":"https:\/\/a-pant.ee\/ru\/wp-json\/wp\/v2\/product_cat?post=22794"},{"taxonomy":"product_tag","embeddable":true,"href":"https:\/\/a-pant.ee\/ru\/wp-json\/wp\/v2\/product_tag?post=22794"}],"curies":[{"name":"wp","href":"https:\/\/api.w.org\/{rel}","templated":true}]}}