{"id":22787,"date":"2026-02-04T00:11:51","date_gmt":"2026-02-03T21:11:51","guid":{"rendered":"https:\/\/a-pant.ee\/product\/perforator-dewalt-d25114k-qs\/"},"modified":"2026-02-22T12:48:35","modified_gmt":"2026-02-22T09:48:35","slug":"perforator-dewalt-d25114k-qs","status":"publish","type":"product","link":"https:\/\/a-pant.ee\/ru\/product\/perforator-dewalt-d25114k-qs\/","title":{"rendered":"\u041f\u0435\u0440\u0444\u043e\u0440\u0430\u0442\u043e\u0440 DeWalt D25114K-QS"},"content":{"rendered":"\n<p> Puurvasar DeWalt D25114K-QS, heas seisu- ja t\u00f6\u00f6korras! <\/p><p> KIRJELDUS <\/p><p> Kaal3.1 kg <\/p><p> Kogukaal koos pakendiga5,394 kg <\/p><p> Professionaalidele \/ AsjaarmastajateleProfessionaalidele <\/p><p> Mootori t\u00fc\u00fcpElektri <\/p><p> Puuriotsak, meisli t\u00fc\u00fcpi t\u00fcvesSDS-plus <\/p><p> Kiirus koormuseta1450 min-1 <\/p><p> Maksimaalne kiirus1450 \/min <\/p><p> Maksimaalne l\u00f6\u00f6gienergia3 J <\/p><p> Sisendv\u00f5imsus900 W <\/p><p> Maksimaalne puurimisl\u00e4bim\u00f5\u00f5t betooni puurimisel28 mm <\/p><p> Puuriotsaku maksimaalne l\u00e4bim\u00f5\u00f5t puidu puurimiseks13 mm <\/p><p> Puuriotsaku maksimaalne l\u00e4bim\u00f5\u00f5t terase puurimiseks13 mm <\/p><p> Puurvasara t\u00f6\u00f6re\u017eiimAinult l\u00f6\u00f6k ilma p\u00f6\u00f6reteta (meiseldamine), L\u00f6\u00f6kpuurimine (kivi, tellis, betoon), Puurimine (puit, metall, plastik) <\/p><p> Sisendpinge \/ sagedus210 &#8212; 240 V \/ 50 &#8212; 60 Hz \/ AC <\/p>\n","protected":false},"excerpt":{"rendered":"<p>Puurvasar DeWalt D25114K-QS, heas seisu- ja t\u00f6\u00f6korras! KIRJELDUS Kaal3.1 kg Kogukaal koos pakendiga5,394 kg Professionaalidele \/ AsjaarmastajateleProfessionaalidele Mootori t\u00fc\u00fcpElektri Puuriotsak, meisli t\u00fc\u00fcpi t\u00fcvesSDS-plus Kiirus koormuseta1450 min-1 Maksimaalne kiirus1450 \/min Maksimaalne l\u00f6\u00f6gienergia3 J Sisendv\u00f5imsus900 W Maksimaalne puurimisl\u00e4bim\u00f5\u00f5t betooni puurimisel28 mm Puuriotsaku maksimaalne l\u00e4bim\u00f5\u00f5t puidu puurimiseks13 mm Puuriotsaku maksimaalne l\u00e4bim\u00f5\u00f5t terase puurimiseks13 mm Puurvasara t\u00f6\u00f6re\u017eiimAinult l\u00f6\u00f6k ilma [&hellip;]<\/p>\n","protected":false},"featured_media":22788,"comment_status":"closed","ping_status":"open","template":"","meta":{"inline_featured_image":false},"product_brand":[],"product_cat":[239],"product_tag":[],"class_list":{"0":"post-22787","1":"product","2":"type-product","3":"status-publish","4":"has-post-thumbnail","6":"product_cat-perforatory-i-dreli","7":"pa_asukoht-mustamae","8":"pa_seisukord-ispolzovano","10":"first","11":"instock","12":"taxable","13":"shipping-taxable","14":"purchasable","15":"product-type-simple"},"_links":{"self":[{"href":"https:\/\/a-pant.ee\/ru\/wp-json\/wp\/v2\/product\/22787","targetHints":{"allow":["GET"]}}],"collection":[{"href":"https:\/\/a-pant.ee\/ru\/wp-json\/wp\/v2\/product"}],"about":[{"href":"https:\/\/a-pant.ee\/ru\/wp-json\/wp\/v2\/types\/product"}],"replies":[{"embeddable":true,"href":"https:\/\/a-pant.ee\/ru\/wp-json\/wp\/v2\/comments?post=22787"}],"wp:featuredmedia":[{"embeddable":true,"href":"https:\/\/a-pant.ee\/ru\/wp-json\/wp\/v2\/media\/22788"}],"wp:attachment":[{"href":"https:\/\/a-pant.ee\/ru\/wp-json\/wp\/v2\/media?parent=22787"}],"wp:term":[{"taxonomy":"product_brand","embeddable":true,"href":"https:\/\/a-pant.ee\/ru\/wp-json\/wp\/v2\/product_brand?post=22787"},{"taxonomy":"product_cat","embeddable":true,"href":"https:\/\/a-pant.ee\/ru\/wp-json\/wp\/v2\/product_cat?post=22787"},{"taxonomy":"product_tag","embeddable":true,"href":"https:\/\/a-pant.ee\/ru\/wp-json\/wp\/v2\/product_tag?post=22787"}],"curies":[{"name":"wp","href":"https:\/\/api.w.org\/{rel}","templated":true}]}}