{"id":22769,"date":"2026-02-04T00:11:51","date_gmt":"2026-02-03T21:11:51","guid":{"rendered":"https:\/\/a-pant.ee\/product\/vivanco-besprovodnye-naushniki-25175\/"},"modified":"2026-02-22T12:48:34","modified_gmt":"2026-02-22T09:48:34","slug":"vivanco-besprovodnye-naushniki-25175","status":"publish","type":"product","link":"https:\/\/a-pant.ee\/ru\/product\/vivanco-besprovodnye-naushniki-25175\/","title":{"rendered":"Vivanco \u0431\u0435\u0441\u043f\u0440\u043e\u0432\u043e\u0434\u043d\u044b\u0435 \u043d\u0430\u0443\u0448\u043d\u0438\u043a\u0438 25175"},"content":{"rendered":"\n<div id=\"description\"><div><p><b> K\u00f5rvaklappid Vivanco 25175 <\/b> \u00a0heas seisu- ja t\u00f6\u00f6korras! <\/p><p> Kaubam\u00e4rk: <\/p><p> Vivanko <br \/> T\u00fc\u00fcp: <\/p><p> Traadita k\u00f5rvaklapid <br \/> Ametisse nimetamine: <\/p><p> Universaalne <br \/> Monitori v\u00e4rv: <\/p><p> Must <br \/> Torukas t\u00fc\u00fcp: <\/p><p> 3x USB, juhtmevaba <br \/> Sagedusvahemik: <\/p><p> 20 &#8212; 20 000 Hz <br \/> Mikrofon: <\/p><p> Seal on <br \/> Tundlikkus (DB\/MW): <\/p><p> 58 <\/p><\/div><\/div>\n","protected":false},"excerpt":{"rendered":"<p>K\u00f5rvaklappid Vivanco 25175 \u00a0heas seisu- ja t\u00f6\u00f6korras! Kaubam\u00e4rk: Vivanko T\u00fc\u00fcp: Traadita k\u00f5rvaklapid Ametisse nimetamine: Universaalne Monitori v\u00e4rv: Must Torukas t\u00fc\u00fcp: 3x USB, juhtmevaba Sagedusvahemik: 20 &#8212; 20 000 Hz Mikrofon: Seal on Tundlikkus (DB\/MW): 58<\/p>\n","protected":false},"featured_media":22770,"comment_status":"closed","ping_status":"closed","template":"","meta":{"inline_featured_image":false},"product_brand":[],"product_cat":[168],"product_tag":[],"class_list":{"0":"post-22769","1":"product","2":"type-product","3":"status-publish","4":"has-post-thumbnail","6":"product_cat-naushniki","7":"pa_asukoht-mustamae","8":"pa_seisukord-ispolzovano","10":"first","11":"outofstock","12":"taxable","13":"shipping-taxable","14":"purchasable","15":"product-type-simple"},"_links":{"self":[{"href":"https:\/\/a-pant.ee\/ru\/wp-json\/wp\/v2\/product\/22769","targetHints":{"allow":["GET"]}}],"collection":[{"href":"https:\/\/a-pant.ee\/ru\/wp-json\/wp\/v2\/product"}],"about":[{"href":"https:\/\/a-pant.ee\/ru\/wp-json\/wp\/v2\/types\/product"}],"replies":[{"embeddable":true,"href":"https:\/\/a-pant.ee\/ru\/wp-json\/wp\/v2\/comments?post=22769"}],"wp:featuredmedia":[{"embeddable":true,"href":"https:\/\/a-pant.ee\/ru\/wp-json\/wp\/v2\/media\/22770"}],"wp:attachment":[{"href":"https:\/\/a-pant.ee\/ru\/wp-json\/wp\/v2\/media?parent=22769"}],"wp:term":[{"taxonomy":"product_brand","embeddable":true,"href":"https:\/\/a-pant.ee\/ru\/wp-json\/wp\/v2\/product_brand?post=22769"},{"taxonomy":"product_cat","embeddable":true,"href":"https:\/\/a-pant.ee\/ru\/wp-json\/wp\/v2\/product_cat?post=22769"},{"taxonomy":"product_tag","embeddable":true,"href":"https:\/\/a-pant.ee\/ru\/wp-json\/wp\/v2\/product_tag?post=22769"}],"curies":[{"name":"wp","href":"https:\/\/api.w.org\/{rel}","templated":true}]}}