{"id":22764,"date":"2026-02-04T00:11:51","date_gmt":"2026-02-03T21:11:51","guid":{"rendered":"https:\/\/a-pant.ee\/product\/mobilnyj-telefon-blackview-bv6300\/"},"modified":"2026-02-22T12:48:34","modified_gmt":"2026-02-22T09:48:34","slug":"mobilnyj-telefon-blackview-bv6300","status":"publish","type":"product","link":"https:\/\/a-pant.ee\/ru\/product\/mobilnyj-telefon-blackview-bv6300\/","title":{"rendered":"\u041c\u043e\u0431\u0438\u043b\u044c\u043d\u044b\u0439 \u0442\u0435\u043b\u0435\u0444\u043e\u043d Blackview BV6300"},"content":{"rendered":"\n<p> Mobiiltelefon Blackview BV6300, heas seisu- ja t\u00f6\u00f6korras! <\/p><p> KIRJELDUS <\/p><p> Ekraan 5.7 &#171;(1440 \u00d7 720) IPS 60 Hz <br \/> Ehitatud -m\u00e4lu 32 GB <br \/> Ram 3 GB <br \/> 4 kaamerat 13 MP, 0,30 MP, 0,30 MP, 0,30 MP <br \/> Aku 4380 mah <br \/> Protsessor <br \/> MediaTek Helio P22 (MT6762V) <br \/> SIM -kaardid 2 (Nano Sim) <br \/> Android 10 operatsioonis\u00fcsteem <br \/> Bluetooth, NFC, Wi-Fi traadita liidesed <br \/> Side Standard 3G, 4G LTE <br \/> IP68, IP69K kaitse kraad, sukeldumine vette <br \/> Kaal 230 g <\/p>\n","protected":false},"excerpt":{"rendered":"<p>Mobiiltelefon Blackview BV6300, heas seisu- ja t\u00f6\u00f6korras! KIRJELDUS Ekraan 5.7 &#171;(1440 \u00d7 720) IPS 60 Hz Ehitatud -m\u00e4lu 32 GB Ram 3 GB 4 kaamerat 13 MP, 0,30 MP, 0,30 MP, 0,30 MP Aku 4380 mah Protsessor MediaTek Helio P22 (MT6762V) SIM -kaardid 2 (Nano Sim) Android 10 operatsioonis\u00fcsteem Bluetooth, NFC, Wi-Fi traadita liidesed Side [&hellip;]<\/p>\n","protected":false},"featured_media":22765,"comment_status":"closed","ping_status":"closed","template":"","meta":{"inline_featured_image":false},"product_brand":[],"product_cat":[171],"product_tag":[],"class_list":{"0":"post-22764","1":"product","2":"type-product","3":"status-publish","4":"has-post-thumbnail","6":"product_cat-mobilnye-telefony","7":"pa_asukoht-mustamae","8":"pa_seisukord-ispolzovano","10":"first","11":"outofstock","12":"taxable","13":"shipping-taxable","14":"purchasable","15":"product-type-simple"},"_links":{"self":[{"href":"https:\/\/a-pant.ee\/ru\/wp-json\/wp\/v2\/product\/22764","targetHints":{"allow":["GET"]}}],"collection":[{"href":"https:\/\/a-pant.ee\/ru\/wp-json\/wp\/v2\/product"}],"about":[{"href":"https:\/\/a-pant.ee\/ru\/wp-json\/wp\/v2\/types\/product"}],"replies":[{"embeddable":true,"href":"https:\/\/a-pant.ee\/ru\/wp-json\/wp\/v2\/comments?post=22764"}],"wp:featuredmedia":[{"embeddable":true,"href":"https:\/\/a-pant.ee\/ru\/wp-json\/wp\/v2\/media\/22765"}],"wp:attachment":[{"href":"https:\/\/a-pant.ee\/ru\/wp-json\/wp\/v2\/media?parent=22764"}],"wp:term":[{"taxonomy":"product_brand","embeddable":true,"href":"https:\/\/a-pant.ee\/ru\/wp-json\/wp\/v2\/product_brand?post=22764"},{"taxonomy":"product_cat","embeddable":true,"href":"https:\/\/a-pant.ee\/ru\/wp-json\/wp\/v2\/product_cat?post=22764"},{"taxonomy":"product_tag","embeddable":true,"href":"https:\/\/a-pant.ee\/ru\/wp-json\/wp\/v2\/product_tag?post=22764"}],"curies":[{"name":"wp","href":"https:\/\/api.w.org\/{rel}","templated":true}]}}