{"id":22758,"date":"2026-02-04T00:04:10","date_gmt":"2026-02-03T21:04:10","guid":{"rendered":"https:\/\/a-pant.ee\/product\/perforator-makita-hr4011c-1100-vt\/"},"modified":"2026-02-22T12:48:39","modified_gmt":"2026-02-22T09:48:39","slug":"perforator-makita-hr4011c-1100-vt","status":"publish","type":"product","link":"https:\/\/a-pant.ee\/ru\/product\/perforator-makita-hr4011c-1100-vt\/","title":{"rendered":"\u041f\u0435\u0440\u0444\u043e\u0440\u0430\u0442\u043e\u0440 Makita HR4011C, 1100 \u0412\u0442"},"content":{"rendered":"\n<div id=\"description\"><div><p><b> Puurvasar Makita HR4011C, 1100 w, <\/b> \u00a0heas seisu- ja t\u00f6\u00f6korras! <\/p><p> kohver + juhe katki aga koik tootab! <\/p><p> Maksimaalne l\u00f6\u00f6gij\u00f5ud 9,5 J <\/p><p> Kasseti t\u00fc\u00fcp sds-max <br \/> Maksimaalne puurimisl\u00e4bim\u00f5\u00f5t (betooni) 40 mm <br \/> Stuutinis <br \/> Kiiruse reguleerimise funktsioonid <br \/> Kujundusvastase viimistluss\u00fcsteemi omadused, s\u00f6eharjade kulumise n\u00e4itaja, ohutus\u00fchendus <br \/> \u0160okkide sagedus 2750 l\u00f6\u00f6ki\/min <br \/> Pakendi\u00fcmbris <br \/> Kaal 6,7 kg <\/p><\/div><\/div>\n","protected":false},"excerpt":{"rendered":"<p>Puurvasar Makita HR4011C, 1100 w, \u00a0heas seisu- ja t\u00f6\u00f6korras! kohver + juhe katki aga koik tootab! Maksimaalne l\u00f6\u00f6gij\u00f5ud 9,5 J Kasseti t\u00fc\u00fcp sds-max Maksimaalne puurimisl\u00e4bim\u00f5\u00f5t (betooni) 40 mm Stuutinis Kiiruse reguleerimise funktsioonid Kujundusvastase viimistluss\u00fcsteemi omadused, s\u00f6eharjade kulumise n\u00e4itaja, ohutus\u00fchendus \u0160okkide sagedus 2750 l\u00f6\u00f6ki\/min Pakendi\u00fcmbris Kaal 6,7 kg<\/p>\n","protected":false},"featured_media":22759,"comment_status":"closed","ping_status":"open","template":"","meta":{"inline_featured_image":false},"product_brand":[],"product_cat":[239],"product_tag":[],"class_list":{"0":"post-22758","1":"product","2":"type-product","3":"status-publish","4":"has-post-thumbnail","6":"product_cat-perforatory-i-dreli","7":"pa_asukoht-mustamae","8":"pa_seisukord-ispolzovano","10":"first","11":"instock","12":"taxable","13":"shipping-taxable","14":"purchasable","15":"product-type-simple"},"_links":{"self":[{"href":"https:\/\/a-pant.ee\/ru\/wp-json\/wp\/v2\/product\/22758","targetHints":{"allow":["GET"]}}],"collection":[{"href":"https:\/\/a-pant.ee\/ru\/wp-json\/wp\/v2\/product"}],"about":[{"href":"https:\/\/a-pant.ee\/ru\/wp-json\/wp\/v2\/types\/product"}],"replies":[{"embeddable":true,"href":"https:\/\/a-pant.ee\/ru\/wp-json\/wp\/v2\/comments?post=22758"}],"wp:featuredmedia":[{"embeddable":true,"href":"https:\/\/a-pant.ee\/ru\/wp-json\/wp\/v2\/media\/22759"}],"wp:attachment":[{"href":"https:\/\/a-pant.ee\/ru\/wp-json\/wp\/v2\/media?parent=22758"}],"wp:term":[{"taxonomy":"product_brand","embeddable":true,"href":"https:\/\/a-pant.ee\/ru\/wp-json\/wp\/v2\/product_brand?post=22758"},{"taxonomy":"product_cat","embeddable":true,"href":"https:\/\/a-pant.ee\/ru\/wp-json\/wp\/v2\/product_cat?post=22758"},{"taxonomy":"product_tag","embeddable":true,"href":"https:\/\/a-pant.ee\/ru\/wp-json\/wp\/v2\/product_tag?post=22758"}],"curies":[{"name":"wp","href":"https:\/\/api.w.org\/{rel}","templated":true}]}}