{"id":22751,"date":"2026-02-04T00:04:10","date_gmt":"2026-02-03T21:04:10","guid":{"rendered":"https:\/\/a-pant.ee\/product\/udarnyj-shurupovert-makita-dtd152\/"},"modified":"2026-02-22T12:48:39","modified_gmt":"2026-02-22T09:48:39","slug":"udarnyj-shurupovert-makita-dtd152-5ah-zaryadka","status":"publish","type":"product","link":"https:\/\/a-pant.ee\/ru\/product\/udarnyj-shurupovert-makita-dtd152-5ah-zaryadka\/","title":{"rendered":"\u0423\u0434\u0430\u0440\u043d\u044b\u0439 \u0448\u0443\u0440\u0443\u043f\u043e\u0432\u0435\u0440\u0442 Makita DTD152 + 5ah + \u0437\u0430\u0440\u044f\u0434\u043a\u0430"},"content":{"rendered":"\n<div id=\"description\"><div><p><b> Aku-trell Makita DTD152 + 5ah + laadija <\/b> \u00a0, heas seisu- ja t\u00f6\u00f6korras! <\/p><p><br \/> Aku pinge 18 sisse <br \/> Maksimaalne p\u00f6\u00f6rdemoment <br \/> 165 n \u00b7 m <br \/> Kaal <br \/> 1,12 kg <br \/> Makita 18V LXT akus\u00fcsteem <br \/> Pakkekast <br \/> Kujundusfunktsioonid, kasutades bitti ilma kasseti, punktvalgustuslampi <br \/> Funktsioonide kaitse \u00fclekoormuse eest, tagurpidi, kiiruse reguleerimine, mootoripidur <br \/> Bittide kasseti t\u00fc\u00fcp <br \/> Max. T\u00fchik\u00e4igu p\u00f6\u00f6rde arv on 2900 p \/ min <\/p><\/div><\/div>\n","protected":false},"excerpt":{"rendered":"<p>Aku-trell Makita DTD152 + 5ah + laadija \u00a0, heas seisu- ja t\u00f6\u00f6korras! Aku pinge 18 sisse Maksimaalne p\u00f6\u00f6rdemoment 165 n \u00b7 m Kaal 1,12 kg Makita 18V LXT akus\u00fcsteem Pakkekast Kujundusfunktsioonid, kasutades bitti ilma kasseti, punktvalgustuslampi Funktsioonide kaitse \u00fclekoormuse eest, tagurpidi, kiiruse reguleerimine, mootoripidur Bittide kasseti t\u00fc\u00fcp Max. T\u00fchik\u00e4igu p\u00f6\u00f6rde arv on 2900 p \/ [&hellip;]<\/p>\n","protected":false},"featured_media":22752,"comment_status":"closed","ping_status":"open","template":"","meta":{"inline_featured_image":false},"product_brand":[],"product_cat":[221],"product_tag":[],"class_list":{"0":"post-22751","1":"product","2":"type-product","3":"status-publish","4":"has-post-thumbnail","6":"product_cat-akkumulyatornye-dreli","7":"pa_asukoht-mustamae","8":"pa_seisukord-ispolzovano","10":"first","11":"instock","12":"taxable","13":"shipping-taxable","14":"purchasable","15":"product-type-simple"},"_links":{"self":[{"href":"https:\/\/a-pant.ee\/ru\/wp-json\/wp\/v2\/product\/22751","targetHints":{"allow":["GET"]}}],"collection":[{"href":"https:\/\/a-pant.ee\/ru\/wp-json\/wp\/v2\/product"}],"about":[{"href":"https:\/\/a-pant.ee\/ru\/wp-json\/wp\/v2\/types\/product"}],"replies":[{"embeddable":true,"href":"https:\/\/a-pant.ee\/ru\/wp-json\/wp\/v2\/comments?post=22751"}],"wp:featuredmedia":[{"embeddable":true,"href":"https:\/\/a-pant.ee\/ru\/wp-json\/wp\/v2\/media\/22752"}],"wp:attachment":[{"href":"https:\/\/a-pant.ee\/ru\/wp-json\/wp\/v2\/media?parent=22751"}],"wp:term":[{"taxonomy":"product_brand","embeddable":true,"href":"https:\/\/a-pant.ee\/ru\/wp-json\/wp\/v2\/product_brand?post=22751"},{"taxonomy":"product_cat","embeddable":true,"href":"https:\/\/a-pant.ee\/ru\/wp-json\/wp\/v2\/product_cat?post=22751"},{"taxonomy":"product_tag","embeddable":true,"href":"https:\/\/a-pant.ee\/ru\/wp-json\/wp\/v2\/product_tag?post=22751"}],"curies":[{"name":"wp","href":"https:\/\/api.w.org\/{rel}","templated":true}]}}