{"id":22739,"date":"2026-02-04T00:04:10","date_gmt":"2026-02-03T21:04:10","guid":{"rendered":"https:\/\/a-pant.ee\/product\/akkumulyatornye-noshnitsy-makita-dum111syx\/"},"modified":"2026-02-22T12:48:38","modified_gmt":"2026-02-22T09:48:38","slug":"akkumulyatornye-nozhniczy-dlya-travy-makita-dum111syx-zaryadka","status":"publish","type":"product","link":"https:\/\/a-pant.ee\/ru\/product\/akkumulyatornye-nozhniczy-dlya-travy-makita-dum111syx-zaryadka\/","title":{"rendered":"\u0410\u043a\u043a\u0443\u043c\u0443\u043b\u044f\u0442\u043e\u0440\u043d\u044b\u0435 \u043d\u043e\u0436\u043d\u0438\u0446\u044b \u0434\u043b\u044f \u0442\u0440\u0430\u0432\u044b Makita DUM111SYX + \u0437\u0430\u0440\u044f\u0434\u043a\u0430"},"content":{"rendered":"\n<div id=\"description\"><div><p><b> Aku muruk\u00e4\u00e4rid Makita DUM111SYX + laadija\u00a0 <\/b> heas seisu- ja t\u00f6\u00f6korras! <\/p><p> L\u00f6\u00f6gisagedus: 2500 min\u207b\u00b9 <br \/> L\u00f5ikek\u00f5rguse positsioonid: 3 <br \/> T\u00f6\u00f6laius: 11 cm <br \/> Niitmisk\u00f5rgus: 15 \u2013 25 mm <br \/> Toote kaal koos akuga (EPTA-Protseduur 01\/2003): 1,4 \u2013 1,7 kg <br \/> Toote m\u00f5\u00f5dud (P x L x K): 333 x 120 x 131 mm <br \/> Vibratsioonitase (3 teljel): \u2264 2,5 m\/sec\u00b2 <br \/> M\u00e4\u00e4ramatu vibratsioon (K faktor): 1,5 m\/sec\u00b2 <\/p><\/div><\/div>\n","protected":false},"excerpt":{"rendered":"<p>Aku muruk\u00e4\u00e4rid Makita DUM111SYX + laadija\u00a0 heas seisu- ja t\u00f6\u00f6korras! L\u00f6\u00f6gisagedus: 2500 min\u207b\u00b9 L\u00f5ikek\u00f5rguse positsioonid: 3 T\u00f6\u00f6laius: 11 cm Niitmisk\u00f5rgus: 15 \u2013 25 mm Toote kaal koos akuga (EPTA-Protseduur 01\/2003): 1,4 \u2013 1,7 kg Toote m\u00f5\u00f5dud (P x L x K): 333 x 120 x 131 mm Vibratsioonitase (3 teljel): \u2264 2,5 m\/sec\u00b2 M\u00e4\u00e4ramatu vibratsioon [&hellip;]<\/p>\n","protected":false},"featured_media":22740,"comment_status":"closed","ping_status":"open","template":"","meta":{"inline_featured_image":false},"product_brand":[],"product_cat":[220],"product_tag":[],"class_list":{"0":"post-22739","1":"product","2":"type-product","3":"status-publish","4":"has-post-thumbnail","6":"product_cat-sadovye-instrumenty","7":"pa_asukoht-mustamae","8":"pa_seisukord-ispolzovano","10":"first","11":"instock","12":"taxable","13":"shipping-taxable","14":"purchasable","15":"product-type-simple"},"_links":{"self":[{"href":"https:\/\/a-pant.ee\/ru\/wp-json\/wp\/v2\/product\/22739","targetHints":{"allow":["GET"]}}],"collection":[{"href":"https:\/\/a-pant.ee\/ru\/wp-json\/wp\/v2\/product"}],"about":[{"href":"https:\/\/a-pant.ee\/ru\/wp-json\/wp\/v2\/types\/product"}],"replies":[{"embeddable":true,"href":"https:\/\/a-pant.ee\/ru\/wp-json\/wp\/v2\/comments?post=22739"}],"wp:featuredmedia":[{"embeddable":true,"href":"https:\/\/a-pant.ee\/ru\/wp-json\/wp\/v2\/media\/22740"}],"wp:attachment":[{"href":"https:\/\/a-pant.ee\/ru\/wp-json\/wp\/v2\/media?parent=22739"}],"wp:term":[{"taxonomy":"product_brand","embeddable":true,"href":"https:\/\/a-pant.ee\/ru\/wp-json\/wp\/v2\/product_brand?post=22739"},{"taxonomy":"product_cat","embeddable":true,"href":"https:\/\/a-pant.ee\/ru\/wp-json\/wp\/v2\/product_cat?post=22739"},{"taxonomy":"product_tag","embeddable":true,"href":"https:\/\/a-pant.ee\/ru\/wp-json\/wp\/v2\/product_tag?post=22739"}],"curies":[{"name":"wp","href":"https:\/\/api.w.org\/{rel}","templated":true}]}}