{"id":22733,"date":"2026-02-04T00:04:10","date_gmt":"2026-02-03T21:04:10","guid":{"rendered":"https:\/\/a-pant.ee\/product\/uglovaya-shlifmashina-hitachi-g13sb3-nk\/"},"modified":"2026-02-22T12:48:38","modified_gmt":"2026-02-22T09:48:38","slug":"uglovaya-shlifmashina-hitachi-g13sb3-nk","status":"publish","type":"product","link":"https:\/\/a-pant.ee\/ru\/product\/uglovaya-shlifmashina-hitachi-g13sb3-nk\/","title":{"rendered":"\u0423\u0433\u043b\u043e\u0432\u0430\u044f \u0448\u043b\u0438\u0444\u043c\u0430\u0448\u0438\u043d\u0430 Hitachi G13SB3-NK"},"content":{"rendered":"\n<div id=\"description\"><div><p><b> Relakas Hitachi G13SB3-NK\u00a0 <\/b> heas seisu- ja t\u00f6\u00f6korras! <\/p><p><br \/> Max. ketta l\u00e4bim\u00f5\u00f5t 125 mm <br \/> Max. Ketta p\u00f6\u00f6rlemissagedus 11000 p \/ min <br \/> Spindli niit M14 <br \/> Funktsioonide kaitse \u00fclekoormuse eest <br \/> Kujundusfunktsioonid lisak\u00e4epidemed <br \/> Pakkekast <br \/> Kaal 1,9 kg <\/p><\/div><\/div>\n","protected":false},"excerpt":{"rendered":"<p>Relakas Hitachi G13SB3-NK\u00a0 heas seisu- ja t\u00f6\u00f6korras! Max. ketta l\u00e4bim\u00f5\u00f5t 125 mm Max. Ketta p\u00f6\u00f6rlemissagedus 11000 p \/ min Spindli niit M14 Funktsioonide kaitse \u00fclekoormuse eest Kujundusfunktsioonid lisak\u00e4epidemed Pakkekast Kaal 1,9 kg<\/p>\n","protected":false},"featured_media":22734,"comment_status":"closed","ping_status":"open","template":"","meta":{"inline_featured_image":false},"product_brand":[],"product_cat":[235],"product_tag":[],"class_list":{"0":"post-22733","1":"product","2":"type-product","3":"status-publish","4":"has-post-thumbnail","6":"product_cat-bolgarki","7":"pa_asukoht-mustamae","8":"pa_seisukord-ispolzovano","10":"first","11":"instock","12":"taxable","13":"shipping-taxable","14":"purchasable","15":"product-type-simple"},"_links":{"self":[{"href":"https:\/\/a-pant.ee\/ru\/wp-json\/wp\/v2\/product\/22733","targetHints":{"allow":["GET"]}}],"collection":[{"href":"https:\/\/a-pant.ee\/ru\/wp-json\/wp\/v2\/product"}],"about":[{"href":"https:\/\/a-pant.ee\/ru\/wp-json\/wp\/v2\/types\/product"}],"replies":[{"embeddable":true,"href":"https:\/\/a-pant.ee\/ru\/wp-json\/wp\/v2\/comments?post=22733"}],"wp:featuredmedia":[{"embeddable":true,"href":"https:\/\/a-pant.ee\/ru\/wp-json\/wp\/v2\/media\/22734"}],"wp:attachment":[{"href":"https:\/\/a-pant.ee\/ru\/wp-json\/wp\/v2\/media?parent=22733"}],"wp:term":[{"taxonomy":"product_brand","embeddable":true,"href":"https:\/\/a-pant.ee\/ru\/wp-json\/wp\/v2\/product_brand?post=22733"},{"taxonomy":"product_cat","embeddable":true,"href":"https:\/\/a-pant.ee\/ru\/wp-json\/wp\/v2\/product_cat?post=22733"},{"taxonomy":"product_tag","embeddable":true,"href":"https:\/\/a-pant.ee\/ru\/wp-json\/wp\/v2\/product_tag?post=22733"}],"curies":[{"name":"wp","href":"https:\/\/api.w.org\/{rel}","templated":true}]}}